{"id":752,"date":"2024-04-17T11:11:36","date_gmt":"2024-04-17T09:11:36","guid":{"rendered":"https:\/\/www.igs-zeven.de\/wp\/?page_id=752"},"modified":"2024-04-23T20:47:00","modified_gmt":"2024-04-23T18:47:00","slug":"fb-deutsch-religion-wn","status":"publish","type":"page","link":"https:\/\/www.igs-zeven.de\/wp\/?page_id=752","title":{"rendered":"FB 1 &#8211; De, Re, WN"},"content":{"rendered":"\n<p id=\"vorlesewettbewerb\"><strong>Vorlesewettbewerb<\/strong><\/p>\n\n\n\n<p>Jedes Jahr nimmt der 6. Jahrgang am bundesweiten Vorlesewettbewerb teil. Zur Einstimmung findet im Herbst eine Autorenlesung statt. Danach ist die Lust aufs Lesen geweckt und so w\u00e4hlen die Klassen jeweils zwei Sch\u00fcler:innen, die in der Vorweihnachtszeit beim Schulentscheid gegeneinander antreten.<br>Der Vorlesewettbewerb in unserer IGS findet immer in der Schulbibliothek statt. Eine Jury bestehend aus Vertretenden der Samtgemeindebibliothek, der Buchhandlung Lesezeichen, der Politik und Kommunalverwaltung, dem Kliemannsland, der Elternvertretung und des Kollegiums k\u00fcrt den:die Schulsieger:in. Eine heimelige Atmosph\u00e4re und musikalische Untermalung durch weitere Mitsch\u00fcler:innen machen unseren Vorlesewettbewerb zu einem tollen Erlebnis!<\/p>\n","protected":false},"excerpt":{"rendered":"<p>Vorlesewettbewerb Jedes Jahr nimmt der 6. Jahrgang am bundesweiten Vorlesewettbewerb teil. Zur Einstimmung findet im Herbst eine Autorenlesung statt. Danach &hellip; <\/p>\n","protected":false},"author":1,"featured_media":0,"parent":0,"menu_order":0,"comment_status":"closed","ping_status":"closed","template":"","meta":{"pgc_sgb_lightbox_settings":"","footnotes":""},"class_list":["post-752","page","type-page","status-publish","hentry"],"_links":{"self":[{"href":"https:\/\/www.igs-zeven.de\/wp\/index.php?rest_route=\/wp\/v2\/pages\/752","targetHints":{"allow":["GET"]}}],"collection":[{"href":"https:\/\/www.igs-zeven.de\/wp\/index.php?rest_route=\/wp\/v2\/pages"}],"about":[{"href":"https:\/\/www.igs-zeven.de\/wp\/index.php?rest_route=\/wp\/v2\/types\/page"}],"author":[{"embeddable":true,"href":"https:\/\/www.igs-zeven.de\/wp\/index.php?rest_route=\/wp\/v2\/users\/1"}],"replies":[{"embeddable":true,"href":"https:\/\/www.igs-zeven.de\/wp\/index.php?rest_route=%2Fwp%2Fv2%2Fcomments&post=752"}],"version-history":[{"count":5,"href":"https:\/\/www.igs-zeven.de\/wp\/index.php?rest_route=\/wp\/v2\/pages\/752\/revisions"}],"predecessor-version":[{"id":1134,"href":"https:\/\/www.igs-zeven.de\/wp\/index.php?rest_route=\/wp\/v2\/pages\/752\/revisions\/1134"}],"wp:attachment":[{"href":"https:\/\/www.igs-zeven.de\/wp\/index.php?rest_route=%2Fwp%2Fv2%2Fmedia&parent=752"}],"curies":[{"name":"wp","href":"https:\/\/api.w.org\/{rel}","templated":true}]}}