{"id":748,"date":"2024-04-17T11:10:28","date_gmt":"2024-04-17T09:10:28","guid":{"rendered":"https:\/\/www.igs-zeven.de\/wp\/?page_id=748"},"modified":"2025-02-20T08:43:56","modified_gmt":"2025-02-20T07:43:56","slug":"fb-naturwissenschaftten","status":"publish","type":"page","link":"https:\/\/www.igs-zeven.de\/wp\/?page_id=748","title":{"rendered":"FB 5 &#8211; Bio, Che, Phy, Spo"},"content":{"rendered":"\n<p class=\"has-medium-font-size\"><strong>Regelm\u00e4\u00dfige Veranstaltungen im FB <\/strong>5<\/p>\n\n\n\n<p>Vier Abend M\u00e4rsche<\/p>\n\n\n\n<p>Stadtradeln<\/p>\n\n\n\n<p>Sportwoche<\/p>\n\n\n\n<p>Schwimmtag<\/p>\n\n\n\n<p><\/p>\n","protected":false},"excerpt":{"rendered":"<p>Regelm\u00e4\u00dfige Veranstaltungen im FB 5 Vier Abend M\u00e4rsche Stadtradeln Sportwoche Schwimmtag<\/p>\n","protected":false},"author":1,"featured_media":0,"parent":0,"menu_order":0,"comment_status":"closed","ping_status":"closed","template":"","meta":{"pgc_sgb_lightbox_settings":"","footnotes":""},"class_list":["post-748","page","type-page","status-publish","hentry"],"_links":{"self":[{"href":"https:\/\/www.igs-zeven.de\/wp\/index.php?rest_route=\/wp\/v2\/pages\/748","targetHints":{"allow":["GET"]}}],"collection":[{"href":"https:\/\/www.igs-zeven.de\/wp\/index.php?rest_route=\/wp\/v2\/pages"}],"about":[{"href":"https:\/\/www.igs-zeven.de\/wp\/index.php?rest_route=\/wp\/v2\/types\/page"}],"author":[{"embeddable":true,"href":"https:\/\/www.igs-zeven.de\/wp\/index.php?rest_route=\/wp\/v2\/users\/1"}],"replies":[{"embeddable":true,"href":"https:\/\/www.igs-zeven.de\/wp\/index.php?rest_route=%2Fwp%2Fv2%2Fcomments&post=748"}],"version-history":[{"count":6,"href":"https:\/\/www.igs-zeven.de\/wp\/index.php?rest_route=\/wp\/v2\/pages\/748\/revisions"}],"predecessor-version":[{"id":1599,"href":"https:\/\/www.igs-zeven.de\/wp\/index.php?rest_route=\/wp\/v2\/pages\/748\/revisions\/1599"}],"wp:attachment":[{"href":"https:\/\/www.igs-zeven.de\/wp\/index.php?rest_route=%2Fwp%2Fv2%2Fmedia&parent=748"}],"curies":[{"name":"wp","href":"https:\/\/api.w.org\/{rel}","templated":true}]}}