{"id":746,"date":"2024-04-17T11:09:17","date_gmt":"2024-04-17T09:09:17","guid":{"rendered":"https:\/\/www.igs-zeven.de\/wp\/?page_id=746"},"modified":"2024-04-23T20:57:58","modified_gmt":"2024-04-23T18:57:58","slug":"fb-fremdsprachen","status":"publish","type":"page","link":"https:\/\/www.igs-zeven.de\/wp\/?page_id=746","title":{"rendered":"FB 2 &#8211; En, Frz, Sp, Ru"},"content":{"rendered":"\n<p class=\"has-medium-font-size\"><strong>Regelm\u00e4\u00dfige Veranstaltungen im FB 2<\/strong><\/p>\n\n\n\n<p id=\"vorlesewettbewerb\"><strong>Sprachendorf<\/strong><\/p>\n\n\n\n<p>Jedes Jahr finden sich die Sch\u00fcler und Sch\u00fclerinnen des 7. und 8. Jahrgangs in zwei Trakten ein, um einen Tag im Sprachendorf zu verbringen. An vielen liebevoll und mit vielen Requisiten aufgebauten St\u00e4nden informieren sich die Sch\u00fclerinnen und Sch\u00fcler \u00fcber das Angebot und erarbeiten daraufhin an diesem Vormittag Dialoge nach Handlungsanweisungen, die sie den verschiedenen Fremdsprachenlehrkr\u00e4ften vorf\u00fchren.&nbsp;<\/p>\n\n\n\n<p>Die Gesamtleistung an diesem Tag ersetzt in der Wertung eine Klassenarbeit oder z\u00e4hlt als fachspezifischen Leistung. Trotzdem kommt auch der Spa\u00df nicht zu kurz. Viele Sch\u00fcler finden den Vormittag aufregend und sind stolz darauf, dass sie sich in Alltagssituationen so gut in der Fremdsprache behaupten k\u00f6nnen.<\/p>\n\n\n\n<p id=\"delf\"><strong>DELF<\/strong><\/p>\n\n\n\n<p id=\"bigchallenge\"><strong>Big Challenge<\/strong><\/p>\n\n\n\n<p id=\"masleniza\"><strong>Masleniza-Fest<\/strong><\/p>\n\n\n\n<p>Die Maslenitza (w\u00f6rtlich Butterwoche) geh\u00f6rt zu den lustigsten und fr\u00f6hlichsten Festen in Russland. Das Fest ist mit unserem Karneval vergleichbar.<\/p>\n\n\n\n<p>Ende Februar, Anfang M\u00e4rz versinkt ganz Russland f\u00fcr sieben Tage in einem Taumel aus Frohsinn und wildem Treiben. Dazu z\u00e4hlen Rodel- und Wettspiele, das Verbrennen einer gro\u00dfen Strohpuppe und nat\u00fcrlich leckeres Essen. Auf diese Weise vertreibt man in Russ- land den langen, kalten Winter und schlemmt noch einmal eine ganze Woche, bevor die Fastenzeit beginnt. Das traditionelle Essen zu diesem Fest sind die runden gelben Pfann- kuchen, Bliny, welche die Sonne symbolisieren und das Fr\u00fchjahr anlocken sollen.<\/p>\n","protected":false},"excerpt":{"rendered":"<p>Regelm\u00e4\u00dfige Veranstaltungen im FB 2 Sprachendorf Jedes Jahr finden sich die Sch\u00fcler und Sch\u00fclerinnen des 7. und 8. Jahrgangs in &hellip; <\/p>\n","protected":false},"author":1,"featured_media":0,"parent":0,"menu_order":0,"comment_status":"closed","ping_status":"closed","template":"","meta":{"pgc_sgb_lightbox_settings":"","footnotes":""},"class_list":["post-746","page","type-page","status-publish","hentry"],"_links":{"self":[{"href":"https:\/\/www.igs-zeven.de\/wp\/index.php?rest_route=\/wp\/v2\/pages\/746","targetHints":{"allow":["GET"]}}],"collection":[{"href":"https:\/\/www.igs-zeven.de\/wp\/index.php?rest_route=\/wp\/v2\/pages"}],"about":[{"href":"https:\/\/www.igs-zeven.de\/wp\/index.php?rest_route=\/wp\/v2\/types\/page"}],"author":[{"embeddable":true,"href":"https:\/\/www.igs-zeven.de\/wp\/index.php?rest_route=\/wp\/v2\/users\/1"}],"replies":[{"embeddable":true,"href":"https:\/\/www.igs-zeven.de\/wp\/index.php?rest_route=%2Fwp%2Fv2%2Fcomments&post=746"}],"version-history":[{"count":9,"href":"https:\/\/www.igs-zeven.de\/wp\/index.php?rest_route=\/wp\/v2\/pages\/746\/revisions"}],"predecessor-version":[{"id":861,"href":"https:\/\/www.igs-zeven.de\/wp\/index.php?rest_route=\/wp\/v2\/pages\/746\/revisions\/861"}],"wp:attachment":[{"href":"https:\/\/www.igs-zeven.de\/wp\/index.php?rest_route=%2Fwp%2Fv2%2Fmedia&parent=746"}],"curies":[{"name":"wp","href":"https:\/\/api.w.org\/{rel}","templated":true}]}}