{"id":674,"date":"2024-04-15T12:23:20","date_gmt":"2024-04-15T10:23:20","guid":{"rendered":"https:\/\/www.igs-zeven.de\/wp\/?page_id=674"},"modified":"2025-12-05T14:32:23","modified_gmt":"2025-12-05T13:32:23","slug":"anmeldung-zum-schuelertransport","status":"publish","type":"page","link":"https:\/\/www.igs-zeven.de\/wp\/?page_id=674","title":{"rendered":"Antrag Busfahrkarte"},"content":{"rendered":"\n<p>Der Landkreis Rotenburg (W\u00fcmme) als zust\u00e4ndige Stelle f\u00fcr die Beantragung von Busfahrkarten, hat das Verfahren auf eine digitale Antragstellung umgestellt.<\/p>\n\n\n\n<p><a href=\"https:\/\/www.lk-row.de\/buergerservice\/dienstleistungen\/schuelerfahrtkosten-schuelerbefoerderung-900000241-0.html?myMedium=1&amp;auswahl=0\">Auf der Internetseite des Landkreises Rotenburg (W\u00fcmme) finden Sie s\u00e4mtliche relevanten Informationen.<\/a><br><\/p>\n","protected":false},"excerpt":{"rendered":"<p>Der Landkreis Rotenburg (W\u00fcmme) als zust\u00e4ndige Stelle f\u00fcr die Beantragung von Busfahrkarten, hat das Verfahren auf eine digitale Antragstellung umgestellt. &hellip; <\/p>\n","protected":false},"author":1,"featured_media":0,"parent":0,"menu_order":0,"comment_status":"closed","ping_status":"closed","template":"","meta":{"pgc_sgb_lightbox_settings":"","footnotes":""},"class_list":["post-674","page","type-page","status-publish","hentry"],"_links":{"self":[{"href":"https:\/\/www.igs-zeven.de\/wp\/index.php?rest_route=\/wp\/v2\/pages\/674","targetHints":{"allow":["GET"]}}],"collection":[{"href":"https:\/\/www.igs-zeven.de\/wp\/index.php?rest_route=\/wp\/v2\/pages"}],"about":[{"href":"https:\/\/www.igs-zeven.de\/wp\/index.php?rest_route=\/wp\/v2\/types\/page"}],"author":[{"embeddable":true,"href":"https:\/\/www.igs-zeven.de\/wp\/index.php?rest_route=\/wp\/v2\/users\/1"}],"replies":[{"embeddable":true,"href":"https:\/\/www.igs-zeven.de\/wp\/index.php?rest_route=%2Fwp%2Fv2%2Fcomments&post=674"}],"version-history":[{"count":5,"href":"https:\/\/www.igs-zeven.de\/wp\/index.php?rest_route=\/wp\/v2\/pages\/674\/revisions"}],"predecessor-version":[{"id":2376,"href":"https:\/\/www.igs-zeven.de\/wp\/index.php?rest_route=\/wp\/v2\/pages\/674\/revisions\/2376"}],"wp:attachment":[{"href":"https:\/\/www.igs-zeven.de\/wp\/index.php?rest_route=%2Fwp%2Fv2%2Fmedia&parent=674"}],"curies":[{"name":"wp","href":"https:\/\/api.w.org\/{rel}","templated":true}]}}