{"id":585,"date":"2024-04-12T00:21:34","date_gmt":"2024-04-11T22:21:34","guid":{"rendered":"https:\/\/www.igs-zeven.de\/wp\/?page_id=585"},"modified":"2025-02-18T08:18:13","modified_gmt":"2025-02-18T07:18:13","slug":"zevener-bildungsweg","status":"publish","type":"page","link":"https:\/\/www.igs-zeven.de\/wp\/?page_id=585","title":{"rendered":"Zevener Bildungsweg"},"content":{"rendered":"\n<p>Der Modellversuch \u201eZevener Bildungsweg\u201c verfolgt das Ziel, die Sch\u00fcler:innen in der Sekundarstufe I optimal auf den \u00dcbergang in die Sekundarstufe II vorzubereiten und die zu treffenden Entscheidungen zu erleichtern. In den Jahrg\u00e4ngen 9 und 10 erhalten die Sch\u00fcler:innen daher in zwei Stunden pro Woche Unterricht, der sie orientieren soll, welches Profil der kooperierenden Oberstufen das richtige f\u00fcr sie sein k\u00f6nnte und welche Anspr\u00fcche an einen gelingenden Besuch der gymnasialen Oberstufe gestellt werden. <\/p>\n\n\n\n<p>Jeweils in<\/p>\n\n\n\n<p>\u2013 einem Halbjahr: Auswahl zwischen Wirtschaft, Technik oder Gesundheit und Soziales<br>\u2013 dem anderen Halbjahr: Kennenlernen der Profile Sprachen und Gesellschaftswissenschaften<\/p>\n","protected":false},"excerpt":{"rendered":"<p>Der Modellversuch \u201eZevener Bildungsweg\u201c verfolgt das Ziel, die Sch\u00fcler:innen in der Sekundarstufe I optimal auf den \u00dcbergang in die Sekundarstufe &hellip; <\/p>\n","protected":false},"author":1,"featured_media":0,"parent":0,"menu_order":0,"comment_status":"closed","ping_status":"closed","template":"","meta":{"pgc_sgb_lightbox_settings":"","footnotes":""},"class_list":["post-585","page","type-page","status-publish","hentry"],"_links":{"self":[{"href":"https:\/\/www.igs-zeven.de\/wp\/index.php?rest_route=\/wp\/v2\/pages\/585","targetHints":{"allow":["GET"]}}],"collection":[{"href":"https:\/\/www.igs-zeven.de\/wp\/index.php?rest_route=\/wp\/v2\/pages"}],"about":[{"href":"https:\/\/www.igs-zeven.de\/wp\/index.php?rest_route=\/wp\/v2\/types\/page"}],"author":[{"embeddable":true,"href":"https:\/\/www.igs-zeven.de\/wp\/index.php?rest_route=\/wp\/v2\/users\/1"}],"replies":[{"embeddable":true,"href":"https:\/\/www.igs-zeven.de\/wp\/index.php?rest_route=%2Fwp%2Fv2%2Fcomments&post=585"}],"version-history":[{"count":2,"href":"https:\/\/www.igs-zeven.de\/wp\/index.php?rest_route=\/wp\/v2\/pages\/585\/revisions"}],"predecessor-version":[{"id":1598,"href":"https:\/\/www.igs-zeven.de\/wp\/index.php?rest_route=\/wp\/v2\/pages\/585\/revisions\/1598"}],"wp:attachment":[{"href":"https:\/\/www.igs-zeven.de\/wp\/index.php?rest_route=%2Fwp%2Fv2%2Fmedia&parent=585"}],"curies":[{"name":"wp","href":"https:\/\/api.w.org\/{rel}","templated":true}]}}