{"id":563,"date":"2024-04-11T18:54:15","date_gmt":"2024-04-11T16:54:15","guid":{"rendered":"https:\/\/www.igs-zeven.de\/wp\/?page_id=563"},"modified":"2024-11-11T12:56:39","modified_gmt":"2024-11-11T11:56:39","slug":"schule-mit-courage","status":"publish","type":"page","link":"https:\/\/www.igs-zeven.de\/wp\/?page_id=563","title":{"rendered":"Schule mit Courage"},"content":{"rendered":"\n<p>Seit 2018 sind wir &#8222;Schule ohne Rassismus &#8211; Schule mit Courage&#8220;.<\/p>\n\n\n\n<p>Unser Kooperationspartner ist das Kliemannsland, au\u00dferdem arbeiten wir regelm\u00e4\u00dfig mit der Gedenkst\u00e4tte Lager Sandbostel zusammen.<\/p>\n\n\n\n<p>Weitere Veranstaltungen fanden unter anderem mit Mo Asumang (&#8222;Mo und die Arier&#8220;) und der Drag Queen Veuve noire (&#8222;Olivia macht Schule&#8220;) statt.<\/p>\n\n\n\n<figure class=\"wp-block-image size-large\"><img loading=\"lazy\" decoding=\"async\" width=\"1024\" height=\"1024\" src=\"https:\/\/www.igs-zeven.de\/wp\/wordpress\/wp-content\/uploads\/2024\/11\/Wir-sind-bunt-1024x1024.jpg\" alt=\"\" class=\"wp-image-1302\" srcset=\"https:\/\/www.igs-zeven.de\/wp\/wordpress\/wp-content\/uploads\/2024\/11\/Wir-sind-bunt-1024x1024.jpg 1024w, https:\/\/www.igs-zeven.de\/wp\/wordpress\/wp-content\/uploads\/2024\/11\/Wir-sind-bunt-300x300.jpg 300w, https:\/\/www.igs-zeven.de\/wp\/wordpress\/wp-content\/uploads\/2024\/11\/Wir-sind-bunt-150x150.jpg 150w, https:\/\/www.igs-zeven.de\/wp\/wordpress\/wp-content\/uploads\/2024\/11\/Wir-sind-bunt-768x768.jpg 768w, https:\/\/www.igs-zeven.de\/wp\/wordpress\/wp-content\/uploads\/2024\/11\/Wir-sind-bunt-1536x1536.jpg 1536w, https:\/\/www.igs-zeven.de\/wp\/wordpress\/wp-content\/uploads\/2024\/11\/Wir-sind-bunt-2048x2048.jpg 2048w\" sizes=\"auto, (max-width: 1024px) 100vw, 1024px\" \/><figcaption class=\"wp-element-caption\">Created with GIMP<\/figcaption><\/figure>\n","protected":false},"excerpt":{"rendered":"<p>Seit 2018 sind wir &#8222;Schule ohne Rassismus &#8211; Schule mit Courage&#8220;. Unser Kooperationspartner ist das Kliemannsland, au\u00dferdem arbeiten wir regelm\u00e4\u00dfig &hellip; <\/p>\n","protected":false},"author":1,"featured_media":0,"parent":0,"menu_order":0,"comment_status":"closed","ping_status":"closed","template":"","meta":{"pgc_sgb_lightbox_settings":"","footnotes":""},"class_list":["post-563","page","type-page","status-publish","hentry"],"_links":{"self":[{"href":"https:\/\/www.igs-zeven.de\/wp\/index.php?rest_route=\/wp\/v2\/pages\/563","targetHints":{"allow":["GET"]}}],"collection":[{"href":"https:\/\/www.igs-zeven.de\/wp\/index.php?rest_route=\/wp\/v2\/pages"}],"about":[{"href":"https:\/\/www.igs-zeven.de\/wp\/index.php?rest_route=\/wp\/v2\/types\/page"}],"author":[{"embeddable":true,"href":"https:\/\/www.igs-zeven.de\/wp\/index.php?rest_route=\/wp\/v2\/users\/1"}],"replies":[{"embeddable":true,"href":"https:\/\/www.igs-zeven.de\/wp\/index.php?rest_route=%2Fwp%2Fv2%2Fcomments&post=563"}],"version-history":[{"count":4,"href":"https:\/\/www.igs-zeven.de\/wp\/index.php?rest_route=\/wp\/v2\/pages\/563\/revisions"}],"predecessor-version":[{"id":1303,"href":"https:\/\/www.igs-zeven.de\/wp\/index.php?rest_route=\/wp\/v2\/pages\/563\/revisions\/1303"}],"wp:attachment":[{"href":"https:\/\/www.igs-zeven.de\/wp\/index.php?rest_route=%2Fwp%2Fv2%2Fmedia&parent=563"}],"curies":[{"name":"wp","href":"https:\/\/api.w.org\/{rel}","templated":true}]}}