{"id":515,"date":"2024-04-11T15:28:21","date_gmt":"2024-04-11T13:28:21","guid":{"rendered":"https:\/\/www.igs-zeven.de\/wp\/?page_id=515"},"modified":"2025-03-31T23:48:10","modified_gmt":"2025-03-31T21:48:10","slug":"kontaktformular","status":"publish","type":"page","link":"https:\/\/www.igs-zeven.de\/wp\/?page_id=515","title":{"rendered":"Kontaktformular"},"content":{"rendered":"\n<p>Der Kontakt \u00fcber das Kontaktformular funktioniert noch nicht verl\u00e4sslich, bitte nutzen Sie die anderen <a href=\"https:\/\/www.igs-zeven.de\/wp\/?page_id=67\" data-type=\"page\" data-id=\"67\">Kontaktm\u00f6glichkeiten.<\/a><\/p>\n\n\n\n<hr class=\"wp-block-separator has-alpha-channel-opacity is-style-wide\"\/>\n\n\n<div class=\"everest-forms\"><div class=\"evf-container default\" id=\"evf-1659\"><form id=\"evf-form-1659\" class=\"everest-form\" data-formid=\"1659\" data-ajax_submission=\"0\" data-keyboard_friendly_form=\"0\" data-form_state_type=\"\" method=\"post\" enctype=\"multipart\/form-data\" action=\"\/wp\/index.php?rest_route=%2Fwp%2Fv2%2Fpages%2F515\"><div class=\"evf-field-container\"><input type=\"hidden\" id=\"_wpnonce1659\" name=\"_wpnonce1659\" value=\"313579d834\" \/><input type=\"hidden\" name=\"_wp_http_referer\" value=\"\/wp\/index.php?rest_route=%2Fwp%2Fv2%2Fpages%2F515\" \/><div class=\"evf-frontend-row\" data-row=\"row_1\" conditional_rules=\"[]\"><div class=\"evf-frontend-grid evf-grid-1\" data-grid=\"grid_1\"><div id=\"evf-1659-field_ys0GeZISRs-1-container\" class=\"evf-field evf-field-first-name form-row validate-required\" data-required-field-message=\"This field is required.\" data-field-id=\"ys0GeZISRs-1\"><label class=\"evf-field-label\" for=\"evf-1659-field_ys0GeZISRs-1\"><span class=\"evf-label\">Name<\/span> <abbr class=\"required\" title=\"Required\">*<\/abbr><\/label><input type=\"text\" id=\"evf-1659-field_ys0GeZISRs-1\" class=\"input-text\" name=\"everest_forms[form_fields][ys0GeZISRs-1]\" required><\/div><div id=\"evf-1659-field_LbH5NxasXM-2-container\" class=\"evf-field evf-field-email form-row validate-required validate-email\" data-required-field-message=\"Please enter a valid email address.\" data-field-id=\"LbH5NxasXM-2\"><label class=\"evf-field-label\" for=\"evf-1659-field_LbH5NxasXM-2\"><span class=\"evf-label\">Email<\/span> <abbr class=\"required\" title=\"Required\">*<\/abbr><\/label><input type=\"email\" id=\"evf-1659-field_LbH5NxasXM-2\" class=\"input-text\" name=\"everest_forms[form_fields][LbH5NxasXM-2]\" required ><\/div><div id=\"evf-1659-field_66FR384cge-3-container\" class=\"evf-field evf-field-text form-row validate-required\" data-required-field-message=\"This field is required.\" data-field-id=\"66FR384cge-3\"><label class=\"evf-field-label\" for=\"evf-1659-field_66FR384cge-3\"><span class=\"evf-label\">Betreff<\/span> <abbr class=\"required\" title=\"Required\">*<\/abbr><\/label><input type=\"text\" id=\"evf-1659-field_66FR384cge-3\" class=\"input-text\" name=\"everest_forms[form_fields][66FR384cge-3]\" required><\/div><div id=\"evf-1659-field_MftIC65ccs-5-container\" class=\"evf-field evf-field-select form-row validate-required\" data-required-field-message=\"This field is required.\" data-field-id=\"MftIC65ccs-5\"><label class=\"evf-field-label\" for=\"evf-1659-field_MftIC65ccs-5\"><span class=\"evf-label\">Die Nachricht ist bestimmt f\u00fcr<\/span> <abbr class=\"required\" title=\"Required\">*<\/abbr><\/label><select id=\"evf-1659-field_MftIC65ccs-5\" class=\"input-text evf-field-required\" name=\"everest_forms[form_fields][MftIC65ccs-5]\" required=\"required\" ><option value=\"die Schulleitung\" >die Schulleitung<\/option><option value=\"das Sekretariat\" >das Sekretariat<\/option><option value=\"einen bestimmten Jahrgang\" >einen bestimmten Jahrgang<\/option><option value=\"das Biblioitheksteam\" >das Biblioitheksteam<\/option><option value=\"die Homepageadministratoren\" >die Homepageadministratoren<\/option><\/select><\/div><div id=\"evf-1659-field_yhGx3FOwr2-4-container\" class=\"evf-field evf-field-textarea form-row validate-required\" data-required-field-message=\"This field is required.\" data-field-id=\"yhGx3FOwr2-4\"><label class=\"evf-field-label\" for=\"evf-1659-field_yhGx3FOwr2-4\"><span class=\"evf-label\">Nachricht<\/span> <abbr class=\"required\" title=\"Required\">*<\/abbr><\/label><textarea id=\"evf-1659-field_yhGx3FOwr2-4\" class=\"input-text\" name=\"everest_forms[form_fields][yhGx3FOwr2-4]\" required ><\/textarea><\/div><\/div><\/div><div class=\"evf-frontend-row\" data-row=\"row_2\" conditional_rules=\"[]\"><div class=\"evf-frontend-grid evf-grid-1\" data-grid=\"grid_1\"><\/div><\/div><\/div><div class=\"evf-honeypot-container evf-field-hp\"><label for=\"evf-1659-field-hp\" class=\"evf-field-label\">Comment<\/label><input type=\"text\" name=\"everest_forms[hp]\" id=\"evf-1659-field-hp\" class=\"input-text\"><\/div><div class=\"evf-submit-container \" ><input type=\"hidden\" name=\"everest_forms[id]\" value=\"1659\"><input type=\"hidden\" name=\"everest_forms[author]\" value=\"1\"><button type='submit' name='everest_forms[submit]' class='everest-forms-submit-button button evf-submit ' id='evf-submit-1659' value='evf-submit' data-process-text=\"Nachricht wird gesendet\" conditional_rules='&quot;&quot;' conditional_id='evf-submit-1659'  id=\"evf-submit-1659\" aria-live=\"assertive\">Nachricht senden<\/button><\/div><\/form><\/div><!-- .evf-container --><\/div>\n\n\n\n<p><\/p>\n","protected":false},"excerpt":{"rendered":"<p>Der Kontakt \u00fcber das Kontaktformular funktioniert noch nicht verl\u00e4sslich, bitte nutzen Sie die anderen Kontaktm\u00f6glichkeiten.<\/p>\n","protected":false},"author":1,"featured_media":0,"parent":0,"menu_order":0,"comment_status":"closed","ping_status":"closed","template":"","meta":{"pgc_sgb_lightbox_settings":"","footnotes":""},"class_list":["post-515","page","type-page","status-publish","hentry"],"_links":{"self":[{"href":"https:\/\/www.igs-zeven.de\/wp\/index.php?rest_route=\/wp\/v2\/pages\/515","targetHints":{"allow":["GET"]}}],"collection":[{"href":"https:\/\/www.igs-zeven.de\/wp\/index.php?rest_route=\/wp\/v2\/pages"}],"about":[{"href":"https:\/\/www.igs-zeven.de\/wp\/index.php?rest_route=\/wp\/v2\/types\/page"}],"author":[{"embeddable":true,"href":"https:\/\/www.igs-zeven.de\/wp\/index.php?rest_route=\/wp\/v2\/users\/1"}],"replies":[{"embeddable":true,"href":"https:\/\/www.igs-zeven.de\/wp\/index.php?rest_route=%2Fwp%2Fv2%2Fcomments&post=515"}],"version-history":[{"count":16,"href":"https:\/\/www.igs-zeven.de\/wp\/index.php?rest_route=\/wp\/v2\/pages\/515\/revisions"}],"predecessor-version":[{"id":2107,"href":"https:\/\/www.igs-zeven.de\/wp\/index.php?rest_route=\/wp\/v2\/pages\/515\/revisions\/2107"}],"wp:attachment":[{"href":"https:\/\/www.igs-zeven.de\/wp\/index.php?rest_route=%2Fwp%2Fv2%2Fmedia&parent=515"}],"curies":[{"name":"wp","href":"https:\/\/api.w.org\/{rel}","templated":true}]}}