{"id":502,"date":"2024-04-11T14:53:15","date_gmt":"2024-04-11T12:53:15","guid":{"rendered":"https:\/\/www.igs-zeven.de\/wp\/?page_id=502"},"modified":"2024-05-07T18:29:13","modified_gmt":"2024-05-07T16:29:13","slug":"regelmaessige-veranstaltungen","status":"publish","type":"page","link":"https:\/\/www.igs-zeven.de\/wp\/?page_id=502","title":{"rendered":"Regelm\u00e4\u00dfige Veranstaltungen, Projekte und Angebote"},"content":{"rendered":"\n<p>Regelm\u00e4\u00dfig nehmen Sch\u00fcler:innen der IGS Zeven an unterschiedlichsten Projekten und Veranstaltungen teil, oder organisieren diese selbst und f\u00fchren sie in der Schule durch.<\/p>\n\n\n\n<p class=\"has-medium-font-size\"><strong>Kultur<\/strong><\/p>\n\n\n\n<p>Kunst im Rahmen<\/p>\n\n\n\n<p class=\"has-medium-font-size\"><strong>Soziale Projekte<\/strong><\/p>\n\n\n\n<p>Wir sind stark<\/p>\n\n\n\n<p>Verr\u00fcckt? Na und!<\/p>\n\n\n\n<p>Tischgruppentraining<\/p>\n\n\n\n<p class=\"has-medium-font-size\"><strong>Sprachen<\/strong><\/p>\n\n\n\n<p><a href=\"https:\/\/www.igs-zeven.de\/wp\/?page_id=752#vorlesewettbewerb\" data-type=\"page\" data-id=\"752\">Vorlesewettbewerb<\/a><\/p>\n\n\n\n<p><a href=\"https:\/\/www.igs-zeven.de\/wp\/?page_id=746#sprachendorf\" data-type=\"page\" data-id=\"746\">Sprachendorf<\/a><\/p>\n\n\n\n<p><a href=\"https:\/\/www.igs-zeven.de\/wp\/?page_id=746#delf\" data-type=\"page\" data-id=\"746\">DELF<\/a><\/p>\n\n\n\n<p><a href=\"https:\/\/www.igs-zeven.de\/wp\/?page_id=746#bigchallenge\" data-type=\"page\" data-id=\"746\">Big Challenge<\/a><\/p>\n\n\n\n<p><a href=\"https:\/\/www.igs-zeven.de\/wp\/?page_id=746#masleniza\" data-type=\"page\" data-id=\"746\">Masleniza-Fest<\/a><\/p>\n\n\n\n<p>Polen-Austausch <\/p>\n\n\n\n<p class=\"has-medium-font-size\"><strong>Mathematik und Naturwissenschaften<\/strong><\/p>\n\n\n\n<p><a href=\"https:\/\/www.igs-zeven.de\/wp\/?page_id=744#mathenacht\" data-type=\"page\" data-id=\"744\">Lange Nacht der Mathematik<\/a><\/p>\n\n\n\n<p class=\"has-medium-font-size\"><strong>Berufsorientierung<\/strong><\/p>\n\n\n\n<p>Zukunftstag<\/p>\n\n\n\n<p>Berufswegeparcours<\/p>\n\n\n\n<p>Jump!<\/p>\n\n\n\n<p class=\"has-medium-font-size\"><strong>Sport und Bewegung<\/strong><\/p>\n\n\n\n<p>Vier Abend M\u00e4rsche<\/p>\n\n\n\n<p>Stadtradeln<\/p>\n\n\n\n<p>Sportwoche<\/p>\n\n\n\n<p>Schwimmtag<\/p>\n\n\n\n<p class=\"has-medium-font-size\"><strong>Gesellschaftslehre<\/strong> <\/p>\n\n\n\n<p><a href=\"https:\/\/www.igs-zeven.de\/wp\/?page_id=742\" data-type=\"page\" data-id=\"742\">Anne Frank Tag<\/a><\/p>\n\n\n\n<p><a href=\"https:\/\/www.igs-zeven.de\/wp\/?page_id=742\" data-type=\"page\" data-id=\"742\">Besuch einer Gedenkst\u00e4tte<\/a><\/p>\n\n\n\n<div class=\"wp-block-group is-vertical is-layout-flex wp-container-core-group-is-layout-8cf370e7 wp-block-group-is-layout-flex\"><\/div>\n","protected":false},"excerpt":{"rendered":"<p>Regelm\u00e4\u00dfig nehmen Sch\u00fcler:innen der IGS Zeven an unterschiedlichsten Projekten und Veranstaltungen teil, oder organisieren diese selbst und f\u00fchren sie in &hellip; <\/p>\n","protected":false},"author":1,"featured_media":0,"parent":0,"menu_order":0,"comment_status":"closed","ping_status":"closed","template":"","meta":{"pgc_sgb_lightbox_settings":"","footnotes":""},"class_list":["post-502","page","type-page","status-publish","hentry"],"_links":{"self":[{"href":"https:\/\/www.igs-zeven.de\/wp\/index.php?rest_route=\/wp\/v2\/pages\/502","targetHints":{"allow":["GET"]}}],"collection":[{"href":"https:\/\/www.igs-zeven.de\/wp\/index.php?rest_route=\/wp\/v2\/pages"}],"about":[{"href":"https:\/\/www.igs-zeven.de\/wp\/index.php?rest_route=\/wp\/v2\/types\/page"}],"author":[{"embeddable":true,"href":"https:\/\/www.igs-zeven.de\/wp\/index.php?rest_route=\/wp\/v2\/users\/1"}],"replies":[{"embeddable":true,"href":"https:\/\/www.igs-zeven.de\/wp\/index.php?rest_route=%2Fwp%2Fv2%2Fcomments&post=502"}],"version-history":[{"count":13,"href":"https:\/\/www.igs-zeven.de\/wp\/index.php?rest_route=\/wp\/v2\/pages\/502\/revisions"}],"predecessor-version":[{"id":1230,"href":"https:\/\/www.igs-zeven.de\/wp\/index.php?rest_route=\/wp\/v2\/pages\/502\/revisions\/1230"}],"wp:attachment":[{"href":"https:\/\/www.igs-zeven.de\/wp\/index.php?rest_route=%2Fwp%2Fv2%2Fmedia&parent=502"}],"curies":[{"name":"wp","href":"https:\/\/api.w.org\/{rel}","templated":true}]}}