{"id":495,"date":"2024-04-11T14:43:28","date_gmt":"2024-04-11T12:43:28","guid":{"rendered":"https:\/\/www.igs-zeven.de\/wp\/?page_id=495"},"modified":"2024-04-14T22:17:35","modified_gmt":"2024-04-14T20:17:35","slug":"profile","status":"publish","type":"page","link":"https:\/\/www.igs-zeven.de\/wp\/?page_id=495","title":{"rendered":"Unsere Profile"},"content":{"rendered":"\n<p><strong>Zusammen in einem Profil lernen bedeutet\u2026<\/strong><\/p>\n\n\n\n<ul class=\"wp-block-list\">\n<li>bereits ab Klasse 11 eine Gemeinschaft aufbauen<\/li>\n\n\n\n<li>viel Unterricht gemeinsam haben<\/li>\n\n\n\n<li>(profil-) f\u00e4cher\u00fcbergreifende Projekte durchf\u00fchren<\/li>\n\n\n\n<li>ein thematisch verkn\u00fcpftes Seminarfach ausw\u00e4hlen<\/li>\n\n\n\n<li>eine gemeinsame Studienfahrt unternehmen (im 1. Halbjahr von Klasse 13)<\/li>\n\n\n\n<li>au\u00dferschulische Lernorte besuchen<\/li>\n<\/ul>\n\n\n\n<p>Es gibt bei uns folgende Profile:<\/p>\n\n\n\n<h2 class=\"wp-block-heading has-large-font-size\">Das gesellschaftswissenschaftliche Profil<\/h2>\n\n\n\n<p><strong>Ich w\u00e4hle das gesellschaftswissenschaftliche Profil, wenn\u2026<\/strong><\/p>\n\n\n\n<ul class=\"wp-block-list\">\n<li>\u2026 ich mich f\u00fcr die F\u00e4cher Geschichte, Erdkunde, Politik-Wirtschaft und Gesellschaftslehre begeistern kann.<\/li>\n\n\n\n<li>\u2026 ich mich f\u00fcr gesellschaftliche Zusammenh\u00e4nge in Vergangenheit und Gegenwart (sowie Zukunft) interessiere.<\/li>\n\n\n\n<li>\u2026 ich gerne mit neuen Medien arbeite.<\/li>\n\n\n\n<li>\u2026 ich gerne diskutiere (auch mit den Lehrkr\u00e4ften) und (insbesondere) geschichtliche, geografische, wirtschaftliche und politische Ereignisse kritisch hinterfrage.<\/li>\n\n\n\n<li>\u2026 ich mich f\u00fcr den Umweltschutz interessiere und gerne nachhaltig handeln m\u00f6chte.<\/li>\n\n\n\n<li>\u2026 ich Lust habe, durch unsere Studienfahrten Deutschland und Europa zu entdecken.<\/li>\n<\/ul>\n\n\n\n<p>Auch im gesellschaftswissenschaftlichen Profil gibt es die ganze Bandbreite:<\/p>\n\n\n\n<ul class=\"wp-block-list\">\n<li>Geschichte<\/li>\n\n\n\n<li>Deutsch oder Englisch<\/li>\n\n\n\n<li>Erdkunde oder Politik-Wirtschaft auf erh\u00f6htem Niveau = 15 Std.<\/li>\n<\/ul>\n\n\n\n<p><\/p>\n\n\n\n<h2 class=\"wp-block-heading alignwide is-style-default has-large-font-size\" id=\"we-re-a-studio-in-berlin-with-an-international-practice-in-architecture-urban-planning-and-interior-design-we-believe-in-sharing-knowledge-and-promoting-dialogue-to-increase-the-creative-potential-of-collaboration\" style=\"line-height:1.1\">Das sprachliche Profil<\/h2>\n\n\n\n<p><strong>Ich w\u00e4hle das sprachliche Profil, wenn\u2026<\/strong><\/p>\n\n\n\n<ul class=\"wp-block-list\">\n<li>\u2026 ich gro\u00dfes Interesse an anderen Kulturen und L\u00e4ndern habe.<\/li>\n\n\n\n<li>\u2026 ich offen bin und den Dialog mag.<\/li>\n\n\n\n<li>\u2026 ich interkulturell dazulernen will.<\/li>\n\n\n\n<li>\u2026 ich gern mehrsprachig lese.<\/li>\n\n\n\n<li>\u2026 ich meine beruflichen Chancen vervielfachen m\u00f6chte<\/li>\n\n\n\n<li>\u2026 ich mich f\u00fcr ein Auslandspraktikum interessiere.<\/li>\n\n\n\n<li>\u2026 ich mich gern auf eine \u201eReise\u201c begebe.<\/li>\n<\/ul>\n\n\n\n<p>Wir meinen es ernst mit dem Wort SPRACHENprofil:<\/p>\n\n\n\n<ul class=\"wp-block-list\">\n<li>Deutsch<\/li>\n\n\n\n<li>Englisch und<\/li>\n\n\n\n<li>Geschichte&nbsp;auf Englisch&nbsp;auf erh\u00f6htem Niveau = 15 Std.<\/li>\n<\/ul>\n\n\n\n<p>Dazu:<\/p>\n\n\n\n<ul class=\"wp-block-list\">\n<li>eine zweite Fremdsprache: Franz\u00f6sisch, Russisch o. Spanisch<\/li>\n\n\n\n<li>Darstellendes Spiel&nbsp;auf Englisch<\/li>\n<\/ul>\n\n\n\n<p><\/p>\n\n\n\n<h2 class=\"wp-block-heading has-large-font-size\">Und ein mathematisch-naturwissenschaftliches Profil?<\/h2>\n\n\n\n<p><strong>Was mache ich, wenn ich mich f\u00fcr ein mathematisch-naturwissenschaftliches Profil interessier<\/strong>e?<\/p>\n\n\n\n<p>Eine M\u00f6glichkeit, dem mathematisch-naturwissenschaftlichen Interesse nachzukommen, besteht in der Wahl des gesellschaftswissenschaftlichen Profils: Mathematik und eine Naturwissenschaft als 4. und 5. Pr\u00fcfungsfach, erg\u00e4nzt um eine weitere Naturwissenschaft im Stundenplan.<\/p>\n\n\n\n<ul class=\"wp-block-list\">\n<li>Sprecht uns bei Interesse gerne an!<\/li>\n<\/ul>\n\n\n\n<p>Weitere F\u00e4cher und Wahlm\u00f6glichkeiten in den Profilen findet man&nbsp;<a href=\"https:\/\/www.igs-zeven.de\/wp\/?page_id=617\" data-type=\"page\" data-id=\"617\">HIER<\/a><\/p>\n\n\n\n<p><\/p>\n","protected":false},"excerpt":{"rendered":"<p>Zusammen in einem Profil lernen bedeutet\u2026 Es gibt bei uns folgende Profile: Das gesellschaftswissenschaftliche Profil Ich w\u00e4hle das gesellschaftswissenschaftliche Profil, &hellip; <\/p>\n","protected":false},"author":1,"featured_media":0,"parent":0,"menu_order":0,"comment_status":"closed","ping_status":"closed","template":"","meta":{"pgc_sgb_lightbox_settings":"","footnotes":""},"class_list":["post-495","page","type-page","status-publish","hentry"],"_links":{"self":[{"href":"https:\/\/www.igs-zeven.de\/wp\/index.php?rest_route=\/wp\/v2\/pages\/495","targetHints":{"allow":["GET"]}}],"collection":[{"href":"https:\/\/www.igs-zeven.de\/wp\/index.php?rest_route=\/wp\/v2\/pages"}],"about":[{"href":"https:\/\/www.igs-zeven.de\/wp\/index.php?rest_route=\/wp\/v2\/types\/page"}],"author":[{"embeddable":true,"href":"https:\/\/www.igs-zeven.de\/wp\/index.php?rest_route=\/wp\/v2\/users\/1"}],"replies":[{"embeddable":true,"href":"https:\/\/www.igs-zeven.de\/wp\/index.php?rest_route=%2Fwp%2Fv2%2Fcomments&post=495"}],"version-history":[{"count":9,"href":"https:\/\/www.igs-zeven.de\/wp\/index.php?rest_route=\/wp\/v2\/pages\/495\/revisions"}],"predecessor-version":[{"id":637,"href":"https:\/\/www.igs-zeven.de\/wp\/index.php?rest_route=\/wp\/v2\/pages\/495\/revisions\/637"}],"wp:attachment":[{"href":"https:\/\/www.igs-zeven.de\/wp\/index.php?rest_route=%2Fwp%2Fv2%2Fmedia&parent=495"}],"curies":[{"name":"wp","href":"https:\/\/api.w.org\/{rel}","templated":true}]}}