{"id":482,"date":"2024-04-11T14:38:13","date_gmt":"2024-04-11T12:38:13","guid":{"rendered":"https:\/\/www.igs-zeven.de\/wp\/?page_id=482"},"modified":"2025-02-17T20:21:37","modified_gmt":"2025-02-17T19:21:37","slug":"geschichte-unserer-igs","status":"publish","type":"page","link":"https:\/\/www.igs-zeven.de\/wp\/?page_id=482","title":{"rendered":"Geschichte unserer IGS"},"content":{"rendered":"\n<p>In Zeven gab es bis zum Schuljahr 2004\/05 die Orientierungsstufe, eine Haupt- und eine Realschule. Nach Abschaffung der Orientierungsstufe zog die Hauptschule in das nun freie Geb\u00e4ude in der Kanalstra\u00dfe ein, die Realschule verblieb am Schulstandort L\u00fchnenfeld.<br>Im Schuljahr 2011\/12 wurde die C.-F.-Gau\u00df-Oberschule Zeven aus der bisherigen eigenst\u00e4ndigen C.-F.-Gau\u00df-Hauptschule und der C.-F.-Gau\u00df-Realschule Zeven gegr\u00fcndet.<br>Am 16. September 2013 beantragte der Schulelternrat der Oberschule Zeven die Umwandlung der Carl-Friedrich-Gau\u00df-Oberschule in eine Integrierte Gesamtschule (IGS).<br>Am 21. Januar 2015 fand im Elsdorfer Hof in Elsdorf eine erste allgemeine Informationsveranstaltung und Diskussion statt. Bei dieser Veranstaltung konnten sich interessierte Eltern \u00fcber den Planungsstand der IGS Zeven informieren.<br>Am 09.Februar 2015 fand in der Carl-Friedrich-Gau\u00df-Oberschule im Geb\u00e4ude an der Kanalstra\u00dfe ein Infoabend zur neuen IGS Zeven statt. <\/p>\n\n\n\n<p>Anders als bisher hatten die eingeladenen Eltern diesmal die M\u00f6glichkeit, sich an verschiedenen Stationen \u00fcber die Arbeit und den Planungsstand der IGS Zeven zu informieren und mit den Mitgliedern der Planungsgruppe ins Gespr\u00e4ch zu kommen.<br>Am 18. M\u00e4rz 2015 fand im Hotel Paulsen in Zeven der dritte Infoabend im Zuge der Reihe \u201eEltern gestalten ihre Schule mit\u201c zum Thema Noten oder Lernentwicklungsberichte f\u00fcr die zuk\u00fcnftige IGS in Zeven statt.<br>Mit der Zusammenlegung der beiden Schulstandorte L\u00fchnenfeld und Kanalstra\u00dfe an den Standort Kanalstra\u00dfe wurde schnell deutlich, dass ein Neubau bzw. ein Anbau notwendig wurde.<\/p>\n\n\n\n<p>Am 29. Januar 2015 wurde vom damalige Samtgemeindeb\u00fcrgermeister Herrn Husemann und Herrn Falk von der Firma Z\u00fcblin der Vertrag zum Schulausbau an der Kanalstra\u00dfe unterzeichnet. Anschlie\u00dfend werden dem Rat der Samtgemeinde Zeven in einer \u00f6ffentlichen Sitzung die Baupl\u00e4ne vorgestellt<\/p>\n\n\n\n<p>Die Bauarbeiten daf\u00fcr begannen nach Ostern 2015. Im ersten Schritt wurde der Neubau auf der freien Fl\u00e4che hinter dem Schulgeb\u00e4ude an der Kanalstra\u00dfe errichtet.<br>Danach erfolgte die Sanierung des vorhandenen Schulgeb\u00e4udes. Eine Ausnahme bildete der eingeschossige Anbau. Dieser wurde erst nach Fertigstellung und Sanierung der Schule renoviert.<\/p>\n\n\n\n<p>Der mit dem Umzug freiwerdende Altbau wurde ab dem 18. M\u00e4rz 2016 saniert und konnte nach den Herbstferien 2016 wieder von Sch\u00fcler:innen und Lehrer:innen genutzt werden.<\/p>\n\n\n\n<p>Einen Tag nach den Osterferien, am Montag, den 4. April 2016 konnte der Neubau bezogen werden. Die offizielle Einweihung des Neubaus fand im Herbst 2016 statt.<\/p>\n","protected":false},"excerpt":{"rendered":"<p>In Zeven gab es bis zum Schuljahr 2004\/05 die Orientierungsstufe, eine Haupt- und eine Realschule. Nach Abschaffung der Orientierungsstufe zog &hellip; <\/p>\n","protected":false},"author":1,"featured_media":0,"parent":0,"menu_order":0,"comment_status":"closed","ping_status":"closed","template":"","meta":{"pgc_sgb_lightbox_settings":"","footnotes":""},"class_list":["post-482","page","type-page","status-publish","hentry"],"_links":{"self":[{"href":"https:\/\/www.igs-zeven.de\/wp\/index.php?rest_route=\/wp\/v2\/pages\/482","targetHints":{"allow":["GET"]}}],"collection":[{"href":"https:\/\/www.igs-zeven.de\/wp\/index.php?rest_route=\/wp\/v2\/pages"}],"about":[{"href":"https:\/\/www.igs-zeven.de\/wp\/index.php?rest_route=\/wp\/v2\/types\/page"}],"author":[{"embeddable":true,"href":"https:\/\/www.igs-zeven.de\/wp\/index.php?rest_route=\/wp\/v2\/users\/1"}],"replies":[{"embeddable":true,"href":"https:\/\/www.igs-zeven.de\/wp\/index.php?rest_route=%2Fwp%2Fv2%2Fcomments&post=482"}],"version-history":[{"count":4,"href":"https:\/\/www.igs-zeven.de\/wp\/index.php?rest_route=\/wp\/v2\/pages\/482\/revisions"}],"predecessor-version":[{"id":1595,"href":"https:\/\/www.igs-zeven.de\/wp\/index.php?rest_route=\/wp\/v2\/pages\/482\/revisions\/1595"}],"wp:attachment":[{"href":"https:\/\/www.igs-zeven.de\/wp\/index.php?rest_route=%2Fwp%2Fv2%2Fmedia&parent=482"}],"curies":[{"name":"wp","href":"https:\/\/api.w.org\/{rel}","templated":true}]}}