{"id":478,"date":"2024-04-11T14:37:06","date_gmt":"2024-04-11T12:37:06","guid":{"rendered":"https:\/\/www.igs-zeven.de\/wp\/?page_id=478"},"modified":"2024-04-23T12:01:45","modified_gmt":"2024-04-23T10:01:45","slug":"ueber-uns","status":"publish","type":"page","link":"https:\/\/www.igs-zeven.de\/wp\/?page_id=478","title":{"rendered":"\u00dcber uns"},"content":{"rendered":"\n<p>Wir, die Carl-Friedrich-Gau\u00df-Schule, sind eine integrierte Gesamtschule in Zeven.<br>Unser Namensgeber, Carl-Friedrich-Gau\u00df, der am 30. April 1777 in Braunschweig geboren wurde und am 23. Februar 1855 in G\u00f6ttingen verstarb, war einer der bedeutendsten Mathematiker Deutschlands.<br>In Verbindung mit der Landvermessung im K\u00f6nigreich Hannover kam Gau\u00df im Jahr 1824 nach Zeven. Er nutzte den Kirchturm der St.-Viti-Kirche, um von dort aus seine Messungen vorzunehmen. Sein Aufenthalt bei uns endete 1825.<br>Viele Schulen in Deutschland tragen zwar den gleichen Namen wie unsere Schule, sie haben oder hatten aber nicht unbedingt etwas mit dem Mathematiker zu tun. Das Besondere ist also, dass Gau\u00df auch wirklich f\u00fcr einige Zeit in unserem Ort gelebt hat. Somit haben sich die Verantwortlichen unseres Schultr\u00e4gers, das ist die Samtgemeinde Zeven, entschlossen uns diesen Schulnamen zu geben.<br><br>Das Hauptaugenmerk an unserer Schule liegt aber nun nicht auf Mathematik, nur weil wir eine Gau\u00df-Schule sind. Vielmehr sind wir die IGS. Hier werden alle nach ihren M\u00f6glichkeiten gef\u00f6rdert und gefordert.<br>Rund 700 Sch\u00fcler:innen, sowie das Kollegium und weitere Mitarbeiter:innen unterschiedlichster Herkunft, Sprachen und Kulturen, bilden eine bunte und multikulturelle Gemeinschaft.\u00a0<br>Wir verzichten dabei auf eine feste Einteilung in Schulzweige, und erm\u00f6glichen den Kindern das Lernen mit- und voneinander. So bleiben Leistungsdruck und Versagens\u00e4ngste erspart und das Lernen bereitet den Kindern wieder Freude.<\/p>\n\n\n\n<p>Neben dem regul\u00e4ren Stundenplan bieten wir eine Vielzahl spannender Angebote in unserem offenen Ganztag, wie zum Beispiel Programmieren, Theater, Musik und viele Sportangebote.<\/p>\n\n\n\n<p><\/p>\n","protected":false},"excerpt":{"rendered":"<p>Wir, die Carl-Friedrich-Gau\u00df-Schule, sind eine integrierte Gesamtschule in Zeven.Unser Namensgeber, Carl-Friedrich-Gau\u00df, der am 30. April 1777 in Braunschweig geboren wurde &hellip; <\/p>\n","protected":false},"author":1,"featured_media":0,"parent":0,"menu_order":0,"comment_status":"closed","ping_status":"closed","template":"","meta":{"pgc_sgb_lightbox_settings":"","footnotes":""},"class_list":["post-478","page","type-page","status-publish","hentry"],"_links":{"self":[{"href":"https:\/\/www.igs-zeven.de\/wp\/index.php?rest_route=\/wp\/v2\/pages\/478","targetHints":{"allow":["GET"]}}],"collection":[{"href":"https:\/\/www.igs-zeven.de\/wp\/index.php?rest_route=\/wp\/v2\/pages"}],"about":[{"href":"https:\/\/www.igs-zeven.de\/wp\/index.php?rest_route=\/wp\/v2\/types\/page"}],"author":[{"embeddable":true,"href":"https:\/\/www.igs-zeven.de\/wp\/index.php?rest_route=\/wp\/v2\/users\/1"}],"replies":[{"embeddable":true,"href":"https:\/\/www.igs-zeven.de\/wp\/index.php?rest_route=%2Fwp%2Fv2%2Fcomments&post=478"}],"version-history":[{"count":4,"href":"https:\/\/www.igs-zeven.de\/wp\/index.php?rest_route=\/wp\/v2\/pages\/478\/revisions"}],"predecessor-version":[{"id":1119,"href":"https:\/\/www.igs-zeven.de\/wp\/index.php?rest_route=\/wp\/v2\/pages\/478\/revisions\/1119"}],"wp:attachment":[{"href":"https:\/\/www.igs-zeven.de\/wp\/index.php?rest_route=%2Fwp%2Fv2%2Fmedia&parent=478"}],"curies":[{"name":"wp","href":"https:\/\/api.w.org\/{rel}","templated":true}]}}