{"id":409,"date":"2024-04-11T00:16:42","date_gmt":"2024-04-10T22:16:42","guid":{"rendered":"https:\/\/www.igs-zeven.de\/wp\/?page_id=409"},"modified":"2025-07-28T19:35:07","modified_gmt":"2025-07-28T17:35:07","slug":"jahrgang-5-gelb","status":"publish","type":"page","link":"https:\/\/www.igs-zeven.de\/wp\/?page_id=409","title":{"rendered":"Jahrgang 6 (gelb)"},"content":{"rendered":"\n<p><strong>Willkommen im Jahrgang 6 \u2013 Schuljahr 2025\/26<\/strong><\/p>\n\n\n\n<p>Im Jahrgang 6 erwarten unsere Sch\u00fclerinnen und Sch\u00fcler auch in diesem Schuljahr vielf\u00e4ltige Aktivit\u00e4ten und p\u00e4dagogische Schwerpunkte.<\/p>\n\n\n\n<p>Gleich zu Beginn steht mit der&nbsp;<strong>Klassenfahrt nach Sch\u00f6nhagen an die Ostsee (18.\u201322. August)<\/strong>&nbsp;ein H\u00f6hepunkt an, der das soziale Miteinander st\u00e4rkt und Lernen au\u00dferhalb des Klassenzimmers erm\u00f6glicht.<\/p>\n\n\n\n<p>Im zweiten Halbjahr folgt das Projekt&nbsp;<strong>\u201eWir sind stark\u201c<\/strong>&nbsp;\u2013 ein Pr\u00e4ventionsprogramm zur F\u00f6rderung von Selbstbehauptung, Konfliktl\u00f6sung und Zivilcourage in Kooperation mit der Polizei Zeven.<\/p>\n\n\n\n<p>Die&nbsp;<strong>Lesef\u00f6rderung<\/strong>&nbsp;bleibt ein fester Bestandteil des Schulalltags: Die&nbsp;<strong>Lesezeit<\/strong>&nbsp;wird im Jahrgang 6 fortgef\u00fchrt. Erg\u00e4nzend finden eine&nbsp;<strong>Lesung am 28. Oktober<\/strong>&nbsp;sowie der&nbsp;<strong>Vorlesewettbewerb<\/strong>&nbsp;kurz vor Weihnachten statt.<\/p>\n\n\n\n<p>Neu in Jahrgang 6 ist der&nbsp;<strong>Beginn des Unterrichts<\/strong>&nbsp;in der&nbsp;<strong>zweiten Fremdsprache<\/strong>&nbsp;(Russisch, Spanisch oder Franz\u00f6sisch) bzw. im&nbsp;<strong>Wahlpflichtbereich Gesellschaftslehre oder Naturwissenschaften<\/strong>. Die Wahl erfolgte bereits im vergangenen Schuljahr.<\/p>\n\n\n\n<p>Weitere Aktionen wie&nbsp;<strong>Wandertag<\/strong>,&nbsp;<strong>Bibliotheksbesuch<\/strong>,&nbsp;<strong>Schwimmtag<\/strong>&nbsp;und das&nbsp;<strong>Korbballturnier<\/strong>&nbsp;erg\u00e4nzen das Schuljahr. Im Rahmen von&nbsp;<strong>\u201eSchule mit Courage\u201c<\/strong>&nbsp;setzen wir uns mit dem Thema&nbsp;<strong>\u201eIch, Du, Wir\u201c<\/strong>auseinander.<\/p>\n\n\n\n<p>Die&nbsp;<strong>Verf\u00fcgungsstunde<\/strong>&nbsp;aus Jahrgang 5 entf\u00e4llt. Der&nbsp;<strong>Klassenrat<\/strong>&nbsp;kann nach Bedarf in einer Klassenlehrerstunde oder Fachstunde durchgef\u00fchrt werden.<\/p>\n\n\n\n<p>Ab dem&nbsp;<strong>17. September<\/strong>&nbsp;nimmt der Jahrgang am&nbsp;<strong>EU-Schulprogramm<\/strong>&nbsp;teil und wird mittwochs mit frischem Obst, Gem\u00fcse und Milch versorgt.<\/p>\n\n\n\n<p>Im Bereich&nbsp;<strong>Digitalisierung<\/strong>&nbsp;bereiten wir die Sch\u00fclerinnen und Sch\u00fcler im zweiten Halbjahr gezielt auf die Nutzung eines eigenen digitalen Endger\u00e4ts vor, das ab Klasse 7 eingesetzt wird.<\/p>\n\n\n\n<p>Wir blicken auf ein abwechslungsreiches Schuljahr im Jahrgang 6.<\/p>\n\n\n\n<p>Klassenlehrertandems:<\/p>\n\n\n\n<ul class=\"wp-block-list\">\n<li>6a Frau Herrmann<\/li>\n\n\n\n<li>6b Frau Diekh\u00f6ner, Herr Neumann<\/li>\n\n\n\n<li>6c Frau Brockmann, Herr R\u00f6nn<\/li>\n\n\n\n<li>6d Frau Pape, Herr Kozak<\/li>\n\n\n\n<li>6e Frau Eckner, Frau Heil<br><\/li>\n<\/ul>\n","protected":false},"excerpt":{"rendered":"<p>Willkommen im Jahrgang 6 \u2013 Schuljahr 2025\/26 Im Jahrgang 6 erwarten unsere Sch\u00fclerinnen und Sch\u00fcler auch in diesem Schuljahr vielf\u00e4ltige &hellip; <\/p>\n","protected":false},"author":1,"featured_media":0,"parent":0,"menu_order":0,"comment_status":"closed","ping_status":"closed","template":"","meta":{"pgc_sgb_lightbox_settings":"","footnotes":""},"class_list":["post-409","page","type-page","status-publish","hentry"],"_links":{"self":[{"href":"https:\/\/www.igs-zeven.de\/wp\/index.php?rest_route=\/wp\/v2\/pages\/409","targetHints":{"allow":["GET"]}}],"collection":[{"href":"https:\/\/www.igs-zeven.de\/wp\/index.php?rest_route=\/wp\/v2\/pages"}],"about":[{"href":"https:\/\/www.igs-zeven.de\/wp\/index.php?rest_route=\/wp\/v2\/types\/page"}],"author":[{"embeddable":true,"href":"https:\/\/www.igs-zeven.de\/wp\/index.php?rest_route=\/wp\/v2\/users\/1"}],"replies":[{"embeddable":true,"href":"https:\/\/www.igs-zeven.de\/wp\/index.php?rest_route=%2Fwp%2Fv2%2Fcomments&post=409"}],"version-history":[{"count":11,"href":"https:\/\/www.igs-zeven.de\/wp\/index.php?rest_route=\/wp\/v2\/pages\/409\/revisions"}],"predecessor-version":[{"id":2245,"href":"https:\/\/www.igs-zeven.de\/wp\/index.php?rest_route=\/wp\/v2\/pages\/409\/revisions\/2245"}],"wp:attachment":[{"href":"https:\/\/www.igs-zeven.de\/wp\/index.php?rest_route=%2Fwp%2Fv2%2Fmedia&parent=409"}],"curies":[{"name":"wp","href":"https:\/\/api.w.org\/{rel}","templated":true}]}}