{"id":38,"date":"2024-04-04T15:04:38","date_gmt":"2024-04-04T13:04:38","guid":{"rendered":"https:\/\/www.igs-zeven.de\/wp\/wordpress\/?page_id=38"},"modified":"2024-11-17T20:17:42","modified_gmt":"2024-11-17T19:17:42","slug":"bibliothek","status":"publish","type":"page","link":"https:\/\/www.igs-zeven.de\/wp\/?page_id=38","title":{"rendered":"Gau\u00df-Bib (Schulbibliothek)"},"content":{"rendered":"\t\t\n\t\t<div id=\"gs_team_area_23\" data-shortcode-id=\"23\" class=\"wrap gs_team_area gs_team_loading gs_tm_theme8 gs_tm_theme_v_1 \" data-options='{\"search_through_all_fields\":\"off\",\"enable_clear_filters\":\"off\",\"reset_filters_text\":\"Reset Filters\",\"enable_multi_select\":\"off\",\"multi_select_ellipsis\":\"off\",\"next_txt\":\"Next\",\"prev_txt\":\"Prev\",\"load_per_click\":3,\"initial_items\":6}' style=\"visibility: hidden; opacity: 0;\">\n\t\n\t\t\t\n<!-- Container for Team members -->\n<div class=\"gs-containeer cbp-so-scroller\">\n\t\n\t<div class=\"gs-roow clearfix gs_team\" id=\"gs_team38\">\n\n\t\t\t\t\t\n\t\t\t<div class=\"single-member-div gs-col-lg-3 gs-col-md-4 gs-col-sm-6 gs-col-xs-12 single-member-pop cbp-so-section\" >\n\t\t\t    \n\t\t\t\t<!-- Sehema & Single member wrapper -->\n\t\t\t\t<div class=\"single-member--wrapper\" itemscope itemtype=\"http:\/\/schema.org\/Person\">\n\t\t\t\t\t<div class=\"single-member\">\n\n\t\t\t\t\t\t<a class=\"gs_team_pop open-popup-link\" data-mfp-src=\"#gs_team_popup_1467_23\" href=\"#\"><span class=\"gs-team-member--zip-codes\" style=\"display:none!important\"><\/span>\t\t\t\t\t\t\n\t\t\t\t\t\t\t<!-- Ribbon -->\n\t\t\t\t\t\t\t\n\t\t\t\t\t\t\t\n\t\t\t\t\t\t\t<!-- Team Image -->\n\t\t\t\t\t\t\t<div class=\"gs_team_image__wrapper\">\n\t\t\t\t\t\t\t\t<img loading=\"lazy\" decoding=\"async\" width=\"1024\" height=\"1024\" src=\"https:\/\/www.igs-zeven.de\/wp\/wordpress\/wp-content\/uploads\/2025\/02\/WhatsApp-Image-2025-02-25-at-12.29.30-1024x1024.jpeg\" class=\"gs_team_member--image wp-post-image\" alt=\"Mehrkens, B\u00e4rbel\" itemprop=\"image\" srcset=\"https:\/\/www.igs-zeven.de\/wp\/wordpress\/wp-content\/uploads\/2025\/02\/WhatsApp-Image-2025-02-25-at-12.29.30-1024x1024.jpeg 1024w, https:\/\/www.igs-zeven.de\/wp\/wordpress\/wp-content\/uploads\/2025\/02\/WhatsApp-Image-2025-02-25-at-12.29.30-300x300.jpeg 300w, https:\/\/www.igs-zeven.de\/wp\/wordpress\/wp-content\/uploads\/2025\/02\/WhatsApp-Image-2025-02-25-at-12.29.30-150x150.jpeg 150w, https:\/\/www.igs-zeven.de\/wp\/wordpress\/wp-content\/uploads\/2025\/02\/WhatsApp-Image-2025-02-25-at-12.29.30-768x768.jpeg 768w, https:\/\/www.igs-zeven.de\/wp\/wordpress\/wp-content\/uploads\/2025\/02\/WhatsApp-Image-2025-02-25-at-12.29.30-1536x1536.jpeg 1536w, https:\/\/www.igs-zeven.de\/wp\/wordpress\/wp-content\/uploads\/2025\/02\/WhatsApp-Image-2025-02-25-at-12.29.30.jpeg 1743w\" sizes=\"auto, (max-width: 1024px) 100vw, 1024px\" \/>\t\t\t\t\t\t\t<\/div>\n\t\t\t\t\t\t\t\t\t\t\t\t\t\t\n\t\t\t\t\t\t\t<!-- Indicator -->\n\t\t\t\t\t\t\t\t\t\t\t\t\t\t\t<div class=\"gs_team_overlay\"><i class=\"fas fa-external-link-alt\"><\/i><\/div>\n\t\t\t\t\t\t\t\n\t\t\t\t\t\t\t<div class=\"single-member-name-desig cbp-so-side cbp-so-side-right\">\n\n\t\t\t\t\t\t\t\t<!-- Single member name -->\n\t\t\t\t\t\t\t\t\t\t\t\t\t\t\t\t\t<div class=\"gs-member-name \" itemprop=\"name\">Mehrkens, B\u00e4rbel<\/div>\t\t\t\t\t\t\t\t\t\t\t\t\t\t\t\t\t\t\t\t\t\t\t\t\t\n\t\t\t\t\t\t\t\t<!-- Single member designation -->\n\t\t\t\t\t\t\t\t\t\t\t\t\t\t\t\t\t<div class=\"gs-member-desig\" itemprop=\"jobTitle\">Sekret\u00e4rin<\/div>\n\t\t\t\t\t\t\t\t\t\t\t\t\t\t\t\t\t\n\t\t\t\t\t\t\t<\/div>\n\n\t\t\t\t\t\t\t\n\t\t\t\t\t\t<\/a>\t\t\t\t\t\t\n\t\t\t\t\t\t<!-- Popup -->\n\t\t\t\t\t\t\t\t\t\t\t\t\n<div id=\"gs_team_popup_1467_23\" class=\"gs_team_popup_shortcode_23 white-popup mfp-hide mfp-with-anim gs_team_popup default\">\n    <div class=\"mfp-content--container\">\n        \n    <div class=\"gs_team_popup_left__wrapper\">\n    \n        <!-- Team Image -->\n        <div class=\"gs_team_popup_img\">\n            <img loading=\"lazy\" decoding=\"async\" width=\"1024\" height=\"1024\" src=\"https:\/\/www.igs-zeven.de\/wp\/wordpress\/wp-content\/uploads\/2025\/02\/WhatsApp-Image-2025-02-25-at-12.29.30-1024x1024.jpeg\" class=\"gs_team_member--image wp-post-image\" alt=\"Mehrkens, B\u00e4rbel\" itemprop=\"image\" srcset=\"https:\/\/www.igs-zeven.de\/wp\/wordpress\/wp-content\/uploads\/2025\/02\/WhatsApp-Image-2025-02-25-at-12.29.30-1024x1024.jpeg 1024w, https:\/\/www.igs-zeven.de\/wp\/wordpress\/wp-content\/uploads\/2025\/02\/WhatsApp-Image-2025-02-25-at-12.29.30-300x300.jpeg 300w, https:\/\/www.igs-zeven.de\/wp\/wordpress\/wp-content\/uploads\/2025\/02\/WhatsApp-Image-2025-02-25-at-12.29.30-150x150.jpeg 150w, https:\/\/www.igs-zeven.de\/wp\/wordpress\/wp-content\/uploads\/2025\/02\/WhatsApp-Image-2025-02-25-at-12.29.30-768x768.jpeg 768w, https:\/\/www.igs-zeven.de\/wp\/wordpress\/wp-content\/uploads\/2025\/02\/WhatsApp-Image-2025-02-25-at-12.29.30-1536x1536.jpeg 1536w, https:\/\/www.igs-zeven.de\/wp\/wordpress\/wp-content\/uploads\/2025\/02\/WhatsApp-Image-2025-02-25-at-12.29.30.jpeg 1743w\" sizes=\"auto, (max-width: 1024px) 100vw, 1024px\" \/>                    <\/div>\n\n        <!-- Meta Details -->\n        \n<div class=\"gstm-details\">\n    \n    \n    \n    \n    \n    \n    \n    \n    \n    \n    \n    \n    \n    \n    \n        \n<\/div>\n\n\n    <\/div>\n\n    <div class=\"gs_team_popup_details gs-tm-sicons\">\n        \n        <!-- Single member name -->\n        <h2 class=\"gs-member-name \">Mehrkens, B\u00e4rbel<\/h2>        \n        <!-- Single member designation -->\n                    <div class=\"gs-member-desig\" itemprop=\"jobTitle\">Sekret\u00e4rin<\/div>\n                    \n        <!-- Social Links -->\n        \n        <!-- Description -->\n        <div class=\"gs-member-desc gs-team--scrollbar\" itemprop=\"description\"><\/div>\n        \n        <!-- Skills -->\n        \n    <\/div>\n\n    <\/div>\n<\/div>\t\t\t        \n\t\t\t        <\/div>\n\t\t\t\t<\/div>\n\n\t\t\t<\/div>\n\n\t\t\t\t\t\n\t\t\t<div class=\"single-member-div gs-col-lg-3 gs-col-md-4 gs-col-sm-6 gs-col-xs-12 single-member-pop cbp-so-section\" >\n\t\t\t    \n\t\t\t\t<!-- Sehema & Single member wrapper -->\n\t\t\t\t<div class=\"single-member--wrapper\" itemscope itemtype=\"http:\/\/schema.org\/Person\">\n\t\t\t\t\t<div class=\"single-member\">\n\n\t\t\t\t\t\t<a class=\"gs_team_pop open-popup-link\" data-mfp-src=\"#gs_team_popup_1462_23\" href=\"#\"><span class=\"gs-team-member--zip-codes\" style=\"display:none!important\"><\/span>\t\t\t\t\t\t\n\t\t\t\t\t\t\t<!-- Ribbon -->\n\t\t\t\t\t\t\t\n\t\t\t\t\t\t\t\n\t\t\t\t\t\t\t<!-- Team Image -->\n\t\t\t\t\t\t\t<div class=\"gs_team_image__wrapper\">\n\t\t\t\t\t\t\t\t<img decoding=\"async\" src=\"https:\/\/www.igs-zeven.de\/wp\/wordpress\/wp-content\/plugins\/gs-team-members\/assets\/img\/no_img.jpg\" alt=\"Postels, Birte\" itemprop=\"image\" \/>\t\t\t\t\t\t\t<\/div>\n\t\t\t\t\t\t\t\t\t\t\t\t\t\t\n\t\t\t\t\t\t\t<!-- Indicator -->\n\t\t\t\t\t\t\t\t\t\t\t\t\t\t\t<div class=\"gs_team_overlay\"><i class=\"fas fa-external-link-alt\"><\/i><\/div>\n\t\t\t\t\t\t\t\n\t\t\t\t\t\t\t<div class=\"single-member-name-desig cbp-so-side cbp-so-side-right\">\n\n\t\t\t\t\t\t\t\t<!-- Single member name -->\n\t\t\t\t\t\t\t\t\t\t\t\t\t\t\t\t\t<div class=\"gs-member-name \" itemprop=\"name\">Postels, Birte<\/div>\t\t\t\t\t\t\t\t\t\t\t\t\t\t\t\t\t\t\t\t\t\t\t\t\t\n\t\t\t\t\t\t\t\t<!-- Single member designation -->\n\t\t\t\t\t\t\t\t\t\t\t\t\t\t\t\t\t<div class=\"gs-member-desig\" itemprop=\"jobTitle\">Bibliotheksleitung<\/div>\n\t\t\t\t\t\t\t\t\t\t\t\t\t\t\t\t\t\n\t\t\t\t\t\t\t<\/div>\n\n\t\t\t\t\t\t\t\n\t\t\t\t\t\t<\/a>\t\t\t\t\t\t\n\t\t\t\t\t\t<!-- Popup -->\n\t\t\t\t\t\t\t\t\t\t\t\t\n<div id=\"gs_team_popup_1462_23\" class=\"gs_team_popup_shortcode_23 white-popup mfp-hide mfp-with-anim gs_team_popup default\">\n    <div class=\"mfp-content--container\">\n        \n    <div class=\"gs_team_popup_left__wrapper\">\n    \n        <!-- Team Image -->\n        <div class=\"gs_team_popup_img\">\n            <img decoding=\"async\" src=\"https:\/\/www.igs-zeven.de\/wp\/wordpress\/wp-content\/plugins\/gs-team-members\/assets\/img\/no_img.jpg\" alt=\"Postels, Birte\" itemprop=\"image\" \/>                    <\/div>\n\n        <!-- Meta Details -->\n        \n<div class=\"gstm-details\">\n    \n    \n    \n    \n    \n    \n    \n    \n    \n    \n    \n    \n    \n    \n    \n        \n<\/div>\n\n\n    <\/div>\n\n    <div class=\"gs_team_popup_details gs-tm-sicons\">\n        \n        <!-- Single member name -->\n        <h2 class=\"gs-member-name \">Postels, Birte<\/h2>        \n        <!-- Single member designation -->\n                    <div class=\"gs-member-desig\" itemprop=\"jobTitle\">Bibliotheksleitung<\/div>\n                    \n        <!-- Social Links -->\n        \n        <!-- Description -->\n        <div class=\"gs-member-desc gs-team--scrollbar\" itemprop=\"description\"><\/div>\n        \n        <!-- Skills -->\n        \n    <\/div>\n\n    <\/div>\n<\/div>\t\t\t        \n\t\t\t        <\/div>\n\t\t\t\t<\/div>\n\n\t\t\t<\/div>\n\n\t\t\n\t\t\n\t\t\n\n\t<!-- Drawer Contents -->\n\t\n\t<\/div>\n\n\t<!-- Pagination -->\n\t\n\t<!-- Panel -->\n\t\n<\/div>\t\n\t\t<\/div>\n\t\t\n\t\t<style>#gs_team_area_23 .gs-member-name,#gs_team_area_23 .gs-member-name a{font-size:20px}#gs_team_area_23 .gs-member-name,#gs_team_area_23 .gs-member-name a{color:rgb(255, 255, 255)}#gs_team_area_23.gs_tm_theme8 .gs-member-name,#gs_team_area_23.gs_tm_theme9 .gs-member-name,#gs_team_area_23.gs_tm_theme11 .gs-member-name,#gs_team_area_23.gs_tm_theme12 .gs-member-name,#gs_team_area_23.gs_tm_theme19 .gs-member-name,#gs_team_area_23 .gstm-panel-title{background-color:rgb(45, 123, 191)}#gs_team_area_23 .single-member-div .gs_member_info .gs-member-contact{color:rgb(255, 168, 0)}#gs_team_area_23 .gs-member-desig{font-size:17px}#gs_team_area_23 .gs-team-filter-cats{text-align:center}.mfp-gsteam .mfp-container .mfp-arrow,.mfp-gsteam .mfp-container .mfp-arrow:hover{background-color:rgb(250, 199, 14)!important}.gs_team_popup_shortcode_23 .gs-team--scrollbar,#gs_team_area_23 .gridder .gridder-show .gs-team--scrollbar{max-height:400px !important}<\/style>\n\n\n\n<p><\/p>\n\n\n\n<figure class=\"wp-block-table\"><table class=\"has-fixed-layout\"><thead><tr><th>\u00d6ffnungszeiten <\/th><th><\/th><\/tr><\/thead><tbody><tr><td>Montag: 8-15.30 Uhr<br>Dienstag: in den gro\u00dfen Pausen und 12.30-14.30 Uhr<br>Mittwoch: 8-14.30 Uhr<br>Donnerstag: 8-13 Uhr<br>Freitag: 9.15-11.35 Uhr<\/td><td><a href=\"https:\/\/www.igs-zeven.de\/wp\/wordpress\/wp-content\/uploads\/2024\/04\/Oeffnungszeiten.png\" data-type=\"attachment\" data-id=\"687\"><img loading=\"lazy\" decoding=\"async\" width=\"793\" height=\"543\" class=\"wp-image-687\" style=\"width: 150px\" src=\"https:\/\/www.igs-zeven.de\/wp\/wordpress\/wp-content\/uploads\/2024\/04\/Oeffnungszeiten.png\" alt=\"\" srcset=\"https:\/\/www.igs-zeven.de\/wp\/wordpress\/wp-content\/uploads\/2024\/04\/Oeffnungszeiten.png 793w, https:\/\/www.igs-zeven.de\/wp\/wordpress\/wp-content\/uploads\/2024\/04\/Oeffnungszeiten-300x205.png 300w, https:\/\/www.igs-zeven.de\/wp\/wordpress\/wp-content\/uploads\/2024\/04\/Oeffnungszeiten-768x526.png 768w\" sizes=\"auto, (max-width: 793px) 100vw, 793px\" \/><\/a><\/td><\/tr><\/tbody><\/table><\/figure>\n\n\n\n<h2 class=\"wp-block-heading has-medium-font-size\"><\/h2>\n\n\n\n<p>Mit der Zusammenlegung der beiden Schulstandorte L\u00fchnenfeld und Kanalstra\u00dfe an einen Standort (Kanalstra\u00dfe) wurde auch die Schulbibliothek geplant.<br>Nach umfangreichen Bauma\u00dfnahmen, beginnend nach Ostern 2015, konnte die Schulbibliothek zum Jahresende 2016 die neuen R\u00e4umlichkeiten im Altbau beziehen. Sie befindet sich nun zentral gelegen im Erdgeschoss der Schule.<br>Die Altbest\u00e4nde der ehemaligen Schulbibliotheken der Realschule und der Hauptschule wurden \u00fcbernommen und in eine Sch\u00fcler- und einer Lehrkr\u00e4ftebibliothek \u00fcberf\u00fchrt. <br>Fachlichen Rat lieferte immer wieder die Bibliothek der Samtgemeinde Zeven. Der Medienbestand wurde zu Teilen auch vom F\u00f6rderverein der IGS und der Buchhandlung Lesezeichen im Zusammenhang mit Veranstaltungen unterst\u00fctzt.<br>Seit Beginn des Schuljahres 2020\/2021 wird die Schulbibliothek von Fachpersonal betreut.<br><br>Auf rund 200 m\u00b2 l\u00e4dt der Raum nun ein zum Verweilen und Lesen w\u00e4hrend der Pausen, aber auch zum eigenverantwortlichen Lernen und der Hausaufgabenerledigung an hell gestalteten Arbeitspl\u00e4tzen. Ebenso bietet die Bibliothek Platz f\u00fcr Gruppenarbeiten w\u00e4hrend des Unterrichts. Zus\u00e4tzlich stehen Computerarbeitspl\u00e4tze f\u00fcr Recherchen zur Verf\u00fcgung.<br>Ein vielf\u00e4ltiges Medienangebot, welches stetig erweitert wird, dient der Lesemotivation, der Informationsbeschaffung und dem Erwerb von Medien-, Informations- und Recherchekompetenz.<\/p>\n\n\n\n<p>Mit einem IServ-Konto kann unser Medienbestand online durchsucht werden:<br><a href=\"https:\/\/igszeven.de\/iserv\/mlibrary\/bibliothek\/\" target=\"_blank\" rel=\"noreferrer noopener\">Medienkatalog der Gau\u00df-Bib<\/a><br><a href=\"https:\/\/igszeven.de\/iserv\/mlibrary\/mediothek.fachbereiche\/\" target=\"_blank\" rel=\"noreferrer noopener\">Medienkatalog der Mediothek f\u00fcr Lehrkr\u00e4fte<\/a><\/p>\n\n\n\n<p>Im Rahmen des Ganztagskurs-Programms wurde 2022 ein Instagram-Account f\u00fcr die Schulbibliothek eingerichtet. Dieser wird von dem jeweiligen Kurs unter Leitung von unserer Schulbibliothekarin Frau Postels betreut und gestaltet. Schwerpunkte des Kurses sind Contentcreating, Medienkompetenz und Umgang mit sozialen Netzwerken.<\/p>\n\n\n\n<p><img loading=\"lazy\" decoding=\"async\" width=\"31\" height=\"31\" class=\"wp-image-656\" style=\"width: 31px\" src=\"https:\/\/www.igs-zeven.de\/wp\/wordpress\/wp-content\/uploads\/2024\/04\/Instagram.png\" alt=\"\"> <a href=\"https:\/\/www.instagram.com\/gaussbib_igszeven\/?next=%2F\" target=\"_blank\" rel=\"noreferrer noopener\">Instagramprofil der Gau\u00df-Bib<\/a><\/p>\n\n\n\n<p><strong>Weiterf\u00fchrende Informationen:<\/strong><\/p>\n\n\n\n<ul class=\"wp-block-list\">\n<li><a href=\"https:\/\/www.igs-zeven.de\/wp\/wordpress\/wp-content\/uploads\/2024\/04\/Bibliothekskonzept-IGS-Zeven.pdf\">Bibliothekskonzept<\/a><\/li>\n\n\n\n<li><a href=\"https:\/\/www.igs-zeven.de\/wp\/wordpress\/wp-content\/uploads\/2024\/04\/Nutzungsordnung-Schulbibliothek-IGS-Zeven.pdf\">Nutzungsordnung der Schulbibliothek<\/a><\/li>\n<\/ul>\n","protected":false},"excerpt":{"rendered":"<p>\u00d6ffnungszeiten Montag: 8-15.30 UhrDienstag: in den gro\u00dfen Pausen und 12.30-14.30 UhrMittwoch: 8-14.30 UhrDonnerstag: 8-13 UhrFreitag: 9.15-11.35 Uhr Mit der Zusammenlegung der beiden Schulstandorte L\u00fchnenfeld und Kanalstra\u00dfe an einen Standort (Kanalstra\u00dfe) wurde auch die Schulbibliothek geplant.Nach umfangreichen Bauma\u00dfnahmen, beginnend nach Ostern 2015, konnte die Schulbibliothek zum Jahresende 2016 die neuen R\u00e4umlichkeiten im Altbau beziehen. Sie befindet sich nun zentral gelegen im Erdgeschoss der Schule.Die Altbest\u00e4nde der ehemaligen Schulbibliotheken der Realschule und der Hauptschule wurden \u00fcbernommen und in eine Sch\u00fcler- und einer Lehrkr\u00e4ftebibliothek \u00fcberf\u00fchrt. Fachlichen Rat lieferte immer wieder die Bibliothek der Samtgemeinde Zeven. Der Medienbestand wurde zu Teilen auch vom F\u00f6rderverein der IGS und der Buchhandlung Lesezeichen im Zusammenhang mit Veranstaltungen unterst\u00fctzt.Seit Beginn des Schuljahres 2020\/2021 wird die Schulbibliothek von Fachpersonal betreut. Auf rund 200 m\u00b2 l\u00e4dt der Raum nun ein zum Verweilen und Lesen w\u00e4hrend der Pausen, aber auch zum eigenverantwortlichen Lernen und der Hausaufgabenerledigung an hell gestalteten Arbeitspl\u00e4tzen. Ebenso &hellip; <\/p>\n","protected":false},"author":4,"featured_media":0,"parent":0,"menu_order":0,"comment_status":"closed","ping_status":"closed","template":"","meta":{"pgc_sgb_lightbox_settings":"","footnotes":""},"class_list":["post-38","page","type-page","status-publish","hentry"],"_links":{"self":[{"href":"https:\/\/www.igs-zeven.de\/wp\/index.php?rest_route=\/wp\/v2\/pages\/38","targetHints":{"allow":["GET"]}}],"collection":[{"href":"https:\/\/www.igs-zeven.de\/wp\/index.php?rest_route=\/wp\/v2\/pages"}],"about":[{"href":"https:\/\/www.igs-zeven.de\/wp\/index.php?rest_route=\/wp\/v2\/types\/page"}],"author":[{"embeddable":true,"href":"https:\/\/www.igs-zeven.de\/wp\/index.php?rest_route=\/wp\/v2\/users\/4"}],"replies":[{"embeddable":true,"href":"https:\/\/www.igs-zeven.de\/wp\/index.php?rest_route=%2Fwp%2Fv2%2Fcomments&post=38"}],"version-history":[{"count":33,"href":"https:\/\/www.igs-zeven.de\/wp\/index.php?rest_route=\/wp\/v2\/pages\/38\/revisions"}],"predecessor-version":[{"id":1463,"href":"https:\/\/www.igs-zeven.de\/wp\/index.php?rest_route=\/wp\/v2\/pages\/38\/revisions\/1463"}],"wp:attachment":[{"href":"https:\/\/www.igs-zeven.de\/wp\/index.php?rest_route=%2Fwp%2Fv2%2Fmedia&parent=38"}],"curies":[{"name":"wp","href":"https:\/\/api.w.org\/{rel}","templated":true}]}}