{"id":301,"date":"2024-04-08T13:17:01","date_gmt":"2024-04-08T11:17:01","guid":{"rendered":"https:\/\/www.igs-zeven.de\/wp\/wordpress\/?page_id=301"},"modified":"2024-04-22T22:44:52","modified_gmt":"2024-04-22T20:44:52","slug":"abteilungen","status":"publish","type":"page","link":"https:\/\/www.igs-zeven.de\/wp\/?page_id=301","title":{"rendered":"Abteilungen"},"content":{"rendered":"\n<p><strong>Buchhaltung \/ Marketing &amp; Gau\u00df-Shop<\/strong><\/p>\n\n\n\n<p>Die verschiedenen Abteilungen der Sch\u00fclerfirma werden in der Buchhaltung verwaltet.<br>Alle Ein- und Ausg\u00e4nge werden verbucht, sodass man sehen kann, wie die einzelnen Abteilungen wirtschaften. In der Buchhaltung werden auch die Rechnungen und Mahnungen geschrieben. <\/p>\n\n\n\n<p>Die Marketingabteilung organisiert zusammen mit den anderen Abteilungen den Vertrieb der verschiedenen Produkte der Sch\u00fcfi sowie die Werbung daf\u00fcr. Gemeinsam mit der Abteilung Buchhaltung f\u00fchren wir den Gau\u00df-Shop in den gro\u00dfen Pausen, wo Schreibbedarf angeboten wird.<\/p>\n\n\n\n<p>Leitung: Frau Renken<\/p>\n\n\n\n<p><strong>Holz-Metallwerkstatt<\/strong><\/p>\n\n\n\n<p>Die Abteilung Holz-Metallwerkstatt stellt Produkte her, die inner- und au\u00dferhalb von Zeven (z. B. auf dem Weihnachtsmarkt) verkauft werden, z. B. Gl\u00fccksr\u00e4der,&nbsp; Vogelfuttervorrichtungen, Spardosen, Nistk\u00e4sten, Jakkolo-Puckspiele, Deko-Stecker<br>(unterschiedliche Motive), Sofa-Tabletts, Kerzenst\u00e4nder, Flaschen\u00f6ffner, einfache<br>Schmiedearbeiten und vieles mehr. Dabei werden grundlegende Techniken der Holz- und<br>Metallbearbeitung gelernt und ge\u00fcbt. Es wird Wert gelegt auf sachgerechten und&nbsp; sparsamen Umgang mit Material und Werkzeug, Einsatzbereitschaft, Gewissenhaftigkeit, Kreativit\u00e4t und Lernbereitschaft. <\/p>\n\n\n\n<p>Leitung: Frau Lietzijewitsch<\/p>\n\n\n\n<p><strong>Holz-Deko<\/strong><\/p>\n\n\n\n<p>Wir erstellen: Insektenhotels, Vogelh\u00e4user, Auftr\u00e4ge wie Tische, Deko f\u00fcr drinnen und drau\u00dfen. <\/p>\n\n\n\n<p>Leitung: Frau Jordan<\/p>\n\n\n\n<p><strong>N\u00e4hatelier<\/strong><\/p>\n\n\n\n<p>Im N\u00e4hatelier stellen wir viele verschiedene Sachen aus Filz, Wolle, Stoff oder auch Perlen her. Daraus machen wir dann zum Beispiel Schl\u00fcsselanh\u00e4nger, Schmuck, Dinkelkissen, Kuscheltiere, Figuren aus Filz und noch vieles mehr. Au\u00dferdem werden<br>bei uns u.a. Portraits von Stars gezeichnet, aber auch abstrakte Kunst ist vertreten.<br>Auch anfallende N\u00e4harbeiten f\u00fcr die Schule \u00fcbernehmen wir. <\/p>\n\n\n\n<p>Leitung: Frau Dammann<\/p>\n\n\n\n<p><strong>Cafeteria<\/strong> <\/p>\n\n\n\n<p>Die Abteilungen produzieren leckere Snacks, die w\u00f6chentlich wechseln und die freitags in der zweiten gro\u00dfen Pause in den jeweiligen Pausenhallen verkauft werden. Hierbei ist beim bewussten Umgang mit den Lebensmitteln Hygiene und Sorgfalt oberstes Gebot. Au\u00dferdem erhalten die Sch\u00fclerInnen Einblicke in Verkaufsstrategien und Kostenkalkulation. <\/p>\n\n\n\n<p>Leitung: Frau Pape &amp; Herr Peter<\/p>\n\n\n\n<p><strong>Schulsanit\u00e4tsdienst<\/strong><\/p>\n\n\n\n<p>Im Schulsanit\u00e4tsdienst werden die Grundlagen f\u00fcr einen Erste-Hilfe-Kurs gelegt, der durch das DRK sp\u00e4ter gepr\u00fcft wird. Dar\u00fcber hinaus werden erweiterte Kenntnisse aus den Pflegeberufen erlernt. Das umfasst u.a. Blutdruckmessung, Patientengespr\u00e4che und auch psychologische Grundkenntnisse.<\/p>\n\n\n\n<p>In der Praxis unterst\u00fctzen unsere Schulsanis bei Veranstaltungen aller Art.<\/p>\n\n\n\n<p>Leitung: Herr Blome<\/p>\n","protected":false},"excerpt":{"rendered":"<p>Buchhaltung \/ Marketing &amp; Gau\u00df-Shop Die verschiedenen Abteilungen der Sch\u00fclerfirma werden in der Buchhaltung verwaltet.Alle Ein- und Ausg\u00e4nge werden verbucht, &hellip; <\/p>\n","protected":false},"author":1,"featured_media":0,"parent":0,"menu_order":0,"comment_status":"closed","ping_status":"closed","template":"","meta":{"pgc_sgb_lightbox_settings":"","footnotes":""},"class_list":["post-301","page","type-page","status-publish","hentry"],"_links":{"self":[{"href":"https:\/\/www.igs-zeven.de\/wp\/index.php?rest_route=\/wp\/v2\/pages\/301","targetHints":{"allow":["GET"]}}],"collection":[{"href":"https:\/\/www.igs-zeven.de\/wp\/index.php?rest_route=\/wp\/v2\/pages"}],"about":[{"href":"https:\/\/www.igs-zeven.de\/wp\/index.php?rest_route=\/wp\/v2\/types\/page"}],"author":[{"embeddable":true,"href":"https:\/\/www.igs-zeven.de\/wp\/index.php?rest_route=\/wp\/v2\/users\/1"}],"replies":[{"embeddable":true,"href":"https:\/\/www.igs-zeven.de\/wp\/index.php?rest_route=%2Fwp%2Fv2%2Fcomments&post=301"}],"version-history":[{"count":4,"href":"https:\/\/www.igs-zeven.de\/wp\/index.php?rest_route=\/wp\/v2\/pages\/301\/revisions"}],"predecessor-version":[{"id":1103,"href":"https:\/\/www.igs-zeven.de\/wp\/index.php?rest_route=\/wp\/v2\/pages\/301\/revisions\/1103"}],"wp:attachment":[{"href":"https:\/\/www.igs-zeven.de\/wp\/index.php?rest_route=%2Fwp%2Fv2%2Fmedia&parent=301"}],"curies":[{"name":"wp","href":"https:\/\/api.w.org\/{rel}","templated":true}]}}