{"id":30,"date":"2024-04-04T15:02:42","date_gmt":"2024-04-04T13:02:42","guid":{"rendered":"https:\/\/www.igs-zeven.de\/wp\/wordpress\/?page_id=30"},"modified":"2025-09-03T13:43:02","modified_gmt":"2025-09-03T11:43:02","slug":"ganztag","status":"publish","type":"page","link":"https:\/\/www.igs-zeven.de\/wp\/?page_id=30","title":{"rendered":"Ganztag"},"content":{"rendered":"\n<p>Unsere IGS bietet ein offenes Ganztagskursprogramm, welches montags &#8211; mittwochs stattfindet.<br>Zu Beginn jeden Halbjahres steht den Sch\u00fcler:innen auf IServ eine Kurswahl offen. Angeboten werden Kurse f\u00fcr die Jahrg\u00e4nge 5-10.<br>Diese umfassen unter anderem Lernbegleitung, Hausaufgabenhilfe und Pr\u00fcfungsvorbereitung. Aber auch k\u00fcnstlerische, musische und sportliche Kurse werden angeboten. So z\u00e4hlen zu den aktuellen Highlights Kochen und Backen, Schwimmen, BMX-Radsport, Reiten und die Schulband. Unsere Kurse werden von Lehrkr\u00e4ften, Dozent:innen und Bufdis betreut.<\/p>\n\n\n\n<p>Einige Kurse finden als Hochbegabungskurse im Verbund <a href=\"https:\/\/www.igs-zeven.de\/wp\/wordpress\/wp-content\/uploads\/2025\/09\/Konzept-Hochbegabung-Stand-072019.pdf\" data-type=\"attachment\" data-id=\"2290\">&#8222;F\u00f6rderung besonderer Begabungen&#8220;<\/a> in Kooperation mit anderen Schulen statt.<\/p>\n\n\n\n<p>Wir sind immer offen f\u00fcr neue Ideen. Du bist Sch\u00fcler:in und suchst ein bestimmtes Angebot? Sie sind Dozent:in und m\u00f6chten einen Kurs geben? Das Sekretariat hilft gern weiter! (<a href=\"https:\/\/www.igs-zeven.de\/wp\/?page_id=67\" data-type=\"page\" data-id=\"67\">Kontakt<\/a>)<\/p>\n\n\n\n<p>Das Ganztagsangebot kann <a href=\"https:\/\/www.igs-zeven.de\/wp\/?page_id=292\" data-type=\"page\" data-id=\"292\">hier eingesehen werden.<\/a><\/p>\n","protected":false},"excerpt":{"rendered":"<p>Unsere IGS bietet ein offenes Ganztagskursprogramm, welches montags &#8211; mittwochs stattfindet.Zu Beginn jeden Halbjahres steht den Sch\u00fcler:innen auf IServ eine &hellip; <\/p>\n","protected":false},"author":1,"featured_media":0,"parent":0,"menu_order":0,"comment_status":"closed","ping_status":"closed","template":"","meta":{"pgc_sgb_lightbox_settings":"","footnotes":""},"class_list":["post-30","page","type-page","status-publish","hentry"],"_links":{"self":[{"href":"https:\/\/www.igs-zeven.de\/wp\/index.php?rest_route=\/wp\/v2\/pages\/30","targetHints":{"allow":["GET"]}}],"collection":[{"href":"https:\/\/www.igs-zeven.de\/wp\/index.php?rest_route=\/wp\/v2\/pages"}],"about":[{"href":"https:\/\/www.igs-zeven.de\/wp\/index.php?rest_route=\/wp\/v2\/types\/page"}],"author":[{"embeddable":true,"href":"https:\/\/www.igs-zeven.de\/wp\/index.php?rest_route=\/wp\/v2\/users\/1"}],"replies":[{"embeddable":true,"href":"https:\/\/www.igs-zeven.de\/wp\/index.php?rest_route=%2Fwp%2Fv2%2Fcomments&post=30"}],"version-history":[{"count":8,"href":"https:\/\/www.igs-zeven.de\/wp\/index.php?rest_route=\/wp\/v2\/pages\/30\/revisions"}],"predecessor-version":[{"id":2293,"href":"https:\/\/www.igs-zeven.de\/wp\/index.php?rest_route=\/wp\/v2\/pages\/30\/revisions\/2293"}],"wp:attachment":[{"href":"https:\/\/www.igs-zeven.de\/wp\/index.php?rest_route=%2Fwp%2Fv2%2Fmedia&parent=30"}],"curies":[{"name":"wp","href":"https:\/\/api.w.org\/{rel}","templated":true}]}}