{"id":258,"date":"2024-04-08T10:47:00","date_gmt":"2024-04-08T08:47:00","guid":{"rendered":"https:\/\/www.igs-zeven.de\/wp\/wordpress\/?page_id=258"},"modified":"2024-04-23T22:26:28","modified_gmt":"2024-04-23T20:26:28","slug":"schuelerfirma","status":"publish","type":"page","link":"https:\/\/www.igs-zeven.de\/wp\/?page_id=258","title":{"rendered":"Sch\u00fclerfirma"},"content":{"rendered":"\n<p><br>SCH\u00dcFI, die Sch\u00fclerfirma der Carl-Friedrich-Gau\u00df-Schule Zeven, wurde im Jahr 2006 an der damaligen Hauptschule gegr\u00fcndet und ist auch heute noch ein fester Bestandteil unserer Schule. Die SCH\u00dcFI ist mit dem Ziel gegr\u00fcndet worden, den Sch\u00fcler.innen der Jahrg\u00e4nge 9 und 10 einen Einblick in betriebswirtschaftliche Abl\u00e4ufe zu geben und ihnen berufspraktische Erfahrungen zu erm\u00f6glichen. Sie leistet damit seit \u00fcber 15 Jahren einen wesentlichen Beitrag zur Berufsorientierung an unserer Schule.<\/p>\n\n\n\n<p>Mit dem Schuljahr 2020\/2021 wurde die SCH\u00dcFI systematisch mit berufsorientierenden sowie praxisorientierten Modulen des Kivinan Bildungszentrums verzahnt. In den Jahrgangsstufen 9 und 10 arbeiten die Sch\u00fclerinnen und Sch\u00fcler jeweils ein Schulhalbjahr in einer gew\u00e4hlten SCH\u00dcFI-Abteilung und das anderen Schulhalbjahr besuchen sie die auf ihre SCH\u00dcFI-Abteilung abgestimmten Module am Kivinan Bildungszentrum. Durch die gegebenen Wahlm\u00f6glichkeiten und der engen Zusammenarbeit mit dem Kivinan Bildungszentrum erhalten alle Sch\u00fclerinnen und Sch\u00fcler&nbsp;ohne&nbsp;zweite Fremdsprachen die M\u00f6glichkeit, ihre Berufsorientierung zielf\u00fchrend und nachhaltig voranzutreiben.<\/p>\n\n\n\n<figure class=\"wp-block-table\"><table class=\"has-fixed-layout\"><thead><tr><th>SCH\u00dcFI-Abteilungen<\/th><th>BBS-Module<\/th><\/tr><\/thead><tbody><tr><td>Cafeteria<br>(Hauswirtschaft)<\/td><td>Backstube (B\u00e4cker)<br>K\u00fcche (Koch)<\/td><\/tr><tr><td>Schulsanit\u00e4tsdienst<\/td><td>Pflege (Pfleger)<\/td><\/tr><tr><td>Holz-Metall<br>(Gestaltendes Werken und Technik)<\/td><td>Metallbau \/ Metalltechnik<br>Holztechnik (Tischler)<\/td><\/tr><tr><td>Holz-Deko<br>(Gestaltendes Werken)<\/td><td>KFZ-Technik <br>(KFZ-Mechatroniker)&nbsp;<\/td><\/tr><tr><td>N\u00e4hatelier*<br>(Textiles Gestalten)<\/td><td>Bautechnik <br>(Maurer \/ Fliesenleger)<\/td><\/tr><tr><td>Marketing \/ Buchhaltung (inkl. Gau\u00df-Shop)<br>(Informatik)<\/td><td>Kaufmann <br>Fertigungstechnik mit PC-Unterst\u00fctzung (Tischler)<\/td><\/tr><\/tbody><\/table><figcaption class=\"wp-element-caption\">* Das N\u00e4hatelier pausiert im Schuljahr 2024\/2025.<\/figcaption><\/figure>\n\n\n\n<p><\/p>\n\n\n\n<p><a href=\"https:\/\/www.igs-zeven.de\/wp\/?page_id=301\" data-type=\"page\" data-id=\"301\">Mehr \u00fcber die Abteilungen der SCH\u00dcFI erf\u00e4hrst du hier.<\/a><\/p>\n","protected":false},"excerpt":{"rendered":"<p>SCH\u00dcFI, die Sch\u00fclerfirma der Carl-Friedrich-Gau\u00df-Schule Zeven, wurde im Jahr 2006 an der damaligen Hauptschule gegr\u00fcndet und ist auch heute noch &hellip; <\/p>\n","protected":false},"author":1,"featured_media":0,"parent":0,"menu_order":0,"comment_status":"closed","ping_status":"closed","template":"","meta":{"pgc_sgb_lightbox_settings":"","footnotes":""},"class_list":["post-258","page","type-page","status-publish","hentry"],"_links":{"self":[{"href":"https:\/\/www.igs-zeven.de\/wp\/index.php?rest_route=\/wp\/v2\/pages\/258","targetHints":{"allow":["GET"]}}],"collection":[{"href":"https:\/\/www.igs-zeven.de\/wp\/index.php?rest_route=\/wp\/v2\/pages"}],"about":[{"href":"https:\/\/www.igs-zeven.de\/wp\/index.php?rest_route=\/wp\/v2\/types\/page"}],"author":[{"embeddable":true,"href":"https:\/\/www.igs-zeven.de\/wp\/index.php?rest_route=\/wp\/v2\/users\/1"}],"replies":[{"embeddable":true,"href":"https:\/\/www.igs-zeven.de\/wp\/index.php?rest_route=%2Fwp%2Fv2%2Fcomments&post=258"}],"version-history":[{"count":5,"href":"https:\/\/www.igs-zeven.de\/wp\/index.php?rest_route=\/wp\/v2\/pages\/258\/revisions"}],"predecessor-version":[{"id":1148,"href":"https:\/\/www.igs-zeven.de\/wp\/index.php?rest_route=\/wp\/v2\/pages\/258\/revisions\/1148"}],"wp:attachment":[{"href":"https:\/\/www.igs-zeven.de\/wp\/index.php?rest_route=%2Fwp%2Fv2%2Fmedia&parent=258"}],"curies":[{"name":"wp","href":"https:\/\/api.w.org\/{rel}","templated":true}]}}