{"id":2365,"date":"2025-12-03T12:26:22","date_gmt":"2025-12-03T11:26:22","guid":{"rendered":"https:\/\/www.igs-zeven.de\/wp\/?page_id=2365"},"modified":"2026-04-20T18:46:20","modified_gmt":"2026-04-20T16:46:20","slug":"informationen-zum-neuen-fuenften-jahrgang-schuljahr-26-27","status":"publish","type":"page","link":"https:\/\/www.igs-zeven.de\/wp\/?page_id=2365","title":{"rendered":"Informationen zum neuen f\u00fcnften Jahrgang (Magenta) im Schuljahr 26\/27"},"content":{"rendered":"\n<p>Auf dieser Seite finden Sie <strong>Informationen zum Wechsel in Klasse 5 f\u00fcr das Schuljahr 2026\/27<\/strong>.<\/p>\n\n\n\n<p>Alle ben\u00f6tigten Formulare finden Sie auf dieser Seite. Au\u00dferdem k\u00f6nnen Sie diese im <a href=\"https:\/\/www.igs-zeven.de\/wp\/?page_id=101\" data-type=\"page\" data-id=\"101\">Downloadbereich<\/a> herunterladen.<\/p>\n\n\n\n<p>Die wichtigsten Informationen finden Sie auch hier im <a href=\"https:\/\/www.igs-zeven.de\/wp\/wordpress\/wp-content\/uploads\/2025\/12\/Informationen-Uebergang-fuer-Homepage.pdf\" data-type=\"attachment\" data-id=\"2373\">Anschreiben der Schulleiterin Frau Franke.<\/a><\/p>\n\n\n\n<p><strong>Termine<\/strong>:<\/p>\n\n\n\n<ul class=\"wp-block-list\">\n<li>Vergangener Termin: <strong>Mittwoch, den 11.02.2026 um 19.00 Uhr<\/strong>:&nbsp;Eltern-Informationsabend&nbsp;bei uns in der IGS f\u00fcr Eltern der 4. Klassen, gerne auch f\u00fcr Eltern von Sch\u00fclerinnen und Sch\u00fcler der 3. Klassen<\/li>\n<\/ul>\n\n\n\n<ul class=\"wp-block-list\">\n<li>Vergangener Termin: <strong>Donnerstag, den 26.02.2026 ab 15 Uhr<\/strong>:&nbsp;<a href=\"https:\/\/www.igs-zeven.de\/wp\/?p=2545\" data-type=\"link\" data-id=\"https:\/\/www.igs-zeven.de\/wp\/?p=2545\">\u201eEntdeckerschule \u2013 komm rein und schau dich um!\u201c (= \u201eTag der offenen T\u00fcr\u201c)<\/a>&nbsp;f\u00fcr alle Sch\u00fclerinnen und Sch\u00fcler der 4. Klassen mit ihren Eltern (inkl. Elterncaf\u00e9), gerne auch f\u00fcr Eltern von Sch\u00fclerinnen und Sch\u00fcler der 3. Klassen und alle anderen Interessierten<\/li>\n<\/ul>\n\n\n\n<ul class=\"wp-block-list\">\n<li>Anmeldungen f\u00fcr den neuen&nbsp;Jahrgang 5: <strong>Mittwoch, den 29.04.2026 (14.00 \u2013 19.00 Uhr) und Donnerstag, den 30.04.2026 (8.00 \u2013 14.00 Uhr)<\/strong><br><a href=\"https:\/\/www.igs-zeven.de\/wp\/wordpress\/wp-content\/uploads\/2026\/03\/Info-Eltern-Anmeldung.pdf\" data-type=\"attachment\" data-id=\"2510\">Alle Informationen zur Anmeldung finden Sie hier.<\/a><br><a href=\"https:\/\/www.igs-zeven.de\/wp\/wordpress\/wp-content\/uploads\/2026\/02\/Anmeldeformular-Klasse-5.pdf\" data-type=\"attachment\" data-id=\"2461\">Anmeldeformular<\/a> und <a href=\"https:\/\/www.igs-zeven.de\/wp\/wordpress\/wp-content\/uploads\/2026\/02\/Elterninfo-mit-Schulbuchausleihe-5.pdf\" data-type=\"attachment\" data-id=\"2462\">Informationen zur Schulbuchausleihe <\/a>k\u00f6nnen <a href=\"https:\/\/www.igs-zeven.de\/wp\/?page_id=101\" data-type=\"page\" data-id=\"101\">hier bereits herunterladen werden.<\/a><\/li>\n<\/ul>\n\n\n\n<figure class=\"wp-block-image size-large\"><img loading=\"lazy\" decoding=\"async\" width=\"1024\" height=\"794\" src=\"https:\/\/www.igs-zeven.de\/wp\/wordpress\/wp-content\/uploads\/2026\/04\/Bildschirmfoto-2026-04-20-um-18.44.00-1024x794.png\" alt=\"\" class=\"wp-image-2575\" srcset=\"https:\/\/www.igs-zeven.de\/wp\/wordpress\/wp-content\/uploads\/2026\/04\/Bildschirmfoto-2026-04-20-um-18.44.00-1024x794.png 1024w, https:\/\/www.igs-zeven.de\/wp\/wordpress\/wp-content\/uploads\/2026\/04\/Bildschirmfoto-2026-04-20-um-18.44.00-300x233.png 300w, https:\/\/www.igs-zeven.de\/wp\/wordpress\/wp-content\/uploads\/2026\/04\/Bildschirmfoto-2026-04-20-um-18.44.00-768x596.png 768w, https:\/\/www.igs-zeven.de\/wp\/wordpress\/wp-content\/uploads\/2026\/04\/Bildschirmfoto-2026-04-20-um-18.44.00.png 1288w\" sizes=\"auto, (max-width: 1024px) 100vw, 1024px\" \/><\/figure>\n","protected":false},"excerpt":{"rendered":"<p>Auf dieser Seite finden Sie Informationen zum Wechsel in Klasse 5 f\u00fcr das Schuljahr 2026\/27. Alle ben\u00f6tigten Formulare finden Sie &hellip; <\/p>\n","protected":false},"author":1,"featured_media":0,"parent":0,"menu_order":0,"comment_status":"closed","ping_status":"closed","template":"","meta":{"pgc_sgb_lightbox_settings":"","footnotes":""},"class_list":["post-2365","page","type-page","status-publish","hentry"],"_links":{"self":[{"href":"https:\/\/www.igs-zeven.de\/wp\/index.php?rest_route=\/wp\/v2\/pages\/2365","targetHints":{"allow":["GET"]}}],"collection":[{"href":"https:\/\/www.igs-zeven.de\/wp\/index.php?rest_route=\/wp\/v2\/pages"}],"about":[{"href":"https:\/\/www.igs-zeven.de\/wp\/index.php?rest_route=\/wp\/v2\/types\/page"}],"author":[{"embeddable":true,"href":"https:\/\/www.igs-zeven.de\/wp\/index.php?rest_route=\/wp\/v2\/users\/1"}],"replies":[{"embeddable":true,"href":"https:\/\/www.igs-zeven.de\/wp\/index.php?rest_route=%2Fwp%2Fv2%2Fcomments&post=2365"}],"version-history":[{"count":15,"href":"https:\/\/www.igs-zeven.de\/wp\/index.php?rest_route=\/wp\/v2\/pages\/2365\/revisions"}],"predecessor-version":[{"id":2576,"href":"https:\/\/www.igs-zeven.de\/wp\/index.php?rest_route=\/wp\/v2\/pages\/2365\/revisions\/2576"}],"wp:attachment":[{"href":"https:\/\/www.igs-zeven.de\/wp\/index.php?rest_route=%2Fwp%2Fv2%2Fmedia&parent=2365"}],"curies":[{"name":"wp","href":"https:\/\/api.w.org\/{rel}","templated":true}]}}