{"id":230,"date":"2024-04-08T09:56:12","date_gmt":"2024-04-08T07:56:12","guid":{"rendered":"https:\/\/www.igs-zeven.de\/wp\/wordpress\/?page_id=230"},"modified":"2026-04-21T10:43:16","modified_gmt":"2026-04-21T08:43:16","slug":"berufsorientierung","status":"publish","type":"page","link":"https:\/\/www.igs-zeven.de\/wp\/?page_id=230","title":{"rendered":"Berufsorientierung"},"content":{"rendered":"\n<p><strong>Konzept und Ma\u00dfnahmen zur Berufsorientierung der IGS Zeven (Stand: 16.04.2024)<\/strong><\/p>\n\n\n\n<p>Die Berufsorientierung (BO) ist ein komplexer Prozess mit der Aufgabe, die Sch\u00fclerinnen und Sch\u00fcler (SuS) zur Aufnahme einer Berufst\u00e4tigkeit zu bef\u00e4higen und sie auf eine begr\u00fcndete Berufswahlentscheidung vorzubereiten.<\/p>\n\n\n\n<p><strong>Wir sehen es als unsere Aufgabe, alle unsere SuS auf den \u00dcbergang von der Schule in die Berufswelt optimal vorzubereiten und sie daf\u00fcr bei ihrer Berufsfindung kontinuierlich und nachhaltig zu unterst\u00fctzen.<\/strong><\/p>\n\n\n\n<p>F\u00fcr uns bedeutet dies, dass die SuS Ausbildungs- und Studienberufe, Berufsperspektiven und weitere Ausbildungsm\u00f6glichkeiten kennenlernen, erleben, kritisch hinterfragen und mit ihren Potentialen abgleichen. Damit die SuS ihren k\u00fcnftigen schulischen bzw. beruflichen Weg verantwortungsvoll planen k\u00f6nnen, versteht die IGS Zeven die BO als schulische Querschnittsaufgabe, die im \u201eZusammenwirken verschiedener F\u00e4cher gesamtverantwortlich und f\u00e4cher\u00fcbergreifend\u201c<sup data-fn=\"037ff846-3409-4367-8cc9-0539beb8d711\" class=\"fn\"><a href=\"#037ff846-3409-4367-8cc9-0539beb8d711\" id=\"037ff846-3409-4367-8cc9-0539beb8d711-link\">1<\/a><\/sup>&nbsp;wahrgenommen wird. Schwerpunktm\u00e4\u00dfig findet im Unterricht die Auseinandersetzung mit dem Themenfeld der BO jedoch in den F\u00e4chern des Fachbereiches Arbeit-Wirtschaft-Technik, in den F\u00e4chern Deutsch und Politik-Wirtschaft sowie im eigenst\u00e4ndigen BO-Unterricht statt. Dar\u00fcber hinaus schaffen wir durch unsere enge Zusammenarbeit mit dem Kivinan Bildungszentrum, dass die BO nicht nur systematisch aufbauend und nachhaltig ist, sondern auch den SuS ein gr\u00f6\u00dftm\u00f6gliches Spektrum an beruflicher Orientierung bietet.&nbsp;<\/p>\n\n\n\n<p>An unseren beiden Schulen werden in den schulischen Gremien die schulspezifischen Grunds\u00e4tze, das BO-Konzept und die Zust\u00e4ndigkeiten festgelegt. Jedes Fach weist an geeigneten Stellen auf berufsorientierende Aspekte hin und schafft praktische Bez\u00fcge zur Arbeitswelt.<\/p>\n\n\n\n<p>Die Schulleitungen, Lehrkr\u00e4fte und Schulsozialarbeiter beider Schulen sind regelm\u00e4\u00dfig im Dialog mit au\u00dferschulischen Experten aus Betrieben, Beh\u00f6rden und anderen berufsbildenden Schulen.<\/p>\n\n\n\n<p>Die SuS dokumentieren den gesamten Prozess der BO und die damit verbundene Entwicklung ihrer Kompetenzen individuell sowie \u00fcber die Plattform \u201eBerufsweg\u201c der Firma UP Consulting aus Rotenburg (W\u00fcmme). Innerhalb der Schule reflektieren die SuS ihre Projektphasen, ihre beruflichen Ziele und Vorstellungen vor dem Hintergrund der erworbenen Erfahrungen und Kompetenzen. Dadurch erhalten sie eine St\u00e4rkung f\u00fcr ihre beruflichen Vorstellungen oder k\u00f6nnen systematisch Alternativen entwickeln und sich neu orientieren.<\/p>\n\n\n\n<p>Unsere Ziele:<\/p>\n\n\n\n<p>Wir wollen unseren Sch\u00fclerinnen und Sch\u00fclern dabei helfen, ihr zuk\u00fcnftiges Leben sinnvoll zu gestalten und den f\u00fcr sie entsprechend ihrer St\u00e4rken und F\u00e4higkeiten geeignetsten Ausbildungs-\/Studienplatz bzw. Beruf zu finden. \u2013 Ein kontinuierliches und sich erg\u00e4nzendes Angebot der Begleitung und Unterst\u00fctzung auf dem Weg der Berufsfindung sehen wir daher als besonders entscheidend und wichtig an.<\/p>\n\n\n\n<p>Auf Grund dessen umfasst das BO-Konzept der IGS Zeven u.a. die folgenden Bestandteile:<\/p>\n\n\n\n<ul class=\"wp-block-list\">\n<li>Eng verzahnte BO in Zusammenarbeit mit dem Kivinan Bildungszentrum<\/li>\n\n\n\n<li>Sch\u00fclerfirma mit angegliederten fachpraktischen Modulen am Kivinan Bildungszentrum<\/li>\n\n\n\n<li>BO durch Erfahrungen im laufenden Unterricht sowie an au\u00dferschulischen Lernorten<\/li>\n\n\n\n<li>Angebot der Begleitung und Unterst\u00fctzung durch unsere Schulsozialarbeiter<\/li>\n\n\n\n<li>Zusammenarbeit mit der Bundesagentur f\u00fcr Arbeit und dem Jugendberufszentrum Zeven<\/li>\n\n\n\n<li>Kooperation mit Unternehmen, Verb\u00e4nden der regionalen Wirtschaft und anderen Schulen<\/li>\n\n\n\n<li>Praktika in Jahrgang 8, 9 und 11<\/li>\n\n\n\n<li>Elternarbeit<\/li>\n<\/ul>\n\n\n\n<hr class=\"wp-block-separator has-alpha-channel-opacity\"\/>\n\n\n\n<p>Als Berufsberaterin ist Anita Helmdach f\u00fcr die Jahrg\u00e4nge 8 &#8211; 10 der IGS Zeven verantwortlich. Sie bietet regelm\u00e4\u00dfige Beratungstermine an. <\/p>\n\n\n\n<p><a href=\"https:\/\/www.arbeitsagentur.de\/vor-ort\/stade\/igs-zeven\">Informationen sind hier zu finden.<\/a><\/p>\n\n\n\n<hr class=\"wp-block-separator has-alpha-channel-opacity\"\/>\n\n\n<ol class=\"wp-block-footnotes\"><li id=\"037ff846-3409-4367-8cc9-0539beb8d711\">Nieders\u00e4chsisches Kultusministerium: Kerncurriculum f\u00fcr die Integrierte Gesamtschule Arbeit-Wirtschaft-Technik, Schuljahrg\u00e4nge 5-10 (2010), S.29 <a href=\"#037ff846-3409-4367-8cc9-0539beb8d711-link\" aria-label=\"Zur Fu\u00dfnotenreferenz 1 navigieren\">\u21a9\ufe0e<\/a><\/li><\/ol>\n\n\n<figure class=\"wp-block-image size-large\"><a href=\"https:\/\/www.igs-zeven.de\/wp\/wordpress\/wp-content\/uploads\/2024\/04\/BO-Schaubild.png\"><img loading=\"lazy\" decoding=\"async\" width=\"1024\" height=\"698\" src=\"https:\/\/www.igs-zeven.de\/wp\/wordpress\/wp-content\/uploads\/2024\/04\/BO-Schaubild-1024x698.png\" alt=\"\" class=\"wp-image-830\" srcset=\"https:\/\/www.igs-zeven.de\/wp\/wordpress\/wp-content\/uploads\/2024\/04\/BO-Schaubild-1024x698.png 1024w, https:\/\/www.igs-zeven.de\/wp\/wordpress\/wp-content\/uploads\/2024\/04\/BO-Schaubild-300x205.png 300w, https:\/\/www.igs-zeven.de\/wp\/wordpress\/wp-content\/uploads\/2024\/04\/BO-Schaubild-768x524.png 768w, https:\/\/www.igs-zeven.de\/wp\/wordpress\/wp-content\/uploads\/2024\/04\/BO-Schaubild-1536x1047.png 1536w, https:\/\/www.igs-zeven.de\/wp\/wordpress\/wp-content\/uploads\/2024\/04\/BO-Schaubild-2048x1396.png 2048w\" sizes=\"auto, (max-width: 1024px) 100vw, 1024px\" \/><\/a><figcaption class=\"wp-element-caption\"><strong>Ma\u00dfnahmen zur Berufsorientierung der IGS Zeven<\/strong><\/figcaption><\/figure>\n","protected":false},"excerpt":{"rendered":"<p>Konzept und Ma\u00dfnahmen zur Berufsorientierung der IGS Zeven (Stand: 16.04.2024) Die Berufsorientierung (BO) ist ein komplexer Prozess mit der Aufgabe, &hellip; <\/p>\n","protected":false},"author":1,"featured_media":0,"parent":0,"menu_order":0,"comment_status":"closed","ping_status":"closed","template":"","meta":{"pgc_sgb_lightbox_settings":"","footnotes":"[{\"content\":\"Nieders\u00e4chsisches Kultusministerium: Kerncurriculum f\u00fcr die Integrierte Gesamtschule Arbeit-Wirtschaft-Technik, Schuljahrg\u00e4nge 5-10 (2010), S.29\",\"id\":\"037ff846-3409-4367-8cc9-0539beb8d711\"}]"},"class_list":["post-230","page","type-page","status-publish","hentry"],"_links":{"self":[{"href":"https:\/\/www.igs-zeven.de\/wp\/index.php?rest_route=\/wp\/v2\/pages\/230","targetHints":{"allow":["GET"]}}],"collection":[{"href":"https:\/\/www.igs-zeven.de\/wp\/index.php?rest_route=\/wp\/v2\/pages"}],"about":[{"href":"https:\/\/www.igs-zeven.de\/wp\/index.php?rest_route=\/wp\/v2\/types\/page"}],"author":[{"embeddable":true,"href":"https:\/\/www.igs-zeven.de\/wp\/index.php?rest_route=\/wp\/v2\/users\/1"}],"replies":[{"embeddable":true,"href":"https:\/\/www.igs-zeven.de\/wp\/index.php?rest_route=%2Fwp%2Fv2%2Fcomments&post=230"}],"version-history":[{"count":5,"href":"https:\/\/www.igs-zeven.de\/wp\/index.php?rest_route=\/wp\/v2\/pages\/230\/revisions"}],"predecessor-version":[{"id":2578,"href":"https:\/\/www.igs-zeven.de\/wp\/index.php?rest_route=\/wp\/v2\/pages\/230\/revisions\/2578"}],"wp:attachment":[{"href":"https:\/\/www.igs-zeven.de\/wp\/index.php?rest_route=%2Fwp%2Fv2%2Fmedia&parent=230"}],"curies":[{"name":"wp","href":"https:\/\/api.w.org\/{rel}","templated":true}]}}