{"id":223,"date":"2024-04-08T08:51:52","date_gmt":"2024-04-08T06:51:52","guid":{"rendered":"https:\/\/www.igs-zeven.de\/wp\/wordpress\/?page_id=223"},"modified":"2024-04-21T21:09:57","modified_gmt":"2024-04-21T19:09:57","slug":"foerderverein","status":"publish","type":"page","link":"https:\/\/www.igs-zeven.de\/wp\/?page_id=223","title":{"rendered":"F\u00f6rderverein"},"content":{"rendered":"\n<p>Der F\u00f6rderverein der Carl-Friedrich-Gau\u00df-Schule springt ein, wo das Budget der Schule endet. <\/p>\n\n\n\n<p>Mit Hilfe von Mitgliedsbeitr\u00e4gen und Spenden erm\u00f6glichen wir Dinge, die sonst nicht realisierbar w\u00e4ren:<\/p>\n\n\n\n<ul class=\"wp-block-list\">\n<li><strong>Ger\u00e4te f\u00fcr die Pausengestaltung<\/strong>, z.B. Tischkicker, Tischtennisplatten, Basketballk\u00f6rbe<\/li>\n\n\n\n<li><strong>Fortbildungsprogramme<\/strong>, z.B. Streitschlichter, schulischer Sanit\u00e4tsdienst<\/li>\n\n\n\n<li><strong>Schulische Veranstaltungen<\/strong>, z.B. Infoabende, Lesungen, Tag der offenen T\u00fcr<\/li>\n\n\n\n<li><strong>Projekte der Schule<\/strong>, z.B. Elterncaf\u00e9, Busfahrten f\u00fcr Ausfl\u00fcge etc.<\/li>\n<\/ul>\n\n\n\n<p>Eine der wichtigsten Aufgaben in unserer Gesellschaft ist es, die Entwicklung und das Lernen der Kinder und Jugendlichen zu unterst\u00fctzen. Je mehr Menschen sich daran mit ihren Ideen, ihren F\u00e4higkeiten, ihrer Zeit und ihrem Geld beteiligen, desto besser! Unser F\u00f6rderverein bietet viele M\u00f6glichkeiten, etwas f\u00fcr das Wohl unserer Schule und f\u00fcr die Lern- und Entwicklungschancen unserer Sch\u00fclerinnen und Sch\u00fcler zu tun.<\/p>\n\n\n\n<p>Deshalb engagieren wir uns!<\/p>\n\n\n\n<p>Kontakt: <a href=\"mailto:foerderverein@igszeven.de\">Mail an den F\u00f6rderverein<\/a><\/p>\n\n\n\n<p><a href=\"https:\/\/www.igs-zeven.de\/wp\/?page_id=101#flyer\" data-type=\"page\" data-id=\"101\">Flyer das F\u00f6rdervereins mit Beitrittserkl\u00e4rung<\/a><\/p>\n","protected":false},"excerpt":{"rendered":"<p>Der F\u00f6rderverein der Carl-Friedrich-Gau\u00df-Schule springt ein, wo das Budget der Schule endet. Mit Hilfe von Mitgliedsbeitr\u00e4gen und Spenden erm\u00f6glichen wir &hellip; <\/p>\n","protected":false},"author":1,"featured_media":0,"parent":0,"menu_order":0,"comment_status":"closed","ping_status":"closed","template":"","meta":{"pgc_sgb_lightbox_settings":"","footnotes":""},"class_list":["post-223","page","type-page","status-publish","hentry"],"_links":{"self":[{"href":"https:\/\/www.igs-zeven.de\/wp\/index.php?rest_route=\/wp\/v2\/pages\/223","targetHints":{"allow":["GET"]}}],"collection":[{"href":"https:\/\/www.igs-zeven.de\/wp\/index.php?rest_route=\/wp\/v2\/pages"}],"about":[{"href":"https:\/\/www.igs-zeven.de\/wp\/index.php?rest_route=\/wp\/v2\/types\/page"}],"author":[{"embeddable":true,"href":"https:\/\/www.igs-zeven.de\/wp\/index.php?rest_route=\/wp\/v2\/users\/1"}],"replies":[{"embeddable":true,"href":"https:\/\/www.igs-zeven.de\/wp\/index.php?rest_route=%2Fwp%2Fv2%2Fcomments&post=223"}],"version-history":[{"count":6,"href":"https:\/\/www.igs-zeven.de\/wp\/index.php?rest_route=\/wp\/v2\/pages\/223\/revisions"}],"predecessor-version":[{"id":895,"href":"https:\/\/www.igs-zeven.de\/wp\/index.php?rest_route=\/wp\/v2\/pages\/223\/revisions\/895"}],"wp:attachment":[{"href":"https:\/\/www.igs-zeven.de\/wp\/index.php?rest_route=%2Fwp%2Fv2%2Fmedia&parent=223"}],"curies":[{"name":"wp","href":"https:\/\/api.w.org\/{rel}","templated":true}]}}