{"id":2122,"date":"2025-04-01T12:57:31","date_gmt":"2025-04-01T10:57:31","guid":{"rendered":"https:\/\/www.igs-zeven.de\/wp\/?page_id=2122"},"modified":"2025-10-07T10:01:44","modified_gmt":"2025-10-07T08:01:44","slug":"wir-suchen-bufdis","status":"publish","type":"page","link":"https:\/\/www.igs-zeven.de\/wp\/?page_id=2122","title":{"rendered":"Wir suchen Bufdis"},"content":{"rendered":"\n<p>Wir suchen in jedem Schuljahr Bundesfreiwilligendienstleistende (Bufdis). Regul\u00e4r beginnt die T\u00e4tigkeit mit Beginn des Schuljahrs im Sommer.<\/p>\n\n\n\n<h4 class=\"wp-block-heading\">Der Bundesfreiwilligendienst an der IGS Zeven<\/h4>\n\n\n\n<p><strong>Allgemeines Ziel<\/strong>&nbsp;in der Pr\u00e4ambel zum Bufdi-Vertrag des Bundesamtes f\u00fcr Familie und zivilgesellschaftliche Aufgaben ist es sich zu &#8222;engagieren \u2026 f\u00fcr das Gemeinwohl \u2026 \u00fcberwiegend praktische Hilfst\u00e4tigkeiten in gemeinwohlorientierten Einrichtungen \u2026 f\u00f6rdert das zivilgesellschaftliche Engagement \u2026 aller Generationen \u2026 und damit lebenslanges Lernen\u2026\u201c&nbsp;<\/p>\n\n\n\n<p><strong>Unsere Intention&nbsp;<\/strong>ist das<strong>&nbsp;<\/strong>Kennenlernen der Berufsbilder im Schulsystem, Arbeitsalltag erleben, p\u00e4dagogische Aufgaben mit Rollenwechsel erfahren, Reflektion des eigenen Handelns, Pers\u00f6nlichkeitsentwicklung, Kl\u00e4rung des eigenen Berufswunsches, u.a..<\/p>\n\n\n\n<p><strong>Du hast&nbsp;<\/strong>Freude und Interesse am Umgang auch mit \u00e4lteren Sch\u00fclerInnen, lernst und hilfst gern verl\u00e4sslich und bist motiviert und bereit im Team zu arbeiten.<\/p>\n\n\n\n<p><strong>Wir bieten<\/strong>&nbsp;dir die Rahmenbedingungen wie geregelte Arbeitszeit, Entlohnung, Urlaubsanspruch, p\u00e4dagogische Begleitung und eine einmalige Erfahrungsm\u00f6glichkeit mit netten Menschen.<\/p>\n\n\n<div class=\"wp-block-image\">\n<figure class=\"aligncenter size-full\"><a href=\"https:\/\/www.igs-zeven.de\/wp\/wordpress\/wp-content\/uploads\/2025\/04\/Bildschirmfoto-2025-04-03-um-10.03.27.png\"><img loading=\"lazy\" decoding=\"async\" width=\"1938\" height=\"1572\" src=\"https:\/\/www.igs-zeven.de\/wp\/wordpress\/wp-content\/uploads\/2025\/04\/Bildschirmfoto-2025-04-03-um-10.03.27.png\" alt=\"\" class=\"wp-image-2149\" srcset=\"https:\/\/www.igs-zeven.de\/wp\/wordpress\/wp-content\/uploads\/2025\/04\/Bildschirmfoto-2025-04-03-um-10.03.27.png 1938w, https:\/\/www.igs-zeven.de\/wp\/wordpress\/wp-content\/uploads\/2025\/04\/Bildschirmfoto-2025-04-03-um-10.03.27-300x243.png 300w, https:\/\/www.igs-zeven.de\/wp\/wordpress\/wp-content\/uploads\/2025\/04\/Bildschirmfoto-2025-04-03-um-10.03.27-1024x831.png 1024w, https:\/\/www.igs-zeven.de\/wp\/wordpress\/wp-content\/uploads\/2025\/04\/Bildschirmfoto-2025-04-03-um-10.03.27-768x623.png 768w, https:\/\/www.igs-zeven.de\/wp\/wordpress\/wp-content\/uploads\/2025\/04\/Bildschirmfoto-2025-04-03-um-10.03.27-1536x1246.png 1536w\" sizes=\"auto, (max-width: 1938px) 100vw, 1938px\" \/><\/a><\/figure>\n<\/div>\n\n\n<h4 class=\"wp-block-heading has-text-align-center\">Einen Eindruck der vielf\u00e4ltigen Arbeit an unserer Schule vermittelt das Video, das unsere Bufdis des Schuljahres 202<em>0\/21 <\/em>gedreht haben.<\/h4>\n\n\n\n<figure class=\"wp-block-embed aligncenter is-type-video is-provider-youtube wp-block-embed-youtube wp-embed-aspect-16-9 wp-has-aspect-ratio\"><div class=\"wp-block-embed__wrapper\">\n<iframe loading=\"lazy\" title=\"Die Bufdis der IGS Zeven\" width=\"1200\" height=\"675\" src=\"https:\/\/www.youtube.com\/embed\/T-SoW7LSEiU?feature=oembed\" frameborder=\"0\" allow=\"accelerometer; autoplay; clipboard-write; encrypted-media; gyroscope; picture-in-picture; web-share\" referrerpolicy=\"strict-origin-when-cross-origin\" allowfullscreen><\/iframe>\n<\/div><\/figure>\n\n\n\n<h2 class=\"wp-block-heading has-text-align-center\">Haben wir dein Interesse geweckt? <\/h2>\n\n\n\n<p class=\"has-text-align-center\">Bei weiteren Fragen <a href=\"https:\/\/www.igs-zeven.de\/wp\/?page_id=67\" data-type=\"page\" data-id=\"67\">wende dich bitte \u00fcber das Sekretariat direkt an die Schule<\/a>.<\/p>\n\n\n\n<h2 class=\"wp-block-heading has-text-align-center\">Du kennst jemanden, der zu uns passen w\u00fcrde?<\/h2>\n\n\n\n<p class=\"has-text-align-center\">Dann empfiehl diese Seite gerne weiter.<\/p>\n\n\n<div class=\"wp-block-image is-style-default\">\n<figure class=\"aligncenter size-full is-resized\"><img loading=\"lazy\" decoding=\"async\" width=\"941\" height=\"950\" src=\"https:\/\/www.igs-zeven.de\/wp\/wordpress\/wp-content\/uploads\/2025\/10\/QR.png\" alt=\"\" class=\"wp-image-2321\" style=\"width:217px;height:auto\" srcset=\"https:\/\/www.igs-zeven.de\/wp\/wordpress\/wp-content\/uploads\/2025\/10\/QR.png 941w, https:\/\/www.igs-zeven.de\/wp\/wordpress\/wp-content\/uploads\/2025\/10\/QR-297x300.png 297w, https:\/\/www.igs-zeven.de\/wp\/wordpress\/wp-content\/uploads\/2025\/10\/QR-150x150.png 150w, https:\/\/www.igs-zeven.de\/wp\/wordpress\/wp-content\/uploads\/2025\/10\/QR-768x775.png 768w\" sizes=\"auto, (max-width: 941px) 100vw, 941px\" \/><\/figure>\n<\/div>\n\n\n<p><\/p>\n\n\n\n<p><\/p>\n","protected":false},"excerpt":{"rendered":"<p>Wir suchen in jedem Schuljahr Bundesfreiwilligendienstleistende (Bufdis). Regul\u00e4r beginnt die T\u00e4tigkeit mit Beginn des Schuljahrs im Sommer. Der Bundesfreiwilligendienst an &hellip; <\/p>\n","protected":false},"author":1,"featured_media":0,"parent":0,"menu_order":0,"comment_status":"closed","ping_status":"closed","template":"","meta":{"pgc_sgb_lightbox_settings":"","footnotes":""},"class_list":["post-2122","page","type-page","status-publish","hentry"],"_links":{"self":[{"href":"https:\/\/www.igs-zeven.de\/wp\/index.php?rest_route=\/wp\/v2\/pages\/2122","targetHints":{"allow":["GET"]}}],"collection":[{"href":"https:\/\/www.igs-zeven.de\/wp\/index.php?rest_route=\/wp\/v2\/pages"}],"about":[{"href":"https:\/\/www.igs-zeven.de\/wp\/index.php?rest_route=\/wp\/v2\/types\/page"}],"author":[{"embeddable":true,"href":"https:\/\/www.igs-zeven.de\/wp\/index.php?rest_route=\/wp\/v2\/users\/1"}],"replies":[{"embeddable":true,"href":"https:\/\/www.igs-zeven.de\/wp\/index.php?rest_route=%2Fwp%2Fv2%2Fcomments&post=2122"}],"version-history":[{"count":20,"href":"https:\/\/www.igs-zeven.de\/wp\/index.php?rest_route=\/wp\/v2\/pages\/2122\/revisions"}],"predecessor-version":[{"id":2322,"href":"https:\/\/www.igs-zeven.de\/wp\/index.php?rest_route=\/wp\/v2\/pages\/2122\/revisions\/2322"}],"wp:attachment":[{"href":"https:\/\/www.igs-zeven.de\/wp\/index.php?rest_route=%2Fwp%2Fv2%2Fmedia&parent=2122"}],"curies":[{"name":"wp","href":"https:\/\/api.w.org\/{rel}","templated":true}]}}