{"id":2074,"date":"2025-03-27T08:13:48","date_gmt":"2025-03-27T07:13:48","guid":{"rendered":"https:\/\/www.igs-zeven.de\/wp\/?page_id=2074"},"modified":"2025-04-01T21:15:33","modified_gmt":"2025-04-01T19:15:33","slug":"startseite-2","status":"publish","type":"page","link":"https:\/\/www.igs-zeven.de\/wp\/","title":{"rendered":"Herzlich Willkommen an der IGS Zeven!"},"content":{"rendered":"\n<h4 class=\"wp-block-heading\">Ihre Schule f\u00fcr gemeinsames Lernen und individuelle Entwicklung<\/h4>\n\n\n\n<p>Liebe Sch\u00fclerinnen und Sch\u00fcler, liebe Eltern,<\/p>\n\n\n\n<p>ich freue mich sehr, Sie auf der Homepage der Integrierten Gesamtschule Zeven begr\u00fc\u00dfen zu d\u00fcrfen. Mein Name ist Ina Franke, ich bin die Schulleiterin dieser besonderen Schule \u2013 und ich lade Sie herzlich ein, unsere IGS kennenzulernen: einen modernen Lernort, an dem jedes Kind mit seinen individuellen St\u00e4rken gesehen, gef\u00f6rdert und wertgesch\u00e4tzt wird.<\/p>\n\n\n<div class=\"pgc-sgb-cb wp-block-pgcsimplygalleryblock-slider \" data-gallery-id=\"f6656643\"style=&quot;min-height:320px&quot;><div class=\"sgb-preloader\" id=\"pr_f6656643\">\n\t<div class=\"sgb-square\" style=\"background:#d4d4d4\"><\/div>\n\t<div class=\"sgb-square\" style=\"background:#d4d4d4\"><\/div>\n\t<div class=\"sgb-square\" style=\"background:#d4d4d4\"><\/div>\n\t<div class=\"sgb-square\" style=\"background:#d4d4d4\"><\/div><\/div><div class=\"simply-gallery-amp pgc_sgb_slider \"><noscript><div class=\"sgb-gallery\"><div class=\"sgb-item\"><a href=\"https:\/\/www.igs-zeven.de\/wp\/?attachment_id=2082\" target=\"_blank\"><img decoding=\"async\" alt=\"\" width=\"300\" height=\"300\" loading=\"lazy\" src=\"https:\/\/www.igs-zeven.de\/wp\/wordpress\/wp-content\/uploads\/2025\/03\/DELF-2023001-300x300.jpg\" srcset=\"https:\/\/www.igs-zeven.de\/wp\/wordpress\/wp-content\/uploads\/2025\/03\/DELF-2023001-300x300.jpg 300w,https:\/\/www.igs-zeven.de\/wp\/wordpress\/wp-content\/uploads\/2025\/03\/DELF-2023001-1024x1024.jpg 1024w,https:\/\/www.igs-zeven.de\/wp\/wordpress\/wp-content\/uploads\/2025\/03\/DELF-2023001-scaled.jpg 2560w\" sizes=\"auto, 250px\"\/><\/a><\/div><div class=\"sgb-item\"><a href=\"https:\/\/www.igs-zeven.de\/wp\/?attachment_id=2083\" target=\"_blank\"><img decoding=\"async\" alt=\"\" width=\"300\" height=\"265\" loading=\"lazy\" src=\"https:\/\/www.igs-zeven.de\/wp\/wordpress\/wp-content\/uploads\/2025\/03\/Biene-scaled-e1743062921880-300x265.jpg\" srcset=\"https:\/\/www.igs-zeven.de\/wp\/wordpress\/wp-content\/uploads\/2025\/03\/Biene-scaled-e1743062921880-300x265.jpg 300w,https:\/\/www.igs-zeven.de\/wp\/wordpress\/wp-content\/uploads\/2025\/03\/Biene-scaled-e1743062921880-1024x905.jpg 1024w,https:\/\/www.igs-zeven.de\/wp\/wordpress\/wp-content\/uploads\/2025\/03\/Biene-scaled-e1743062921880.jpg 1604w\" sizes=\"auto, 250px\"\/><\/a><\/div><div class=\"sgb-item\"><a href=\"https:\/\/www.igs-zeven.de\/wp\/?attachment_id=2084\" target=\"_blank\"><img decoding=\"async\" alt=\"\" width=\"300\" height=\"194\" loading=\"lazy\" src=\"https:\/\/www.igs-zeven.de\/wp\/wordpress\/wp-content\/uploads\/2025\/03\/DELF-2023001_01-scaled-e1743063021258-300x194.jpg\" srcset=\"https:\/\/www.igs-zeven.de\/wp\/wordpress\/wp-content\/uploads\/2025\/03\/DELF-2023001_01-scaled-e1743063021258-300x194.jpg 300w,https:\/\/www.igs-zeven.de\/wp\/wordpress\/wp-content\/uploads\/2025\/03\/DELF-2023001_01-scaled-e1743063021258-1024x663.jpg 1024w,https:\/\/www.igs-zeven.de\/wp\/wordpress\/wp-content\/uploads\/2025\/03\/DELF-2023001_01-scaled-e1743063021258.jpg 2176w\" sizes=\"auto, 250px\"\/><\/a><\/div><div class=\"sgb-item\"><a href=\"https:\/\/www.igs-zeven.de\/wp\/?attachment_id=1202\" target=\"_blank\"><img decoding=\"async\" alt=\"\" width=\"300\" height=\"199\" loading=\"lazy\" src=\"https:\/\/www.igs-zeven.de\/wp\/wordpress\/wp-content\/uploads\/2024\/04\/Bachmannmuseum_DSC_9140-Kopie-300x199.jpg\" srcset=\"https:\/\/www.igs-zeven.de\/wp\/wordpress\/wp-content\/uploads\/2024\/04\/Bachmannmuseum_DSC_9140-Kopie-300x199.jpg 300w,https:\/\/www.igs-zeven.de\/wp\/wordpress\/wp-content\/uploads\/2024\/04\/Bachmannmuseum_DSC_9140-Kopie-1024x680.jpg 1024w,https:\/\/www.igs-zeven.de\/wp\/wordpress\/wp-content\/uploads\/2024\/04\/Bachmannmuseum_DSC_9140-Kopie-scaled.jpg 2560w\" sizes=\"auto, 250px\"\/><\/a><\/div><div class=\"sgb-item\"><a href=\"https:\/\/www.igs-zeven.de\/wp\/?attachment_id=1702\" target=\"_blank\"><img decoding=\"async\" alt=\"\" width=\"300\" height=\"225\" loading=\"lazy\" src=\"https:\/\/www.igs-zeven.de\/wp\/wordpress\/wp-content\/uploads\/2025\/03\/HN1_3649-300x225.jpg\" srcset=\"https:\/\/www.igs-zeven.de\/wp\/wordpress\/wp-content\/uploads\/2025\/03\/HN1_3649-300x225.jpg 300w,https:\/\/www.igs-zeven.de\/wp\/wordpress\/wp-content\/uploads\/2025\/03\/HN1_3649-1024x768.jpg 1024w,https:\/\/www.igs-zeven.de\/wp\/wordpress\/wp-content\/uploads\/2025\/03\/HN1_3649-scaled.jpg 2560w\" sizes=\"auto, 250px\"\/><\/a><\/div><div class=\"sgb-item\"><a href=\"https:\/\/www.igs-zeven.de\/wp\/?attachment_id=1521\" target=\"_blank\"><img decoding=\"async\" alt=\"\" width=\"300\" height=\"300\" loading=\"lazy\" src=\"https:\/\/www.igs-zeven.de\/wp\/wordpress\/wp-content\/uploads\/2024\/12\/HN1_2936-300x300.jpg\" srcset=\"https:\/\/www.igs-zeven.de\/wp\/wordpress\/wp-content\/uploads\/2024\/12\/HN1_2936-300x300.jpg 300w,https:\/\/www.igs-zeven.de\/wp\/wordpress\/wp-content\/uploads\/2024\/12\/HN1_2936-1024x1024.jpg 1024w,https:\/\/www.igs-zeven.de\/wp\/wordpress\/wp-content\/uploads\/2024\/12\/HN1_2936-scaled.jpg 2560w\" sizes=\"auto, 250px\"\/><\/a><\/div><\/div><\/noscript><\/div><script type=\"application\/json\" class=\"sgb-data\">{\"externalLink\":false,\"captions\":false,\"collectionThumbSubMenuDownload\":false,\"collectionThumbSubMenuShare\":false,\"sliderMaxHeight\":320,\"sliderAdminWidth\":395,\"collectionColumns\":5,\"galleryType\":\"pgc_sgb_slider\",\"galleryId\":\"f6656643\",\"images\":[{\"id\":2082,\"title\":\"DELF 2023001\",\"url\":\"https:\/\/www.igs-zeven.de\/wp\/wordpress\/wp-content\/uploads\/2025\/03\/DELF-2023001-scaled.jpg\",\"link\":\"https:\/\/www.igs-zeven.de\/wp\/?attachment_id=2082\",\"alt\":\"\",\"description\":\"\",\"caption\":\"\",\"mime\":\"image\/jpeg\",\"type\":\"image\",\"width\":2560,\"height\":2560,\"sizes\":{\"thumbnail\":{\"height\":150,\"width\":150,\"url\":\"https:\/\/www.igs-zeven.de\/wp\/wordpress\/wp-content\/uploads\/2025\/03\/DELF-2023001-150x150.jpg\",\"orientation\":\"landscape\"},\"medium\":{\"height\":300,\"width\":300,\"url\":\"https:\/\/www.igs-zeven.de\/wp\/wordpress\/wp-content\/uploads\/2025\/03\/DELF-2023001-300x300.jpg\",\"orientation\":\"landscape\"},\"large\":{\"height\":1024,\"width\":1024,\"url\":\"https:\/\/www.igs-zeven.de\/wp\/wordpress\/wp-content\/uploads\/2025\/03\/DELF-2023001-1024x1024.jpg\",\"orientation\":\"landscape\"},\"full\":{\"url\":\"https:\/\/www.igs-zeven.de\/wp\/wordpress\/wp-content\/uploads\/2025\/03\/DELF-2023001-scaled.jpg\",\"height\":2560,\"width\":2560,\"orientation\":\"landscape\"}},\"imageMeta\":{\"aperture\":\"4\",\"credit\":\"Hannes Neumann\",\"camera\":\"NIKON D300S\",\"caption\":\"\",\"created_timestamp\":\"1706699161\",\"copyright\":\"Hannes Neumann\",\"focal_length\":\"24\",\"iso\":\"1600\",\"shutter_speed\":\"0.016666666666667\",\"title\":\"\",\"orientation\":\"1\",\"keywords\":[]},\"meta\":false,\"postlink\":\"https:\/\/www.igs-zeven.de\/wp\/?attachment_id=2082\"},{\"id\":2083,\"title\":\"\",\"url\":\"https:\/\/www.igs-zeven.de\/wp\/wordpress\/wp-content\/uploads\/2025\/03\/Biene-scaled-e1743062921880.jpg\",\"link\":\"https:\/\/www.igs-zeven.de\/wp\/?attachment_id=2083\",\"alt\":\"\",\"description\":\"\",\"caption\":\"\",\"mime\":\"image\/jpeg\",\"type\":\"image\",\"width\":1604,\"height\":1417,\"sizes\":{\"thumbnail\":{\"height\":150,\"width\":150,\"url\":\"https:\/\/www.igs-zeven.de\/wp\/wordpress\/wp-content\/uploads\/2025\/03\/Biene-scaled-e1743062921880-150x150.jpg\",\"orientation\":\"landscape\"},\"medium\":{\"height\":265,\"width\":300,\"url\":\"https:\/\/www.igs-zeven.de\/wp\/wordpress\/wp-content\/uploads\/2025\/03\/Biene-scaled-e1743062921880-300x265.jpg\",\"orientation\":\"landscape\"},\"large\":{\"height\":905,\"width\":1024,\"url\":\"https:\/\/www.igs-zeven.de\/wp\/wordpress\/wp-content\/uploads\/2025\/03\/Biene-scaled-e1743062921880-1024x905.jpg\",\"orientation\":\"landscape\"},\"full\":{\"url\":\"https:\/\/www.igs-zeven.de\/wp\/wordpress\/wp-content\/uploads\/2025\/03\/Biene-scaled-e1743062921880.jpg\",\"height\":1417,\"width\":1604,\"orientation\":\"landscape\"}},\"imageMeta\":{\"aperture\":\"0\",\"credit\":\"\",\"camera\":\"\",\"caption\":\"Screenshot\",\"created_timestamp\":\"0\",\"copyright\":\"\",\"focal_length\":\"0\",\"iso\":\"0\",\"shutter_speed\":\"0\",\"title\":\"Screenshot\",\"orientation\":\"1\",\"keywords\":[]},\"meta\":false,\"postlink\":\"https:\/\/www.igs-zeven.de\/wp\/?attachment_id=2083\"},{\"id\":2084,\"title\":\"DELF 2023001_01\",\"url\":\"https:\/\/www.igs-zeven.de\/wp\/wordpress\/wp-content\/uploads\/2025\/03\/DELF-2023001_01-scaled-e1743063021258.jpg\",\"link\":\"https:\/\/www.igs-zeven.de\/wp\/?attachment_id=2084\",\"alt\":\"\",\"description\":\"\",\"caption\":\"\",\"mime\":\"image\/jpeg\",\"type\":\"image\",\"width\":2176,\"height\":1408,\"sizes\":{\"thumbnail\":{\"height\":150,\"width\":150,\"url\":\"https:\/\/www.igs-zeven.de\/wp\/wordpress\/wp-content\/uploads\/2025\/03\/DELF-2023001_01-scaled-e1743063021258-150x150.jpg\",\"orientation\":\"landscape\"},\"medium\":{\"height\":194,\"width\":300,\"url\":\"https:\/\/www.igs-zeven.de\/wp\/wordpress\/wp-content\/uploads\/2025\/03\/DELF-2023001_01-scaled-e1743063021258-300x194.jpg\",\"orientation\":\"landscape\"},\"large\":{\"height\":663,\"width\":1024,\"url\":\"https:\/\/www.igs-zeven.de\/wp\/wordpress\/wp-content\/uploads\/2025\/03\/DELF-2023001_01-scaled-e1743063021258-1024x663.jpg\",\"orientation\":\"landscape\"},\"full\":{\"url\":\"https:\/\/www.igs-zeven.de\/wp\/wordpress\/wp-content\/uploads\/2025\/03\/DELF-2023001_01-scaled-e1743063021258.jpg\",\"height\":1408,\"width\":2176,\"orientation\":\"landscape\"}},\"imageMeta\":{\"aperture\":\"4\",\"credit\":\"Hannes Neumann\",\"camera\":\"NIKON D300S\",\"caption\":\"\",\"created_timestamp\":\"1706698293\",\"copyright\":\"Hannes Neumann\",\"focal_length\":\"20\",\"iso\":\"200\",\"shutter_speed\":\"0.033333333333333\",\"title\":\"\",\"orientation\":\"1\",\"keywords\":[]},\"meta\":false,\"postlink\":\"https:\/\/www.igs-zeven.de\/wp\/?attachment_id=2084\"},{\"id\":1202,\"title\":\"Bachmannmuseum_DSC_9140 Kopie\",\"url\":\"https:\/\/www.igs-zeven.de\/wp\/wordpress\/wp-content\/uploads\/2024\/04\/Bachmannmuseum_DSC_9140-Kopie-scaled.jpg\",\"link\":\"https:\/\/www.igs-zeven.de\/wp\/?attachment_id=1202\",\"alt\":\"\",\"description\":\"\",\"caption\":\"\",\"mime\":\"image\/jpeg\",\"type\":\"image\",\"width\":2560,\"height\":1700,\"sizes\":{\"thumbnail\":{\"height\":150,\"width\":150,\"url\":\"https:\/\/www.igs-zeven.de\/wp\/wordpress\/wp-content\/uploads\/2024\/04\/Bachmannmuseum_DSC_9140-Kopie-150x150.jpg\",\"orientation\":\"landscape\"},\"medium\":{\"height\":199,\"width\":300,\"url\":\"https:\/\/www.igs-zeven.de\/wp\/wordpress\/wp-content\/uploads\/2024\/04\/Bachmannmuseum_DSC_9140-Kopie-300x199.jpg\",\"orientation\":\"landscape\"},\"large\":{\"height\":680,\"width\":1024,\"url\":\"https:\/\/www.igs-zeven.de\/wp\/wordpress\/wp-content\/uploads\/2024\/04\/Bachmannmuseum_DSC_9140-Kopie-1024x680.jpg\",\"orientation\":\"landscape\"},\"full\":{\"url\":\"https:\/\/www.igs-zeven.de\/wp\/wordpress\/wp-content\/uploads\/2024\/04\/Bachmannmuseum_DSC_9140-Kopie-scaled.jpg\",\"height\":1700,\"width\":2560,\"orientation\":\"landscape\"}},\"imageMeta\":{\"aperture\":\"7.1\",\"credit\":\"Hannes Neumann\",\"camera\":\"NIKON D300S\",\"caption\":\"\",\"created_timestamp\":\"1557912143\",\"copyright\":\"Hannes Neumann\",\"focal_length\":\"78\",\"iso\":\"200\",\"shutter_speed\":\"0.005\",\"title\":\"\",\"orientation\":\"1\",\"keywords\":[]},\"meta\":false,\"postlink\":\"https:\/\/www.igs-zeven.de\/wp\/?attachment_id=1202\"},{\"id\":1702,\"title\":\"HN1_3649\",\"url\":\"https:\/\/www.igs-zeven.de\/wp\/wordpress\/wp-content\/uploads\/2025\/03\/HN1_3649-scaled.jpg\",\"link\":\"https:\/\/www.igs-zeven.de\/wp\/?attachment_id=1702\",\"alt\":\"\",\"description\":\"\",\"caption\":\"\",\"mime\":\"image\/jpeg\",\"type\":\"image\",\"width\":2560,\"height\":1920,\"sizes\":{\"thumbnail\":{\"height\":150,\"width\":150,\"url\":\"https:\/\/www.igs-zeven.de\/wp\/wordpress\/wp-content\/uploads\/2025\/03\/HN1_3649-150x150.jpg\",\"orientation\":\"landscape\"},\"medium\":{\"height\":225,\"width\":300,\"url\":\"https:\/\/www.igs-zeven.de\/wp\/wordpress\/wp-content\/uploads\/2025\/03\/HN1_3649-300x225.jpg\",\"orientation\":\"landscape\"},\"large\":{\"height\":768,\"width\":1024,\"url\":\"https:\/\/www.igs-zeven.de\/wp\/wordpress\/wp-content\/uploads\/2025\/03\/HN1_3649-1024x768.jpg\",\"orientation\":\"landscape\"},\"full\":{\"url\":\"https:\/\/www.igs-zeven.de\/wp\/wordpress\/wp-content\/uploads\/2025\/03\/HN1_3649-scaled.jpg\",\"height\":1920,\"width\":2560,\"orientation\":\"landscape\"}},\"imageMeta\":{\"aperture\":\"3.8\",\"credit\":\"Hannes_Neumann\",\"camera\":\"NIKON D610\",\"caption\":\"\",\"created_timestamp\":\"1741278998\",\"copyright\":\"Hannes_Neumann\",\"focal_length\":\"34\",\"iso\":\"400\",\"shutter_speed\":\"0.016666666666667\",\"title\":\"\",\"orientation\":\"1\",\"keywords\":[]},\"meta\":false,\"postlink\":\"https:\/\/www.igs-zeven.de\/wp\/?attachment_id=1702\"},{\"id\":1521,\"title\":\"HN1_2936\",\"url\":\"https:\/\/www.igs-zeven.de\/wp\/wordpress\/wp-content\/uploads\/2024\/12\/HN1_2936-scaled.jpg\",\"link\":\"https:\/\/www.igs-zeven.de\/wp\/?attachment_id=1521\",\"alt\":\"\",\"description\":\"\",\"caption\":\"\",\"mime\":\"image\/jpeg\",\"type\":\"image\",\"width\":2560,\"height\":2560,\"sizes\":{\"thumbnail\":{\"height\":150,\"width\":150,\"url\":\"https:\/\/www.igs-zeven.de\/wp\/wordpress\/wp-content\/uploads\/2024\/12\/HN1_2936-150x150.jpg\",\"orientation\":\"landscape\"},\"medium\":{\"height\":300,\"width\":300,\"url\":\"https:\/\/www.igs-zeven.de\/wp\/wordpress\/wp-content\/uploads\/2024\/12\/HN1_2936-300x300.jpg\",\"orientation\":\"landscape\"},\"large\":{\"height\":1024,\"width\":1024,\"url\":\"https:\/\/www.igs-zeven.de\/wp\/wordpress\/wp-content\/uploads\/2024\/12\/HN1_2936-1024x1024.jpg\",\"orientation\":\"landscape\"},\"full\":{\"url\":\"https:\/\/www.igs-zeven.de\/wp\/wordpress\/wp-content\/uploads\/2024\/12\/HN1_2936-scaled.jpg\",\"height\":2560,\"width\":2560,\"orientation\":\"landscape\"}},\"imageMeta\":{\"aperture\":\"4.5\",\"credit\":\"Hannes_Neumann\",\"camera\":\"NIKON D610\",\"caption\":\"\",\"created_timestamp\":\"1734343772\",\"copyright\":\"Hannes_Neumann\",\"focal_length\":\"38\",\"iso\":\"400\",\"shutter_speed\":\"0.02\",\"title\":\"\",\"orientation\":\"1\",\"keywords\":[]},\"meta\":false,\"postlink\":\"https:\/\/www.igs-zeven.de\/wp\/?attachment_id=1521\"}],\"orderBy\":\"random\",\"sliderItemTitleFontSize\":20,\"sliderSlideshow\":false,\"sliderZoomEnable\":false,\"extended_widget_opts_block\":{},\"extended_widget_opts\":{},\"extended_widget_opts_state\":\"\",\"extended_widget_opts_clientid\":\"\",\"dateUpdated\":\"\",\"openPopupId\":\"\",\"itemsMetaDataCollection\":[]}<\/script><script>(function(){if(window.PGC_SGB && window.PGC_SGB.searcher){window.PGC_SGB.searcher.initBlocks()}})()<\/script><\/div>\n\n\n<p><\/p>\n\n\n\n<p><strong>Warum die IGS Zeven? Weil Ihr Kind mehr ist als eine Note.<\/strong><\/p>\n\n\n\n<p>Viele Eltern stellen sich die Frage: Ist die Gesamtschule auch f\u00fcr leistungsstarke Kinder die richtige Wahl? Und ich kann Ihnen mit voller \u00dcberzeugung sagen: Ja, das ist sie! An der IGS Zeven geht es nicht darum, Kinder in Schubladen zu stecken, sondern ihnen Raum zu geben, sich in ihrem eigenen Tempo und mit ihren eigenen Interessen zu entfalten.<\/p>\n\n\n\n<p>Wir bieten alle Schulabschl\u00fcsse an \u2013 vom F\u00f6rderschulabschluss bis hin zum Abitur. Gerade unsere Zusammenarbeit mit dem Kivinan Bildungszentrum in der Oberstufe er\u00f6ffnet vielf\u00e4ltige M\u00f6glichkeiten, individuelle Schwerpunkte zu setzen.<\/p>\n\n\n\n<p><strong>Gemeinsam lernen \u2013 stark durch Vielfalt<\/strong><\/p>\n\n\n\n<p>An unserer Schule lernen Kinder unterschiedlichster Begabungen gemeinsam. Das st\u00e4rkt nicht nur das soziale Miteinander, sondern er\u00f6ffnet jedem Kind die Chance, von anderen zu lernen und mit anderen zu wachsen. In den Hauptf\u00e4chern differenzieren wir nach Leistungsniveaus \u2013 das bedeutet: Ihr Kind wird genau dort abgeholt, wo es steht, und gezielt gef\u00f6rdert.<\/p>\n\n\n\n<p>Leistungsstarke Kinder finden bei uns Herausforderungen \u2013 ohne den Druck, der oft dem Gymnasium zugeschrieben wird. Kinder, die in einem Fach schw\u00e4cher sind, bekommen die n\u00f6tige Unterst\u00fctzung \u2013 ohne Angst vor dem Sitzenbleiben. Niemand muss bei uns die Klasse wiederholen oder die Schule verlassen. Das schafft Vertrauen und eine positive Lernatmosph\u00e4re.<\/p>\n\n\n\n<p><strong>Lernen f\u00fcrs Leben \u2013 mit Herz, Kopf und Hand<\/strong><\/p>\n\n\n\n<p>Ich sehe Schule als lebendigen Lernraum: Einen Ort, an dem Sch\u00fclerinnen und Sch\u00fcler ihre Pers\u00f6nlichkeit entwickeln, Erfahrungen sammeln, kreativ sein und sich selbst entdecken d\u00fcrfen. Praxisnahes und projektorientiertes Lernen ist fester Bestandteil unseres Unterrichts \u2013 wir wollen, dass das Gelernte Sinn macht und im Leben ankommt.<\/p>\n\n\n\n<p>Wir f\u00f6rdern Talente \u2013 ob in den Naturwissenschaften, den Sprachen, der Kunst oder im Sport. Unser vielf\u00e4ltiges Ganztagsangebot bietet zus\u00e4tzliche R\u00e4ume zur Entfaltung und individuellen F\u00f6rderung.<\/p>\n\n\n\n<p><strong>Mitgestalten erw\u00fcnscht \u2013 Vertrauen und Verantwortung<\/strong><\/p>\n\n\n\n<p>Ein wichtiges Anliegen ist mir die Mitbestimmung: Sch\u00fclerinnen und Sch\u00fcler sollen sich als aktive Gestalterinnen und Gestalter ihres Schullebens erleben. Wir leben eine demokratische Schulkultur, in der die Meinung jedes Einzelnen z\u00e4hlt. Auch der Austausch mit Eltern ist mir pers\u00f6nlich sehr wichtig \u2013 gemeinsam tragen wir Verantwortung f\u00fcr den Weg Ihrer Kinder.<\/p>\n\n\n\n<p><strong>Gemeinsam Zukunft gestalten<\/strong><\/p>\n\n\n\n<p>Ich bin stolz auf unsere engagierte Schulgemeinschaft: Lehrerinnen und Lehrer, Eltern und vor allem unsere Sch\u00fclerinnen und Sch\u00fcler machen die IGS Zeven zu einem Ort, an dem Lernen gelingt \u2013 mit Freude, Respekt und Vertrauen.<\/p>\n\n\n\n<p>Ich lade Sie herzlich ein, sich auf unserer Homepage weiter umzusehen, uns bei einem Infoabend oder Tag der offenen T\u00fcr zu besuchen \u2013 oder direkt das Gespr\u00e4ch mit uns zu suchen. Wir freuen uns darauf, Sie und Ihr Kind kennenzulernen!<\/p>\n\n\n\n<p>Mit herzlichen Gr\u00fc\u00dfen<br><strong>Ina Franke<\/strong><br>Gesamtschuldirektorin<\/p>\n\n\n\n<p><\/p>\n\n\n\n<h2 class=\"wp-block-heading\"><\/h2>\n","protected":false},"excerpt":{"rendered":"<p>Ihre Schule f\u00fcr gemeinsames Lernen und individuelle Entwicklung Liebe Sch\u00fclerinnen und Sch\u00fcler, liebe Eltern, ich freue mich sehr, Sie auf &hellip; <\/p>\n","protected":false},"author":1,"featured_media":0,"parent":0,"menu_order":0,"comment_status":"closed","ping_status":"closed","template":"","meta":{"pgc_sgb_lightbox_settings":"","footnotes":""},"class_list":["post-2074","page","type-page","status-publish","hentry"],"_links":{"self":[{"href":"https:\/\/www.igs-zeven.de\/wp\/index.php?rest_route=\/wp\/v2\/pages\/2074","targetHints":{"allow":["GET"]}}],"collection":[{"href":"https:\/\/www.igs-zeven.de\/wp\/index.php?rest_route=\/wp\/v2\/pages"}],"about":[{"href":"https:\/\/www.igs-zeven.de\/wp\/index.php?rest_route=\/wp\/v2\/types\/page"}],"author":[{"embeddable":true,"href":"https:\/\/www.igs-zeven.de\/wp\/index.php?rest_route=\/wp\/v2\/users\/1"}],"replies":[{"embeddable":true,"href":"https:\/\/www.igs-zeven.de\/wp\/index.php?rest_route=%2Fwp%2Fv2%2Fcomments&post=2074"}],"version-history":[{"count":13,"href":"https:\/\/www.igs-zeven.de\/wp\/index.php?rest_route=\/wp\/v2\/pages\/2074\/revisions"}],"predecessor-version":[{"id":2140,"href":"https:\/\/www.igs-zeven.de\/wp\/index.php?rest_route=\/wp\/v2\/pages\/2074\/revisions\/2140"}],"wp:attachment":[{"href":"https:\/\/www.igs-zeven.de\/wp\/index.php?rest_route=%2Fwp%2Fv2%2Fmedia&parent=2074"}],"curies":[{"name":"wp","href":"https:\/\/api.w.org\/{rel}","templated":true}]}}