{"id":19,"date":"2025-07-28T19:40:00","date_gmt":"2025-07-28T17:40:00","guid":{"rendered":"https:\/\/www.igs-zeven.de\/wp\/wordpress\/?page_id=19"},"modified":"2025-08-08T15:30:49","modified_gmt":"2025-08-08T13:30:49","slug":"jahrgang-6-rot","status":"publish","type":"page","link":"https:\/\/www.igs-zeven.de\/wp\/?page_id=19","title":{"rendered":"Jahrgang 7 (rot)"},"content":{"rendered":"\n<p>Willkommen im Jahrgang 7 \u2013 Gemeinsam wachsen und entdecken!<\/p>\n\n\n\n<p>Im 7. Jahrgang beginnt f\u00fcr unsere Sch\u00fclerinnen und Sch\u00fcler ein besonders spannender Abschnitt \u2013 nicht nur p\u00e4dagogisch, sondern auch digital. Ab diesem Schuljahr arbeiten sie regelm\u00e4\u00dfig an Laptops, lernen den sicheren Umgang mit Textverarbeitungs- und Pr\u00e4sentationsprogrammen und nutzen digitale Lehrwerke. So machen wir sie fit f\u00fcr die Zukunft und legen fr\u00fchzeitig die Grundlagen f\u00fcr eine kompetente Nutzung digitaler Medien.<\/p>\n\n\n\n<p>Ein besonderes Highlight im Fach Gesellschaftslehre ist das Thema Klima, das durch einen spannenden Ausflug ins Klimahaus Bremerhaven anschaulich und nachhaltig vertieft wird.<\/p>\n\n\n\n<p>Im Bereich der Berufsorientierung setzen wir mit einer Kompetenzanalyse erste gezielte Impulse: Die Sch\u00fclerinnen und Sch\u00fcler lernen ihre St\u00e4rken besser kennen und entwickeln erste Ideen f\u00fcr ihre berufliche Zukunft.&nbsp;<\/p>\n\n\n\n<p>Ein weiteres Highlight in Jahrgang 7 ist das Sprachendorf \u2013 ein praxisnahes Projekt, bei dem die Sch\u00fcler spielerisch und alltagsnah ihre Fremdsprachenkenntnisse im Fach Englisch anwenden und vertiefen k\u00f6nnen. Kommunikation, Mut zur Sprache und interkulturelle Erfahrungen stehen dabei im Mittelpunkt.<\/p>\n\n\n\n<p>Der Jahrgang 7 an unserer IGS steht f\u00fcr modernes Lernen, starke Gemeinschaft und individuelle F\u00f6rderung \u2013 ein wichtiger Schritt auf dem Weg zur Selbstst\u00e4ndigkeit.<\/p>\n","protected":false},"excerpt":{"rendered":"<p>Willkommen im Jahrgang 7 \u2013 Gemeinsam wachsen und entdecken! Im 7. Jahrgang beginnt f\u00fcr unsere Sch\u00fclerinnen und Sch\u00fcler ein besonders &hellip; <\/p>\n","protected":false},"author":1,"featured_media":0,"parent":0,"menu_order":0,"comment_status":"closed","ping_status":"closed","template":"","meta":{"pgc_sgb_lightbox_settings":"","footnotes":""},"class_list":["post-19","page","type-page","status-publish","hentry"],"_links":{"self":[{"href":"https:\/\/www.igs-zeven.de\/wp\/index.php?rest_route=\/wp\/v2\/pages\/19","targetHints":{"allow":["GET"]}}],"collection":[{"href":"https:\/\/www.igs-zeven.de\/wp\/index.php?rest_route=\/wp\/v2\/pages"}],"about":[{"href":"https:\/\/www.igs-zeven.de\/wp\/index.php?rest_route=\/wp\/v2\/types\/page"}],"author":[{"embeddable":true,"href":"https:\/\/www.igs-zeven.de\/wp\/index.php?rest_route=\/wp\/v2\/users\/1"}],"replies":[{"embeddable":true,"href":"https:\/\/www.igs-zeven.de\/wp\/index.php?rest_route=%2Fwp%2Fv2%2Fcomments&post=19"}],"version-history":[{"count":4,"href":"https:\/\/www.igs-zeven.de\/wp\/index.php?rest_route=\/wp\/v2\/pages\/19\/revisions"}],"predecessor-version":[{"id":2269,"href":"https:\/\/www.igs-zeven.de\/wp\/index.php?rest_route=\/wp\/v2\/pages\/19\/revisions\/2269"}],"wp:attachment":[{"href":"https:\/\/www.igs-zeven.de\/wp\/index.php?rest_route=%2Fwp%2Fv2%2Fmedia&parent=19"}],"curies":[{"name":"wp","href":"https:\/\/api.w.org\/{rel}","templated":true}]}}