{"id":1758,"date":"2025-03-21T11:10:28","date_gmt":"2025-03-21T10:10:28","guid":{"rendered":"https:\/\/www.igs-zeven.de\/wp\/?page_id=1758"},"modified":"2025-06-26T13:50:52","modified_gmt":"2025-06-26T11:50:52","slug":"foto-upload","status":"publish","type":"page","link":"https:\/\/www.igs-zeven.de\/wp\/?page_id=1758","title":{"rendered":"Foto-Upload"},"content":{"rendered":"<div class=\"everest-forms\"><div class=\"evf-container default\" id=\"evf-2214\"><form id=\"evf-form-2214\" class=\"everest-form\" data-formid=\"2214\" data-ajax_submission=\"0\" data-keyboard_friendly_form=\"0\" data-form_state_type=\"\" method=\"post\" enctype=\"multipart\/form-data\" action=\"\/wp\/index.php?rest_route=%2Fwp%2Fv2%2Fpages%2F1758\"><div class=\"evf-field-container\"><input type=\"hidden\" id=\"_wpnonce2214\" name=\"_wpnonce2214\" value=\"313579d834\" \/><input type=\"hidden\" name=\"_wp_http_referer\" value=\"\/wp\/index.php?rest_route=%2Fwp%2Fv2%2Fpages%2F1758\" \/><div class=\"evf-frontend-row\" data-row=\"row_1\" conditional_rules=\"[]\"><div class=\"evf-frontend-grid evf-grid-2\" data-grid=\"grid_1\"><div id=\"evf-2214-field_5R6VReUXjO-1-container\" class=\"evf-field evf-field-first-name form-row validate-required\" data-required-field-message=\"This field is required.\" data-field-id=\"5R6VReUXjO-1\"><label class=\"evf-field-label\" for=\"evf-2214-field_5R6VReUXjO-1\"><span class=\"evf-label\">Vorname<\/span> <abbr class=\"required\" title=\"Required\">*<\/abbr><\/label><input type=\"text\" id=\"evf-2214-field_5R6VReUXjO-1\" class=\"input-text\" name=\"everest_forms[form_fields][5R6VReUXjO-1]\" required><\/div><\/div><div class=\"evf-frontend-grid evf-grid-2\" data-grid=\"grid_2\"><div id=\"evf-2214-field_HcFEdMJ4XK-2-container\" class=\"evf-field evf-field-last-name form-row validate-required\" data-required-field-message=\"This field is required.\" data-field-id=\"HcFEdMJ4XK-2\"><label class=\"evf-field-label\" for=\"evf-2214-field_HcFEdMJ4XK-2\"><span class=\"evf-label\">Nachname<\/span> <abbr class=\"required\" title=\"Required\">*<\/abbr><\/label><input type=\"text\" id=\"evf-2214-field_HcFEdMJ4XK-2\" class=\"input-text\" name=\"everest_forms[form_fields][HcFEdMJ4XK-2]\" required><\/div><\/div><\/div><div class=\"evf-frontend-row\" data-row=\"row_5\" conditional_rules=\"[]\"><div class=\"evf-frontend-grid evf-grid-1\" data-grid=\"grid_1\"><div id=\"evf-2214-field_BvvAnD2YsS-9-container\" class=\"evf-field evf-field-email form-row validate-required validate-email\" data-required-field-message=\"Please enter a valid email address.\" data-field-id=\"BvvAnD2YsS-9\"><label class=\"evf-field-label\" for=\"evf-2214-field_BvvAnD2YsS-9\"><span class=\"evf-label\">Email<\/span> <abbr class=\"required\" title=\"Required\">*<\/abbr><\/label><input type=\"email\" id=\"evf-2214-field_BvvAnD2YsS-9\" class=\"input-text\" name=\"everest_forms[form_fields][BvvAnD2YsS-9]\" required ><div class=\"evf-field-description\">F\u00fcr eventuelle R\u00fcckfragen zur Ver\u00f6ffentlichung.<\/div><\/div><\/div><\/div><div class=\"evf-frontend-row\" data-row=\"row_2\" conditional_rules=\"[]\"><div class=\"evf-frontend-grid evf-grid-1\" data-grid=\"grid_1\"><div id=\"evf-2214-field_VwW1MKdhZB-4-container\" class=\"evf-field evf-field-image-upload form-row validate-required\" data-required-field-message=\"Ohne hochgeladene Bilder kann diese Nachricht nicht abgeschickt werden.\" data-field-id=\"VwW1MKdhZB-4\"><label class=\"evf-field-label\" for=\"evf-2214-field_VwW1MKdhZB-4\"><span class=\"evf-label\">Bilder hochladen<\/span> <abbr class=\"required\" title=\"Required\">*<\/abbr><\/label>\t\t<div class=\"everest-forms-uploader\"\n\t\t\tdata-field-id=\"VwW1MKdhZB-4\"\n\t\t\tdata-form-id=\"2214\"\n\t\t\tdata-input-name=\"everest_forms_2214_VwW1MKdhZB-4\"\n\t\t\tdata-extensions=\"jpg,jpeg,jpe,gif,png,bmp,tif,tiff,ico,heic,heif,webp,avif\"\n\t\t\tdata-max-size=\"33554432\"\n\t\t\tdata-max-file-number=\"1\"\n\t\t\tdata-post-max-size=\"33554432\"\n\t\t\tdata-current-file-count=\"0\"\n\t\t\t>\n\t\t\t<div class=\"dz-message\">\n\t\t\t\t<svg xmlns=\"http:\/\/www.w3.org\/2000\/svg\" viewBox=\"0 0 32 32\" width=\"32px\" height=\"32px\" fill=\"#868e96\"><path class=\"cls-1\" d=\"M18.12,17.52,17,16.4V25a1,1,0,0,1-2,0V16.4l-1.12,1.12a1,1,0,0,1-1.42,0,1,1,0,0,1,0-1.41l2.83-2.83a1,1,0,0,1,1.42,0l2.83,2.83a1,1,0,0,1-.71,1.7A1,1,0,0,1,18.12,17.52ZM22,22H20a1,1,0,0,1,0-2h2a4,4,0,0,0,.27-8,1,1,0,0,1-.84-.57,6,6,0,0,0-11.36,1.69,1,1,0,0,1-1,.86H9A3,3,0,0,0,9,20h3a1,1,0,0,1,0,2H9a5,5,0,0,1-.75-9.94A8,8,0,0,1,23,10.1,6,6,0,0,1,22,22Z\"\/><\/svg>\n\t\t\t\t<span class=\"everest-forms-upload-title\">\n\t\t\t\t\tHier klicken oder Bilder per Drag &amp; Drop hinzuf\u00fcgen.\t\t\t\t<\/span>\n\n\t\t\t\t\t\t\t\t\t<span class=\"everest-forms-upload-hint\">\n\t\t\t\t\t\tBis zu f\u00fcnf Bilder k\u00f6nnen gleichzeitig hochgeladen werden.\t\t\t\t\t<\/span>\n\t\t\t\t\t\t\t<\/div>\n\t\t\t\t\t<\/div>\n\t\t<input type=\"text\" class=\"dropzone-input input-text\" id=\"everest-forms-2214-field_VwW1MKdhZB-4\" name=\"everest_forms_2214_VwW1MKdhZB-4\" required conditional_id=\"\" conditional_rules=''>\n\t\t<\/div><\/div><\/div><div class=\"evf-frontend-row\" data-row=\"row_3\" conditional_rules=\"[]\"><div class=\"evf-frontend-grid evf-grid-1\" data-grid=\"grid_1\"><div id=\"evf-2214-field_FLUIABIsAr-12-container\" class=\"evf-field evf-field-select form-row validate-required\" data-required-field-message=\"This field is required.\" data-field-id=\"FLUIABIsAr-12\"><label class=\"evf-field-label\" for=\"evf-2214-field_FLUIABIsAr-12\"><span class=\"evf-label\">Die Fotos sind auf folgender Veranstaltung entstanden:<\/span> <abbr class=\"required\" title=\"Required\">*<\/abbr><\/label><select id=\"evf-2214-field_FLUIABIsAr-12\" class=\"input-text evf-field-required\" name=\"everest_forms[form_fields][FLUIABIsAr-12]\" required=\"required\" ><option value=\"Schulfest\" >Schulfest<\/option><option value=\"Verabschiedung Gr\u00fcn\" >Verabschiedung Gr\u00fcn<\/option><option value=\"Abientlassung\" >Abientlassung<\/option><option value=\"sonstige Veranstaltung\" >sonstige Veranstaltung<\/option><\/select><\/div><div id=\"evf-2214-field_Zw6SFwRfbn-10-container\" class=\"evf-field evf-field-text form-row\" data-field-id=\"Zw6SFwRfbn-10\"><label class=\"evf-field-label\" for=\"evf-2214-field_Zw6SFwRfbn-10\"><span class=\"evf-label\">Personen auf den Fotos<\/span> <\/label><input type=\"text\" id=\"evf-2214-field_Zw6SFwRfbn-10\" class=\"input-text\" name=\"everest_forms[form_fields][Zw6SFwRfbn-10]\" ><div class=\"evf-field-description\">Nenne wenn m\u00f6glich die Personen auf dem Foto, damit sie in der Bildunterschrift erw\u00e4hnt werden k\u00f6nnen.<\/div><\/div><\/div><\/div><div class=\"evf-frontend-row\" data-row=\"row_4\" conditional_rules=\"[]\"><div class=\"evf-frontend-grid evf-grid-1\" data-grid=\"grid_1\"><div id=\"evf-2214-field_JmbzsP2oUY-8-container\" class=\"evf-field evf-field-checkbox form-row validate-required\" data-required-field-message=\"This field is required.\" data-field-id=\"JmbzsP2oUY-8\"><label class=\"evf-field-label\" for=\"evf-2214-field_JmbzsP2oUY-8\"><span class=\"evf-label\">Einverst\u00e4ndnis zur Ver\u00f6ffentlichung<\/span> <abbr class=\"required\" title=\"Required\">*<\/abbr><\/label><ul id=\"evf-2214-field_JmbzsP2oUY-8\" class=\" evf-field-required\"><li class=\"choice-1 depth-1\"><input type=\"checkbox\" id=\"evf-2214-field_JmbzsP2oUY-8_1\" class=\"input-text\" name=\"everest_forms[form_fields][JmbzsP2oUY-8][]\" value=\"Ich bin mit der Ver\u00f6ffentlichung der durch mich gemachten Fotos auf der Homepage und den Social-Media Kan\u00e4len der IGS Zeven einverstanden.\" required ><label class=\"everest-forms-field-label-inline\" for=\"evf-2214-field_JmbzsP2oUY-8_1\">Ich bin mit der Ver\u00f6ffentlichung der durch mich gemachten Fotos auf der Homepage und den Social-Media Kan\u00e4len der IGS Zeven einverstanden.<\/label><\/li><\/ul><\/div><\/div><\/div><\/div><div class=\"evf-honeypot-container evf-field-hp\"><label for=\"evf-2214-field-hp\" class=\"evf-field-label\">Comment<\/label><input type=\"text\" name=\"everest_forms[hp]\" id=\"evf-2214-field-hp\" class=\"input-text\"><\/div><div class=\"evf-submit-container \" ><input type=\"hidden\" name=\"everest_forms[id]\" value=\"2214\"><input type=\"hidden\" name=\"everest_forms[author]\" value=\"1\"><button type='submit' name='everest_forms[submit]' class='everest-forms-submit-button button evf-submit ' id='evf-submit-2214' value='evf-submit' data-process-text=\"Fotos werden \u00fcbermittelt...\" conditional_rules='&quot;&quot;' conditional_id='evf-submit-2214'  id=\"evf-submit-2214\" aria-live=\"assertive\">Fotos \u00fcbermitteln.<\/button><\/div><\/form><\/div><!-- .evf-container --><\/div>\n","protected":false},"excerpt":{"rendered":"","protected":false},"author":1,"featured_media":0,"parent":0,"menu_order":0,"comment_status":"closed","ping_status":"closed","template":"","meta":{"pgc_sgb_lightbox_settings":"","footnotes":""},"class_list":["post-1758","page","type-page","status-publish","hentry"],"_links":{"self":[{"href":"https:\/\/www.igs-zeven.de\/wp\/index.php?rest_route=\/wp\/v2\/pages\/1758","targetHints":{"allow":["GET"]}}],"collection":[{"href":"https:\/\/www.igs-zeven.de\/wp\/index.php?rest_route=\/wp\/v2\/pages"}],"about":[{"href":"https:\/\/www.igs-zeven.de\/wp\/index.php?rest_route=\/wp\/v2\/types\/page"}],"author":[{"embeddable":true,"href":"https:\/\/www.igs-zeven.de\/wp\/index.php?rest_route=\/wp\/v2\/users\/1"}],"replies":[{"embeddable":true,"href":"https:\/\/www.igs-zeven.de\/wp\/index.php?rest_route=%2Fwp%2Fv2%2Fcomments&post=1758"}],"version-history":[{"count":8,"href":"https:\/\/www.igs-zeven.de\/wp\/index.php?rest_route=\/wp\/v2\/pages\/1758\/revisions"}],"predecessor-version":[{"id":2237,"href":"https:\/\/www.igs-zeven.de\/wp\/index.php?rest_route=\/wp\/v2\/pages\/1758\/revisions\/2237"}],"wp:attachment":[{"href":"https:\/\/www.igs-zeven.de\/wp\/index.php?rest_route=%2Fwp%2Fv2%2Fmedia&parent=1758"}],"curies":[{"name":"wp","href":"https:\/\/api.w.org\/{rel}","templated":true}]}}