{"id":1643,"date":"2025-02-28T10:26:24","date_gmt":"2025-02-28T09:26:24","guid":{"rendered":"https:\/\/www.igs-zeven.de\/wp\/?page_id=1643"},"modified":"2025-02-28T11:12:14","modified_gmt":"2025-02-28T10:12:14","slug":"archiv","status":"publish","type":"page","link":"https:\/\/www.igs-zeven.de\/wp\/?page_id=1643","title":{"rendered":"Archiv"},"content":{"rendered":"<ul class=\"wp-block-latest-posts__list has-dates wp-block-latest-posts\"><li><a class=\"wp-block-latest-posts__post-title\" href=\"https:\/\/www.igs-zeven.de\/wp\/?p=1684\">Lernentwicklungsgespr\u00e4che und Elternsprechtag im M\u00e4rz<\/a><time datetime=\"2025-03-04T15:41:31+01:00\" class=\"wp-block-latest-posts__post-date\">4. M\u00e4rz 2025<\/time><div class=\"wp-block-latest-posts__post-excerpt\">Am 12. und 13. M\u00e4rz finden die Lernentwicklungsgespr\u00e4che f\u00fcr die Jahrg\u00e4nge 5 &#8211; 8 statt. Sie k\u00f6nnen einen Gespr\u00e4chstermin bei &hellip; <\/div><\/li>\n<li><a class=\"wp-block-latest-posts__post-title\" href=\"https:\/\/www.igs-zeven.de\/wp\/?p=1602\">Tag der offenen T\u00fcr am 6. M\u00e4rz 2025<\/a><time datetime=\"2025-02-21T14:03:24+01:00\" class=\"wp-block-latest-posts__post-date\">21. Februar 2025<\/time><div class=\"wp-block-latest-posts__post-excerpt\">Wir laden alle Viertkl\u00e4ssler:innen und ihre Eltern und Erziehungsberechtigten zu unserem Tag der offenen T\u00fcr an der IGS Zeven ein. &hellip; <\/div><\/li>\n<li><a class=\"wp-block-latest-posts__post-title\" href=\"https:\/\/www.igs-zeven.de\/wp\/?p=1537\">Infoveranstaltung zum Oberstufenangebot der IGS Zeven<\/a><time datetime=\"2025-02-04T16:07:33+01:00\" class=\"wp-block-latest-posts__post-date\">4. Februar 2025<\/time><div class=\"wp-block-latest-posts__post-excerpt\">Am kommenden Donnerstag, den 6. Februar 2025 informieren die Lehrkr\u00e4fte \u00fcber das Oberstufenangebot der IGS Zeven. Es gibt Informationen zum &hellip; <\/div><\/li>\n<li><a class=\"wp-block-latest-posts__post-title\" href=\"https:\/\/www.igs-zeven.de\/wp\/?p=1535\">16. Januar 2025, 18:00 Uhr: Infoveranstaltung f\u00fcr den neuen f\u00fcnften Jahrgang<\/a><time datetime=\"2025-01-16T13:29:11+01:00\" class=\"wp-block-latest-posts__post-date\">16. Januar 2025<\/time><div class=\"wp-block-latest-posts__post-excerpt\">Das Team des gr\u00fcnen Jahrgangs informiert heute in einer Infoveranstaltung \u00fcber den neuen f\u00fcnften Jahrgang an unserer Schule. Die Veranstaltung &hellip; <\/div><\/li>\n<li><a class=\"wp-block-latest-posts__post-title\" href=\"https:\/\/www.igs-zeven.de\/wp\/?p=1695\">Lesefreude zur Weihnachtszeit<\/a><time datetime=\"2025-01-08T10:18:00+01:00\" class=\"wp-block-latest-posts__post-date\">8. Januar 2025<\/time><div class=\"wp-block-latest-posts__post-excerpt\">IGS Zeven k\u00fcrt beste Vorlesende Am Donnerstag, den 12.12.2024 fand in heimeliger Atmosph\u00e4re der Schulentscheid des Vorlesewettbewerbs statt. Zahlreiche Lehrer:innen, &hellip; <\/div><\/li>\n<li><a class=\"wp-block-latest-posts__post-title\" href=\"https:\/\/www.igs-zeven.de\/wp\/?p=1223\">Ablauf der Anmeldetage vom 6. \u2013 8. Mai 2024<\/a><time datetime=\"2024-05-03T11:13:21+02:00\" class=\"wp-block-latest-posts__post-date\">3. Mai 2024<\/time><div class=\"wp-block-latest-posts__post-excerpt\">Liebe (zuk\u00fcnftige) Schulgemeinschaft, die Anmeldetage f\u00fcr die kommenden 5. Klassen stehen bevor, und wir m\u00f6chten Sie \u00fcber den Ablauf und &hellip; <\/div><\/li>\n<li><a class=\"wp-block-latest-posts__post-title\" href=\"https:\/\/www.igs-zeven.de\/wp\/?p=61\">Informationsveranstaltung f\u00fcr den neuen 5. Jahrgang (Gelb) am 17.01.24<\/a><time datetime=\"2024-04-04T15:35:09+02:00\" class=\"wp-block-latest-posts__post-date\">4. April 2024<\/time><div class=\"wp-block-latest-posts__post-excerpt\">F\u00fcr interessierte Sch\u00fclerinnen und Sch\u00fcler sowie Erziehungsberechtigte findet am&nbsp;17.01.24 um 18.00 Uhr&nbsp;eine Informationsveranstaltung f\u00fcr den neuen 5. Jahrgang (Schuljahr 24-25) &hellip; <\/div><\/li>\n<li><a class=\"wp-block-latest-posts__post-title\" href=\"https:\/\/www.igs-zeven.de\/wp\/?p=63\">Jahrgang Magenta zu Gast in Polen<\/a><time datetime=\"2024-04-03T15:35:36+02:00\" class=\"wp-block-latest-posts__post-date\">3. April 2024<\/time><div class=\"wp-block-latest-posts__post-excerpt\">Vom 10. bis zum 17. September fand der Gegenbesuch der Sch\u00fclerinnen und Sch\u00fcler aus Magenta, begleitet von Frau Vichniakova und &hellip; <\/div><\/li>\n<\/ul>\n\n\n<p><\/p>\n","protected":false},"excerpt":{"rendered":"","protected":false},"author":1,"featured_media":0,"parent":0,"menu_order":0,"comment_status":"closed","ping_status":"closed","template":"","meta":{"pgc_sgb_lightbox_settings":"","footnotes":""},"class_list":["post-1643","page","type-page","status-publish","hentry"],"_links":{"self":[{"href":"https:\/\/www.igs-zeven.de\/wp\/index.php?rest_route=\/wp\/v2\/pages\/1643","targetHints":{"allow":["GET"]}}],"collection":[{"href":"https:\/\/www.igs-zeven.de\/wp\/index.php?rest_route=\/wp\/v2\/pages"}],"about":[{"href":"https:\/\/www.igs-zeven.de\/wp\/index.php?rest_route=\/wp\/v2\/types\/page"}],"author":[{"embeddable":true,"href":"https:\/\/www.igs-zeven.de\/wp\/index.php?rest_route=\/wp\/v2\/users\/1"}],"replies":[{"embeddable":true,"href":"https:\/\/www.igs-zeven.de\/wp\/index.php?rest_route=%2Fwp%2Fv2%2Fcomments&post=1643"}],"version-history":[{"count":5,"href":"https:\/\/www.igs-zeven.de\/wp\/index.php?rest_route=\/wp\/v2\/pages\/1643\/revisions"}],"predecessor-version":[{"id":1650,"href":"https:\/\/www.igs-zeven.de\/wp\/index.php?rest_route=\/wp\/v2\/pages\/1643\/revisions\/1650"}],"wp:attachment":[{"href":"https:\/\/www.igs-zeven.de\/wp\/index.php?rest_route=%2Fwp%2Fv2%2Fmedia&parent=1643"}],"curies":[{"name":"wp","href":"https:\/\/api.w.org\/{rel}","templated":true}]}}