{"id":1633,"date":"2025-02-26T11:31:01","date_gmt":"2025-02-26T10:31:01","guid":{"rendered":"https:\/\/www.igs-zeven.de\/wp\/?page_id=1633"},"modified":"2025-02-27T13:00:15","modified_gmt":"2025-02-27T12:00:15","slug":"schulbuchausleihe","status":"publish","type":"page","link":"https:\/\/www.igs-zeven.de\/wp\/?page_id=1633","title":{"rendered":"Schulbuchausleihe an der IGS Zeven &#8211;  So funktioniert es!"},"content":{"rendered":"\n<h3 class=\"wp-block-heading\"><\/h3>\n\n\n\n<p>Damit alle Sch\u00fclerinnen und Sch\u00fcler gut ausgestattet ins neue Schuljahr starten, bietet die IGS Zeven die M\u00f6glichkeit, Schulb\u00fccher kosteng\u00fcnstig auszuleihen. Die Teilnahme an der Schulbuchausleihe ist freiwillig, kann aber eine deutliche finanzielle Entlastung f\u00fcr Familien bedeuten.<\/p>\n\n\n\n<h3 class=\"wp-block-heading\"><strong>Wie l\u00e4uft die Schulbuchausleihe ab?<\/strong><\/h3>\n\n\n\n<p>\u2705&nbsp;<strong>Anmeldung:<\/strong>&nbsp;Die Schulbuchausleihe wird \u00fcber unsere schulinterne Plattform&nbsp;<strong>IServ<\/strong>&nbsp;organisiert. Die Anmeldung ist f\u00fcr den neuen&nbsp;<strong>5. Jahrgang<\/strong>&nbsp;direkt am Anmeldetag m\u00f6glich, f\u00fcr alle anderen Jahrg\u00e4nge im Zeitraum&nbsp;<strong>Mai bis Juni<\/strong>.&nbsp;<strong>Nachtr\u00e4gliche Anmeldungen sind nicht m\u00f6glich!<\/strong><\/p>\n\n\n\n<p>\u2705&nbsp;<strong>Kosten &amp; Bezahlung:<\/strong>&nbsp;Der Teilnahmebetrag muss rechtzeitig auf dem Schulkonto eingehen. Erst mit dem Zahlungseingang ist die Anmeldung verbindlich.<\/p>\n\n\n\n<p>\u2705&nbsp;<strong>Erm\u00e4\u00dfigung:<\/strong>&nbsp;Falls Sie eine&nbsp;<strong>Erm\u00e4\u00dfigung oder Befreiung<\/strong>&nbsp;beantragen k\u00f6nnen, reichen Sie bitte die erforderlichen Nachweise im Sekretariat ein.<\/p>\n\n\n\n<p>\u2705&nbsp;<strong>B\u00fccherausgabe &amp; -r\u00fcckgabe:<\/strong>&nbsp;Die Schulb\u00fccher werden zu Beginn des Schuljahres ausgegeben und m\u00fcssen am Schuljahresende in gutem Zustand zur\u00fcckgegeben werden. Sch\u00e4den oder Verluste m\u00fcssen sofort gemeldet werden.&nbsp;<strong>Die Ausgabetermine werden \u00fcber IServ bekannt gegeben.<\/strong><\/p>\n\n\n\n<p>\u2705&nbsp;<strong>Sorgf\u00e4ltiger Umgang:<\/strong>&nbsp;Da die B\u00fccher mehrfach verwendet werden, bitten wir alle Teilnehmerinnen und Teilnehmer um einen pfleglichen Umgang.&nbsp;<strong>Bitte keine Namen ins Buch schreiben!<\/strong>&nbsp;Stattdessen sollte eine&nbsp;<strong>Schutzh\u00fclle mit Beschriftung<\/strong>&nbsp;verwendet werden.<\/p>\n\n\n\n<h3 class=\"wp-block-heading\"><strong>Was tun bei \u00c4nderungen oder Verlusten?<\/strong><\/h3>\n\n\n\n<p>Falls B\u00fccher besch\u00e4digt oder verloren gehen oder durch einen Kurswechsel getauscht werden m\u00fcssen, meldet euch bitte in der&nbsp;<strong>Sprechstunde mittwochs in der 3. Stunde in der Bibliothek<\/strong>.<\/p>\n\n\n\n<p>\ud83d\udccc&nbsp;<strong>Zu- und Abg\u00e4nge<\/strong>&nbsp;Sch\u00fclerinnen und Sch\u00fclern geben hier ihre B\u00fccher ab oder erhalten neue. Ist der Platz gerade nicht besetzt, wendet euch bitte an das&nbsp;<strong>Sekretariat<\/strong>.<\/p>\n\n\n\n<h3 class=\"wp-block-heading\"><strong>Wichtige Links &amp; Kontakt<\/strong><\/h3>\n\n\n\n<p>Alle wichtigen Informationen und B\u00fccherlisten sind auf unserer Homepage sowie in IServ zu finden.<\/p>\n\n\n\n<p><a href=\"https:\/\/ausleihe.igszeven.de\/#\/enrollments\/new\">\ud83d\udc49\u00a0<strong>Zur Anmeldung<\/strong><\/a><\/p>\n\n\n\n<p>Bei Fragen stehen wir Ihnen gerne zur Verf\u00fcgung!<\/p>\n\n\n\n<p>\ud83d\udce7\u00a0<strong>E-Mail:<\/strong>\u00a0<a href=\"mailto:schulbuchausleihe@igszeven.de\">schulbuchausleihe@igszeven.de<\/a><\/p>\n\n\n\n<p><\/p>\n","protected":false},"excerpt":{"rendered":"<p>Damit alle Sch\u00fclerinnen und Sch\u00fcler gut ausgestattet ins neue Schuljahr starten, bietet die IGS Zeven die M\u00f6glichkeit, Schulb\u00fccher kosteng\u00fcnstig auszuleihen. &hellip; <\/p>\n","protected":false},"author":1,"featured_media":0,"parent":0,"menu_order":0,"comment_status":"closed","ping_status":"closed","template":"","meta":{"pgc_sgb_lightbox_settings":"","footnotes":""},"class_list":["post-1633","page","type-page","status-publish","hentry"],"_links":{"self":[{"href":"https:\/\/www.igs-zeven.de\/wp\/index.php?rest_route=\/wp\/v2\/pages\/1633","targetHints":{"allow":["GET"]}}],"collection":[{"href":"https:\/\/www.igs-zeven.de\/wp\/index.php?rest_route=\/wp\/v2\/pages"}],"about":[{"href":"https:\/\/www.igs-zeven.de\/wp\/index.php?rest_route=\/wp\/v2\/types\/page"}],"author":[{"embeddable":true,"href":"https:\/\/www.igs-zeven.de\/wp\/index.php?rest_route=\/wp\/v2\/users\/1"}],"replies":[{"embeddable":true,"href":"https:\/\/www.igs-zeven.de\/wp\/index.php?rest_route=%2Fwp%2Fv2%2Fcomments&post=1633"}],"version-history":[{"count":4,"href":"https:\/\/www.igs-zeven.de\/wp\/index.php?rest_route=\/wp\/v2\/pages\/1633\/revisions"}],"predecessor-version":[{"id":1640,"href":"https:\/\/www.igs-zeven.de\/wp\/index.php?rest_route=\/wp\/v2\/pages\/1633\/revisions\/1640"}],"wp:attachment":[{"href":"https:\/\/www.igs-zeven.de\/wp\/index.php?rest_route=%2Fwp%2Fv2%2Fmedia&parent=1633"}],"curies":[{"name":"wp","href":"https:\/\/api.w.org\/{rel}","templated":true}]}}