{"id":1625,"date":"2025-02-25T12:56:31","date_gmt":"2025-02-25T11:56:31","guid":{"rendered":"https:\/\/www.igs-zeven.de\/wp\/?page_id=1625"},"modified":"2025-02-25T12:58:40","modified_gmt":"2025-02-25T11:58:40","slug":"kostenfreies-schulmittagessen","status":"publish","type":"page","link":"https:\/\/www.igs-zeven.de\/wp\/?page_id=1625","title":{"rendered":"Kostenfreies Schulmittagessen"},"content":{"rendered":"\n<p>Unter bestimmten Umst\u00e4nden hat ihr Kind Anspruch auf ein kostenfreies Schulmittagessen.<\/p>\n\n\n\n<p>Die Informationen k\u00f6nnen Sie dem Flyer der Deutschen Gesellschaft f\u00fcr Ern\u00e4hrung e.V. (DGE) entnehmen. Neben Deutsch erhalten Sie die Informationen auch auf Englisch, Russisch, T\u00fcrkisch, Ukrainisch, Farsi und Arabisch.<\/p>\n\n\n\n<div data-wp-interactive=\"core\/file\" class=\"wp-block-file\"><object data-wp-bind--hidden=\"!state.hasPdfPreview\" hidden class=\"wp-block-file__embed\" data=\"https:\/\/www.igs-zeven.de\/wp\/wordpress\/wp-content\/uploads\/2025\/02\/Flyer_Schulmittagessen_BuT-So-ist-Ihre-Familie-dabei_NI.pdf\" type=\"application\/pdf\" style=\"width:100%;height:600px\" aria-label=\"Einbettung von Flyer_Schulmittagessen_BuT-So-ist-Ihre-Familie-dabei_NI.\"><\/object><a id=\"wp-block-file--media-4762bc91-753d-42cb-b5d7-d34694441aba\" href=\"https:\/\/www.igs-zeven.de\/wp\/wordpress\/wp-content\/uploads\/2025\/02\/Flyer_Schulmittagessen_BuT-So-ist-Ihre-Familie-dabei_NI.pdf\">Flyer_Schulmittagessen_BuT-So-ist-Ihre-Familie-dabei_NI<\/a><\/div>\n","protected":false},"excerpt":{"rendered":"<p>Unter bestimmten Umst\u00e4nden hat ihr Kind Anspruch auf ein kostenfreies Schulmittagessen. Die Informationen k\u00f6nnen Sie dem Flyer der Deutschen Gesellschaft &hellip; <\/p>\n","protected":false},"author":1,"featured_media":0,"parent":0,"menu_order":0,"comment_status":"closed","ping_status":"closed","template":"","meta":{"pgc_sgb_lightbox_settings":"","footnotes":""},"class_list":["post-1625","page","type-page","status-publish","hentry"],"_links":{"self":[{"href":"https:\/\/www.igs-zeven.de\/wp\/index.php?rest_route=\/wp\/v2\/pages\/1625","targetHints":{"allow":["GET"]}}],"collection":[{"href":"https:\/\/www.igs-zeven.de\/wp\/index.php?rest_route=\/wp\/v2\/pages"}],"about":[{"href":"https:\/\/www.igs-zeven.de\/wp\/index.php?rest_route=\/wp\/v2\/types\/page"}],"author":[{"embeddable":true,"href":"https:\/\/www.igs-zeven.de\/wp\/index.php?rest_route=\/wp\/v2\/users\/1"}],"replies":[{"embeddable":true,"href":"https:\/\/www.igs-zeven.de\/wp\/index.php?rest_route=%2Fwp%2Fv2%2Fcomments&post=1625"}],"version-history":[{"count":2,"href":"https:\/\/www.igs-zeven.de\/wp\/index.php?rest_route=\/wp\/v2\/pages\/1625\/revisions"}],"predecessor-version":[{"id":1628,"href":"https:\/\/www.igs-zeven.de\/wp\/index.php?rest_route=\/wp\/v2\/pages\/1625\/revisions\/1628"}],"wp:attachment":[{"href":"https:\/\/www.igs-zeven.de\/wp\/index.php?rest_route=%2Fwp%2Fv2%2Fmedia&parent=1625"}],"curies":[{"name":"wp","href":"https:\/\/api.w.org\/{rel}","templated":true}]}}