{"id":1540,"date":"2025-02-06T09:10:50","date_gmt":"2025-02-06T08:10:50","guid":{"rendered":"https:\/\/www.igs-zeven.de\/wp\/?page_id=1540"},"modified":"2025-08-06T17:41:32","modified_gmt":"2025-08-06T15:41:32","slug":"jahrgang-5-neu-gruen","status":"publish","type":"page","link":"https:\/\/www.igs-zeven.de\/wp\/?page_id=1540","title":{"rendered":"Jahrgang 5 (gr\u00fcn)"},"content":{"rendered":"\n<p><\/p>\n\n\n\n<p><strong>Einschulung<\/strong><\/p>\n\n\n\n<p>Die Einschulung des neuen f\u00fcnften Jahrgangs findet am 15. August 2025 im Forum der IGS Zeven statt.<\/p>\n\n\n\n<p>Beginn der Veranstaltung ist um 9:00 Uhr.<\/p>\n\n\n\n<p><strong>Tag der offenen T\u00fcr<\/strong><\/p>\n\n\n\n<p>Am 6. M\u00e4rz 2025 fand von 16 &#8211; 18:30 Uhr ein <a href=\"https:\/\/www.igs-zeven.de\/wp\/?p=1697\" data-type=\"post\" data-id=\"1697\">Tag der offenen T\u00fcr<\/a><a href=\"https:\/\/www.igs-zeven.de\/wp\/?p=1602\" data-type=\"link\" data-id=\"https:\/\/www.igs-zeven.de\/wp\/?p=1602\"> <\/a>statt.<\/p>\n\n\n\n<p><strong>Anmeldung<\/strong><\/p>\n\n\n\n<p>Die Anmeldung f\u00fcr die neuen f\u00fcnften Klassen fand in diesem Jahr an folgenden Terminen statt:<\/p>\n\n\n\n<p>13. Mai 2025 (14 \u2013 18 Uhr)<\/p>\n\n\n\n<p>14. Mai 2025 (8 \u2013 15 Uhr)<\/p>\n\n\n\n<p>Die Anmeldegespr\u00e4che wurden durch das Team Gr\u00fcn und die Didaktische Leiterin im Verwaltungstrakt durchgef\u00fchrt.<br>Auszuf\u00fcllende Anmeldeformulare k\u00f6nnen Sie hier herunterladen (<a href=\"https:\/\/www.igs-zeven.de\/wp\/wordpress\/wp-content\/uploads\/2024\/04\/Anmeldung-alle-Klassen-ausfuellbar.pdf\">Anmeldung an der IGS Zeven (Sek. I)<\/a>), oder Sie bekommen diese in Papierform in unserem Sekretariat oder im Sekretariat der Grundschule Ihres Kindes.<\/p>\n\n\n\n<p><strong>Schulbuchausleihe<\/strong><\/p>\n\n\n\n<p>Informationen zur Schulbuchausleihe und die Schulbuch- und Materialliste k\u00f6nnen Sie hier herunterladen<\/p>\n\n\n\n<ul class=\"wp-block-list\">\n<li><a href=\"https:\/\/www.igs-zeven.de\/wp\/wordpress\/wp-content\/uploads\/2025\/02\/Elterninfo-Ausleihe-JG-5.pdf\">Infos Schulbuchausleihe Jahrgang 5 (gr\u00fcn)<\/a><\/li>\n\n\n\n<li><a href=\"https:\/\/www.igs-zeven.de\/wp\/wordpress\/wp-content\/uploads\/2025\/02\/Schulbuchliste-5.pdf\">Schulbuchliste Jahrgang 5 (gr\u00fcn)<\/a><\/li>\n<\/ul>\n\n\n\n<p><\/p>\n","protected":false},"excerpt":{"rendered":"<p>Einschulung Die Einschulung des neuen f\u00fcnften Jahrgangs findet am 15. August 2025 im Forum der IGS Zeven statt. Beginn der &hellip; <\/p>\n","protected":false},"author":1,"featured_media":0,"parent":0,"menu_order":0,"comment_status":"closed","ping_status":"closed","template":"","meta":{"pgc_sgb_lightbox_settings":"","footnotes":""},"class_list":["post-1540","page","type-page","status-publish","hentry"],"_links":{"self":[{"href":"https:\/\/www.igs-zeven.de\/wp\/index.php?rest_route=\/wp\/v2\/pages\/1540","targetHints":{"allow":["GET"]}}],"collection":[{"href":"https:\/\/www.igs-zeven.de\/wp\/index.php?rest_route=\/wp\/v2\/pages"}],"about":[{"href":"https:\/\/www.igs-zeven.de\/wp\/index.php?rest_route=\/wp\/v2\/types\/page"}],"author":[{"embeddable":true,"href":"https:\/\/www.igs-zeven.de\/wp\/index.php?rest_route=\/wp\/v2\/users\/1"}],"replies":[{"embeddable":true,"href":"https:\/\/www.igs-zeven.de\/wp\/index.php?rest_route=%2Fwp%2Fv2%2Fcomments&post=1540"}],"version-history":[{"count":15,"href":"https:\/\/www.igs-zeven.de\/wp\/index.php?rest_route=\/wp\/v2\/pages\/1540\/revisions"}],"predecessor-version":[{"id":2262,"href":"https:\/\/www.igs-zeven.de\/wp\/index.php?rest_route=\/wp\/v2\/pages\/1540\/revisions\/2262"}],"wp:attachment":[{"href":"https:\/\/www.igs-zeven.de\/wp\/index.php?rest_route=%2Fwp%2Fv2%2Fmedia&parent=1540"}],"curies":[{"name":"wp","href":"https:\/\/api.w.org\/{rel}","templated":true}]}}