{"id":121,"date":"2024-04-05T18:03:19","date_gmt":"2024-04-05T16:03:19","guid":{"rendered":"https:\/\/www.igs-zeven.de\/wp\/wordpress\/?page_id=121"},"modified":"2025-03-31T23:51:46","modified_gmt":"2025-03-31T21:51:46","slug":"kollegium","status":"publish","type":"page","link":"https:\/\/www.igs-zeven.de\/wp\/?page_id=121","title":{"rendered":"Kollegium"},"content":{"rendered":"<div class=\"wp-block-image\">\n<figure class=\"aligncenter size-full\"><img loading=\"lazy\" decoding=\"async\" width=\"2560\" height=\"1700\" src=\"https:\/\/www.igs-zeven.de\/wp\/wordpress\/wp-content\/uploads\/2024\/04\/kollegium_blurr-scaled.jpg\" alt=\"\" class=\"wp-image-579\" srcset=\"https:\/\/www.igs-zeven.de\/wp\/wordpress\/wp-content\/uploads\/2024\/04\/kollegium_blurr-scaled.jpg 2560w, https:\/\/www.igs-zeven.de\/wp\/wordpress\/wp-content\/uploads\/2024\/04\/kollegium_blurr-300x199.jpg 300w, https:\/\/www.igs-zeven.de\/wp\/wordpress\/wp-content\/uploads\/2024\/04\/kollegium_blurr-1024x680.jpg 1024w, https:\/\/www.igs-zeven.de\/wp\/wordpress\/wp-content\/uploads\/2024\/04\/kollegium_blurr-768x510.jpg 768w, https:\/\/www.igs-zeven.de\/wp\/wordpress\/wp-content\/uploads\/2024\/04\/kollegium_blurr-1536x1020.jpg 1536w, https:\/\/www.igs-zeven.de\/wp\/wordpress\/wp-content\/uploads\/2024\/04\/kollegium_blurr-2048x1360.jpg 2048w, https:\/\/www.igs-zeven.de\/wp\/wordpress\/wp-content\/uploads\/2024\/04\/kollegium_blurr-700x465.jpg 700w\" sizes=\"auto, (max-width: 2560px) 100vw, 2560px\" \/><\/figure>\n<\/div>\n\n\n<p>Das Kollegium an unserer IGS umfasst derzeit rund 60 Lehrkr\u00e4fte. Mit den verschiedenen Interessen, Erfahrungen und M\u00f6glichkeiten, wird an unserer Schule ein breites Spektrum an F\u00e4chern und Ganztagskursen abgedeckt.<\/p>\n\n\n\n<p><\/p>\n","protected":false},"excerpt":{"rendered":"<p>Das Kollegium an unserer IGS umfasst derzeit rund 60 Lehrkr\u00e4fte. Mit den verschiedenen Interessen, Erfahrungen und M\u00f6glichkeiten, wird an unserer &hellip; <\/p>\n","protected":false},"author":1,"featured_media":0,"parent":0,"menu_order":0,"comment_status":"closed","ping_status":"closed","template":"","meta":{"pgc_sgb_lightbox_settings":"","footnotes":""},"class_list":["post-121","page","type-page","status-publish","hentry"],"_links":{"self":[{"href":"https:\/\/www.igs-zeven.de\/wp\/index.php?rest_route=\/wp\/v2\/pages\/121","targetHints":{"allow":["GET"]}}],"collection":[{"href":"https:\/\/www.igs-zeven.de\/wp\/index.php?rest_route=\/wp\/v2\/pages"}],"about":[{"href":"https:\/\/www.igs-zeven.de\/wp\/index.php?rest_route=\/wp\/v2\/types\/page"}],"author":[{"embeddable":true,"href":"https:\/\/www.igs-zeven.de\/wp\/index.php?rest_route=\/wp\/v2\/users\/1"}],"replies":[{"embeddable":true,"href":"https:\/\/www.igs-zeven.de\/wp\/index.php?rest_route=%2Fwp%2Fv2%2Fcomments&post=121"}],"version-history":[{"count":8,"href":"https:\/\/www.igs-zeven.de\/wp\/index.php?rest_route=\/wp\/v2\/pages\/121\/revisions"}],"predecessor-version":[{"id":2111,"href":"https:\/\/www.igs-zeven.de\/wp\/index.php?rest_route=\/wp\/v2\/pages\/121\/revisions\/2111"}],"wp:attachment":[{"href":"https:\/\/www.igs-zeven.de\/wp\/index.php?rest_route=%2Fwp%2Fv2%2Fmedia&parent=121"}],"curies":[{"name":"wp","href":"https:\/\/api.w.org\/{rel}","templated":true}]}}